{"id":109949,"date":"2024-02-08T06:53:13","date_gmt":"2024-02-08T04:53:13","guid":{"rendered":"https:\/\/exlibris.ee\/toode\/unsere-haustiere-kinderbuch-deutsch-russisch\/"},"modified":"2026-04-11T01:28:45","modified_gmt":"2026-04-10T22:28:45","slug":"unsere-haustiere-kinderbuch-deutsch-russisch","status":"publish","type":"product","link":"https:\/\/exlibris.ee\/ru\/produkt\/unsere-haustiere-kinderbuch-deutsch-russisch\/","title":{"rendered":"Unsere Haustiere \/ Kinderbuch Deutsch-Russisch"},"content":{"rendered":"<p>F\u00fcr Kinder ab 3 Jahren. Noah liebt Tiere, egal, ob Hund, Katze oder Papagei! Und da seine Mutter Tier\u00e4rztin ist, wei\u00df er, wie man sich um Haustiere k\u00fcmmert.. F\u00fcr weitere Sprachen erh\u00e4ltlich. Durchgehend farbig illustriert, mit Wort-Bild-Leiste auf jeder Seite.<\/p>\n","protected":false},"excerpt":{"rendered":"<p>F\u00fcr Kinder ab 3 Jahren. Noah liebt Tiere, egal, ob Hund, Katze oder Papagei! Und da seine Mutter Tier\u00e4rztin ist, wei\u00df er, wie man sich um Haustiere k\u00fcmmert.. F\u00fcr weitere Sprachen erh\u00e4ltlich. Durchgehend farbig illustriert, mit Wort-Bild-Leiste auf jeder Seite.<\/p>\n","protected":false},"featured_media":186611,"template":"","meta":{"_acf_changed":false,"inline_featured_image":false},"product_brand":[],"product_cat":[851],"product_tag":[],"series":[],"publisher":[{"id":1305,"name":"Edition bi:libri","slug":"edition-bilibri"}],"class_list":{"0":"post-109949","1":"product","2":"type-product","3":"status-publish","4":"has-post-thumbnail","6":"product_cat-lesetexte-deutsch","7":"publisher-edition-bilibri","9":"first","10":"onbackorder","11":"taxable","12":"shipping-taxable","13":"purchasable","14":"product-type-simple"},"acf":[],"_links":{"self":[{"href":"https:\/\/exlibris.ee\/ru\/wp-json\/wp\/v2\/product\/109949","targetHints":{"allow":["GET"]}}],"collection":[{"href":"https:\/\/exlibris.ee\/ru\/wp-json\/wp\/v2\/product"}],"about":[{"href":"https:\/\/exlibris.ee\/ru\/wp-json\/wp\/v2\/types\/product"}],"wp:featuredmedia":[{"embeddable":true,"href":"https:\/\/exlibris.ee\/ru\/wp-json\/wp\/v2\/media\/186611"}],"wp:attachment":[{"href":"https:\/\/exlibris.ee\/ru\/wp-json\/wp\/v2\/media?parent=109949"}],"wp:term":[{"taxonomy":"product_brand","embeddable":true,"href":"https:\/\/exlibris.ee\/ru\/wp-json\/wp\/v2\/product_brand?post=109949"},{"taxonomy":"product_cat","embeddable":true,"href":"https:\/\/exlibris.ee\/ru\/wp-json\/wp\/v2\/product_cat?post=109949"},{"taxonomy":"product_tag","embeddable":true,"href":"https:\/\/exlibris.ee\/ru\/wp-json\/wp\/v2\/product_tag?post=109949"},{"taxonomy":"series","embeddable":true,"href":"https:\/\/exlibris.ee\/ru\/wp-json\/wp\/v2\/series?post=109949"},{"taxonomy":"publisher","embeddable":true,"href":"https:\/\/exlibris.ee\/ru\/wp-json\/wp\/v2\/publisher?post=109949"}],"curies":[{"name":"wp","href":"https:\/\/api.w.org\/{rel}","templated":true}]}}