{"id":109952,"date":"2024-02-08T06:53:14","date_gmt":"2024-02-08T04:53:14","guid":{"rendered":"https:\/\/exlibris.ee\/toode\/hor-zu-bakabu-album-2-kinderlieder-zur-sprachlichen-fruhforderung-kinderbuch-mit-audio-cd\/"},"modified":"2026-04-17T17:37:13","modified_gmt":"2026-04-17T14:37:13","slug":"hor-zu-bakabu-album-2-kinderlieder-zur-sprachlichen-fruhforderung-kinderbuch-mit-audio-cd","status":"publish","type":"product","link":"https:\/\/exlibris.ee\/ru\/produkt\/hor-zu-bakabu-album-2-kinderlieder-zur-sprachlichen-fruhforderung-kinderbuch-mit-audio-cd\/","title":{"rendered":"H\u00f6r zu, Bakabu &#8212; Album 2 \/ Kinderlieder zur sprachlichen Fr\u00fchf\u00f6rderung \/ Kinderbuch mit Audio-CD"},"content":{"rendered":"<p>Bakabu ist ein Ohrwurm. Er kommt aus dem weit entfernten Singeland auf die Erde, weil er st\u00e4ndig auf der Suche nach neuer Musik ist. Seine Geschichte dient als Rahmenhandlung rund um die Lieder.. In \u201eH\u00f6r zu, Bakabu \u2013 Album 2\u201c bereist Bakabu die Erde zum zweiten Mal \u2013 zum einen, um neue Lieder mit ins Singeland zu bringen, zum anderen, um Wasser f\u00fcr seinen Glockenblumensamen zu besorgen. Das wird allerdings zu einem gr\u00f6\u00dferen Problem als urspr\u00fcnglich gedacht. Doch Bakabu findet jemanden, der ihm hilft und der auch in der schwierigsten Situation einen k\u00fchlen Kopf bewahrt \u2026. \u201eH\u00f6r zu, Bakabu\u201c ist eine Reihe von Musik-Alben mit neu komponierten Kinderliedern, deren Texte in Zusammenarbeit mit Expert:innen aus Sprachwissenschaft und P\u00e4dagogik entstanden sind. Kinder erlernen dadurch spielerisch, nebenbei und mit Spa\u00df die deutsche Sprache. Zielgruppe sind alle Kinder von 2 bis 10 Jahren \u2013 ungeachtet ihrer Herkunft und Muttersprache. Die Lieder behandeln Themen aus dem Alltag der Kinder und liefern dadurch sprachliches Handwerkszeug, indem sie beim Mitsingen themenspezifischen Wortschatz, korrekten Satzbau sowie grammatikalische Strukturen lernen. Jedes Lied beinhaltet eine spezielle, wissenschaftlich fundierte Sprach\u00fcbung. Sprachf\u00f6rder-Aspekt und Sprach-Fokus werden jeweils definiert, beschrieben und ausgewiesen.. Neben einem Buch, in dem u. a. alle Lieder inkl. Noten und Umsetzungsvorschl\u00e4gen zu jedem Lied abgebildet sind, enthalten die Alben jeweils 2 Audio-CDs mit allen Liedern in Voll- und Playbackversion.. Die Musik-Alben eignen sich ideal f\u00fcr den Einsatz in Kindereinrichtungen.<\/p>\n","protected":false},"excerpt":{"rendered":"<p>Bakabu ist ein Ohrwurm. Er kommt aus dem weit entfernten Singeland auf die Erde, weil er st\u00e4ndig auf der Suche nach neuer Musik ist. Seine Geschichte dient als Rahmenhandlung rund um die Lieder.. In \u201eH\u00f6r zu, Bakabu \u2013 Album 2\u201c&#8230;<\/p>\n","protected":false},"featured_media":321936,"template":"","meta":{"_acf_changed":false,"inline_featured_image":false},"product_brand":[],"product_cat":[851],"product_tag":[],"series":[{"id":2132,"name":"Bakabu","slug":"bakabu"}],"publisher":[{"id":1351,"name":"Vermes-Verlag","slug":"vermes-verlag"}],"class_list":{"0":"post-109952","1":"product","2":"type-product","3":"status-publish","4":"has-post-thumbnail","6":"product_cat-lesetexte-deutsch","7":"series-bakabu","8":"publisher-vermes-verlag","10":"first","11":"onbackorder","12":"taxable","13":"shipping-taxable","14":"purchasable","15":"product-type-simple"},"acf":[],"_links":{"self":[{"href":"https:\/\/exlibris.ee\/ru\/wp-json\/wp\/v2\/product\/109952","targetHints":{"allow":["GET"]}}],"collection":[{"href":"https:\/\/exlibris.ee\/ru\/wp-json\/wp\/v2\/product"}],"about":[{"href":"https:\/\/exlibris.ee\/ru\/wp-json\/wp\/v2\/types\/product"}],"wp:featuredmedia":[{"embeddable":true,"href":"https:\/\/exlibris.ee\/ru\/wp-json\/wp\/v2\/media\/321936"}],"wp:attachment":[{"href":"https:\/\/exlibris.ee\/ru\/wp-json\/wp\/v2\/media?parent=109952"}],"wp:term":[{"taxonomy":"product_brand","embeddable":true,"href":"https:\/\/exlibris.ee\/ru\/wp-json\/wp\/v2\/product_brand?post=109952"},{"taxonomy":"product_cat","embeddable":true,"href":"https:\/\/exlibris.ee\/ru\/wp-json\/wp\/v2\/product_cat?post=109952"},{"taxonomy":"product_tag","embeddable":true,"href":"https:\/\/exlibris.ee\/ru\/wp-json\/wp\/v2\/product_tag?post=109952"},{"taxonomy":"series","embeddable":true,"href":"https:\/\/exlibris.ee\/ru\/wp-json\/wp\/v2\/series?post=109952"},{"taxonomy":"publisher","embeddable":true,"href":"https:\/\/exlibris.ee\/ru\/wp-json\/wp\/v2\/publisher?post=109952"}],"curies":[{"name":"wp","href":"https:\/\/api.w.org\/{rel}","templated":true}]}}