{"id":109956,"date":"2024-02-08T06:53:15","date_gmt":"2024-02-08T04:53:15","guid":{"rendered":"https:\/\/exlibris.ee\/toode\/das-allerwichtigste-kinderbuch-deutsch-ukrainisch-mit-mp3-horbuch-zum-herunterladen-und-ausklappseiten\/"},"modified":"2026-04-25T19:26:29","modified_gmt":"2026-04-25T16:26:29","slug":"das-allerwichtigste-kinderbuch-deutsch-ukrainisch-mit-mp3-horbuch-zum-herunterladen-und-ausklappseiten","status":"publish","type":"product","link":"https:\/\/exlibris.ee\/ru\/produkt\/das-allerwichtigste-kinderbuch-deutsch-ukrainisch-mit-mp3-horbuch-zum-herunterladen-und-ausklappseiten\/","title":{"rendered":"Das Allerwichtigste \/ Kinderbuch Deutsch-Ukrainisch mit MP3-H\u00f6rbuch zum Herunterladen und Ausklappseiten"},"content":{"rendered":"<p>Zweisprachiges Kinderbuch Deutsch-Ukrainisch. Zielgruppe: Kinder ab 3 Jahren. Eines Tages unterhalten sich die Tiere im Rotwiesenwald und fragen sich, was wohl das Wichtigste sei. Der Hase legt Wert auf lange Ohren, der Igel erl\u00e4utert die Vorz\u00fcge der Stacheln, die Giraffe setzt auf den langen Hals, der Elefant auf seinen langen R\u00fcssel und so weiter. Doch wie s\u00e4hen die Tiere aus, wenn jeder Einzelne alle Eigenschaften in sich vereinigte? Die kluge Eule \u00fcberzeugt ihre tierischen Gesellen, dass jeder individuelle St\u00e4rken hat und nicht alle gleich sein k\u00f6nnen.. Das Allerwichtigste erz\u00e4hlt eine wunderbare moderne Fabel \u00fcber die Einzigartigkeit jedes Einzelnen. Auf jeder Seite der zweisprachigen Geschichte stellt ein Tier seine Besonderheit vor, die es als wichtigste Eigenschaft ansieht. Die n\u00e4chste Seite \u2013 eine Aufklappseite \u2013 zeigt dann die Waldbewohner mit der zuvor benannten wichtigsten Eigenschaft (u. a. Frosch und Fuchs mit Stacheln oder L\u00f6we und Giraffe mit R\u00fcssel). Die liebevollen und zum Teil aberwitzigen Illustrationen sorgen bei den Kleinen garantiert f\u00fcr allerlei Gel\u00e4chter.. Anhang mit Tier-Piktogrammen und Tiernamen in beide Sprachen, MP3-H\u00f6rbuch zum kostenfreien Download. F\u00fcr weitere Sprachen erh\u00e4ltlich<\/p>\n","protected":false},"excerpt":{"rendered":"<p>Zweisprachiges Kinderbuch Deutsch-Ukrainisch. Zielgruppe: Kinder ab 3 Jahren. Eines Tages unterhalten sich die Tiere im Rotwiesenwald und fragen sich, was wohl das Wichtigste sei. Der Hase legt Wert auf lange Ohren, der Igel erl\u00e4utert die Vorz\u00fcge der Stacheln, die Giraffe&#8230;<\/p>\n","protected":false},"featured_media":474537,"template":"","meta":{"_acf_changed":false,"inline_featured_image":false},"product_brand":[],"product_cat":[851],"product_tag":[],"series":[],"publisher":[{"id":1305,"name":"Edition bi:libri","slug":"edition-bilibri"}],"class_list":{"0":"post-109956","1":"product","2":"type-product","3":"status-publish","4":"has-post-thumbnail","6":"product_cat-lesetexte-deutsch","7":"publisher-edition-bilibri","9":"first","10":"onbackorder","11":"taxable","12":"shipping-taxable","13":"purchasable","14":"product-type-simple"},"acf":[],"_links":{"self":[{"href":"https:\/\/exlibris.ee\/ru\/wp-json\/wp\/v2\/product\/109956","targetHints":{"allow":["GET"]}}],"collection":[{"href":"https:\/\/exlibris.ee\/ru\/wp-json\/wp\/v2\/product"}],"about":[{"href":"https:\/\/exlibris.ee\/ru\/wp-json\/wp\/v2\/types\/product"}],"wp:featuredmedia":[{"embeddable":true,"href":"https:\/\/exlibris.ee\/ru\/wp-json\/wp\/v2\/media\/474537"}],"wp:attachment":[{"href":"https:\/\/exlibris.ee\/ru\/wp-json\/wp\/v2\/media?parent=109956"}],"wp:term":[{"taxonomy":"product_brand","embeddable":true,"href":"https:\/\/exlibris.ee\/ru\/wp-json\/wp\/v2\/product_brand?post=109956"},{"taxonomy":"product_cat","embeddable":true,"href":"https:\/\/exlibris.ee\/ru\/wp-json\/wp\/v2\/product_cat?post=109956"},{"taxonomy":"product_tag","embeddable":true,"href":"https:\/\/exlibris.ee\/ru\/wp-json\/wp\/v2\/product_tag?post=109956"},{"taxonomy":"series","embeddable":true,"href":"https:\/\/exlibris.ee\/ru\/wp-json\/wp\/v2\/series?post=109956"},{"taxonomy":"publisher","embeddable":true,"href":"https:\/\/exlibris.ee\/ru\/wp-json\/wp\/v2\/publisher?post=109956"}],"curies":[{"name":"wp","href":"https:\/\/api.w.org\/{rel}","templated":true}]}}