{"id":109962,"date":"2024-02-08T06:53:16","date_gmt":"2024-02-08T04:53:16","guid":{"rendered":"https:\/\/exlibris.ee\/toode\/der-eifersuchtige-frosch-eda-kinderbuch-deutsch-ukrainisch-mit-mp3-horbuch-zum-herunterladen\/"},"modified":"2026-04-27T07:37:02","modified_gmt":"2026-04-27T04:37:02","slug":"der-eifersuchtige-frosch-eda-kinderbuch-deutsch-ukrainisch-mit-mp3-horbuch-zum-herunterladen","status":"publish","type":"product","link":"https:\/\/exlibris.ee\/ru\/produkt\/der-eifersuchtige-frosch-eda-kinderbuch-deutsch-ukrainisch-mit-mp3-horbuch-zum-herunterladen\/","title":{"rendered":"Der eifers\u00fcchtige Frosch Eda \/ Kinderbuch Deutsch-Ukrainisch mit MP3-H\u00f6rbuch zum Herunterladen"},"content":{"rendered":"<p>Zweisprachiges Kinderbuch Deutsch-Ukrainisch ab 6 Jahren. Der Frosch Eda ist furchtbar eifers\u00fcchtig. Wenn die anderen Tiere ihre besonderen K\u00fcnste zur Schau stellen, will Eda alles genauso machen k\u00f6nnen wie sie. Das f\u00fchrt zu gef\u00e4hrlichen und auch schmerzhaften Erfahrungen. Dabei hat sie doch ein eigenes Talent.. Die Tiergeschichten werden erz\u00e4hlt von der 86-j\u00e4hrigen Leyla Fontaine, der fiktiven Ur-, Ur-, Ur-, Urenkelin des franz\u00f6sischen Fabelautors La Fontaine. In jeder Geschichte wird die Einzigartigkeit eines ihrer Tiere durch fabelhafte Abenteuer dargestellt und ein Weg gefunden, um mit den unterschiedlichen Pers\u00f6nlichkeiten klarzukommen.. Die Texte, in Versform geschrieben, sind eine Hommage an den franz\u00f6sischen Autor, jedoch in moderner Sprache und Rhythmus.. F\u00fcr weitere Sprachen erh\u00e4ltlich.<\/p>\n","protected":false},"excerpt":{"rendered":"<p>Zweisprachiges Kinderbuch Deutsch-Ukrainisch ab 6 Jahren. Der Frosch Eda ist furchtbar eifers\u00fcchtig. Wenn die anderen Tiere ihre besonderen K\u00fcnste zur Schau stellen, will Eda alles genauso machen k\u00f6nnen wie sie. Das f\u00fchrt zu gef\u00e4hrlichen und auch schmerzhaften Erfahrungen. Dabei hat&#8230;<\/p>\n","protected":false},"featured_media":508056,"template":"","meta":{"_acf_changed":false,"inline_featured_image":false},"product_brand":[],"product_cat":[851],"product_tag":[],"series":[{"id":2146,"name":"Der eifers\u00fcchtige Frosch Eda","slug":"der-eifersuchtige-frosch-eda"}],"publisher":[{"id":1305,"name":"Edition bi:libri","slug":"edition-bilibri"}],"class_list":{"0":"post-109962","1":"product","2":"type-product","3":"status-publish","4":"has-post-thumbnail","6":"product_cat-lesetexte-deutsch","7":"series-der-eifersuchtige-frosch-eda","8":"publisher-edition-bilibri","10":"first","11":"onbackorder","12":"taxable","13":"shipping-taxable","14":"purchasable","15":"product-type-simple"},"acf":[],"_links":{"self":[{"href":"https:\/\/exlibris.ee\/ru\/wp-json\/wp\/v2\/product\/109962","targetHints":{"allow":["GET"]}}],"collection":[{"href":"https:\/\/exlibris.ee\/ru\/wp-json\/wp\/v2\/product"}],"about":[{"href":"https:\/\/exlibris.ee\/ru\/wp-json\/wp\/v2\/types\/product"}],"wp:featuredmedia":[{"embeddable":true,"href":"https:\/\/exlibris.ee\/ru\/wp-json\/wp\/v2\/media\/508056"}],"wp:attachment":[{"href":"https:\/\/exlibris.ee\/ru\/wp-json\/wp\/v2\/media?parent=109962"}],"wp:term":[{"taxonomy":"product_brand","embeddable":true,"href":"https:\/\/exlibris.ee\/ru\/wp-json\/wp\/v2\/product_brand?post=109962"},{"taxonomy":"product_cat","embeddable":true,"href":"https:\/\/exlibris.ee\/ru\/wp-json\/wp\/v2\/product_cat?post=109962"},{"taxonomy":"product_tag","embeddable":true,"href":"https:\/\/exlibris.ee\/ru\/wp-json\/wp\/v2\/product_tag?post=109962"},{"taxonomy":"series","embeddable":true,"href":"https:\/\/exlibris.ee\/ru\/wp-json\/wp\/v2\/series?post=109962"},{"taxonomy":"publisher","embeddable":true,"href":"https:\/\/exlibris.ee\/ru\/wp-json\/wp\/v2\/publisher?post=109962"}],"curies":[{"name":"wp","href":"https:\/\/api.w.org\/{rel}","templated":true}]}}