{"id":110040,"date":"2024-02-09T03:03:02","date_gmt":"2024-02-09T01:03:02","guid":{"rendered":"https:\/\/exlibris.ee\/toode\/her-pa-berget-tekstbok\/"},"modified":"2026-04-03T11:19:54","modified_gmt":"2026-04-03T08:19:54","slug":"her-pa-berget-tekstbok","status":"publish","type":"product","link":"https:\/\/exlibris.ee\/ru\/produkt\/her-pa-berget-tekstbok\/","title":{"rendered":"Her p\u00e5 berget Tekstbok"},"content":{"rendered":"<p>Her p\u00e5 berget er et l\u00e6reverk for voksne som \u00f8nsker \u00e5 l\u00e6re mer norsk. Verket er en grundig revisjon av Her p\u00e5 berget fra 2002.<\/p>\n<p>L\u00e6reverket best\u00e5r n\u00e5 av:<br \/>\n    \ufeff\ufeffTekstbok<br \/>\n    \ufeff\ufeffArbeidsbok<br \/>\n    Elev-CD med lyttetekster<br \/>\n    L\u00e6rer-CD-er med uttale-, struktur- og lytte\u00f8velser<br \/>\n    \ufeff\ufeffHer p\u00e5 berget-nettsted med interaktive oppgaver og passordbeskyttet l\u00e6rerressurs<\/p>\n<p>Denne nye utgaven er tirettelagt for undervisning p\u00e5 Spor 3, etter L\u00e6replan i norsk og samfunnskunnskap for voksne innvandrere, niv\u00e5 B2. L\u00e6reverket egner seg for kursdeltakere som skal ta spr\u00e5kpr\u00f8ven p\u00e5 h\u00f8yere niv\u00e5. P\u00e5 universitetene er det beregnet for studenter p\u00e5 trinn 3.<\/p>\n<p>Her p\u00e5 berget tar for seg sentrale emner innenfor norsk kultur, historie og samfunnsforhold. M\u00e5let med l\u00e6reverket er at kurs-deltakerne skal f\u00e5 st\u00f8rre spr\u00e5klig sikkerhet og bedre kunnskaper om det norske samfunnet. Ved help av varierte tekster og mange ulike oppgaver skal kursdeltakerne tilegne seg vokabular og faktakunnskap som er viktig i arbeidslivet og i videre studier.<\/p>\n<p>Forfatterne har ogs\u00e5 utgitt l\u00e6reverkene P\u00e5 vei og Stein p\u00e5 stein. Her p\u00e5 berget passer for kursdeltakere som har l\u00e6rt en del norsk, for eksempel ved \u00e5 ha giennomg\u00e5tt P\u00e5 vei og Stein p\u00e5 stein. Forfatterne har lang undervisningserfaring ved Institutt for lingvistiske og nordiske studier ved Universitetet i Oslo.<\/p>\n","protected":false},"excerpt":{"rendered":"<p>Her p\u00e5 berget er et l\u00e6reverk for voksne som \u00f8nsker \u00e5 l\u00e6re mer norsk. Verket er en grundig revisjon av Her p\u00e5 berget fra 2002. L\u00e6reverket best\u00e5r n\u00e5 av: \ufeff\ufeffTekstbok \ufeff\ufeffArbeidsbok Elev-CD med lyttetekster L\u00e6rer-CD-er med uttale-, struktur- og lytte\u00f8velser&#8230;<\/p>\n","protected":false},"featured_media":109977,"template":"","meta":{"_acf_changed":false,"inline_featured_image":false},"product_brand":[],"product_cat":[890],"product_tag":[],"series":[{"id":2153,"name":"Her p\u00e5 berget","slug":"her-pa-berget"}],"publisher":[{"id":2154,"name":"Cappelen","slug":"cappelen"}],"class_list":{"0":"post-110040","1":"product","2":"type-product","3":"status-publish","4":"has-post-thumbnail","6":"product_cat-norra-keel","7":"series-her-pa-berget","8":"publisher-cappelen","10":"first","11":"instock","12":"taxable","13":"shipping-taxable","14":"purchasable","15":"product-type-simple"},"acf":[],"_links":{"self":[{"href":"https:\/\/exlibris.ee\/ru\/wp-json\/wp\/v2\/product\/110040","targetHints":{"allow":["GET"]}}],"collection":[{"href":"https:\/\/exlibris.ee\/ru\/wp-json\/wp\/v2\/product"}],"about":[{"href":"https:\/\/exlibris.ee\/ru\/wp-json\/wp\/v2\/types\/product"}],"wp:featuredmedia":[{"embeddable":true,"href":"https:\/\/exlibris.ee\/ru\/wp-json\/wp\/v2\/media\/109977"}],"wp:attachment":[{"href":"https:\/\/exlibris.ee\/ru\/wp-json\/wp\/v2\/media?parent=110040"}],"wp:term":[{"taxonomy":"product_brand","embeddable":true,"href":"https:\/\/exlibris.ee\/ru\/wp-json\/wp\/v2\/product_brand?post=110040"},{"taxonomy":"product_cat","embeddable":true,"href":"https:\/\/exlibris.ee\/ru\/wp-json\/wp\/v2\/product_cat?post=110040"},{"taxonomy":"product_tag","embeddable":true,"href":"https:\/\/exlibris.ee\/ru\/wp-json\/wp\/v2\/product_tag?post=110040"},{"taxonomy":"series","embeddable":true,"href":"https:\/\/exlibris.ee\/ru\/wp-json\/wp\/v2\/series?post=110040"},{"taxonomy":"publisher","embeddable":true,"href":"https:\/\/exlibris.ee\/ru\/wp-json\/wp\/v2\/publisher?post=110040"}],"curies":[{"name":"wp","href":"https:\/\/api.w.org\/{rel}","templated":true}]}}