{"id":110214,"date":"2024-02-10T03:05:44","date_gmt":"2024-02-10T01:05:44","guid":{"rendered":"https:\/\/exlibris.ee\/toode\/viaggio-di-laurent-b1-cd\/"},"modified":"2026-04-04T05:22:05","modified_gmt":"2026-04-04T02:22:05","slug":"viaggio-di-laurent-b1-cd","status":"publish","type":"product","link":"https:\/\/exlibris.ee\/ru\/produkt\/viaggio-di-laurent-b1-cd\/","title":{"rendered":"Viaggio di Laurent B1 + CD"},"content":{"rendered":"<p>Alla scoperta delle proprie origini, Laurent intraprende un viaggio che inizia a Parigi e, passando per Firenze, Roma e Positano, lo condurr\u00e0 in alcune delle pi\u00f9 belle citt\u00e0 d\u2019Italia.<br \/>\nQuest\u2019esperienza e l\u2019incontro con Luigi, un lontano parente, permetteranno a Laurent di ritrovare un legame profondo con la sua famiglia, ma anche con quei colori, sapori e odori tipicamente italiani.<\/p>\n","protected":false},"excerpt":{"rendered":"<p>Alla scoperta delle proprie origini, Laurent intraprende un viaggio che inizia a Parigi e, passando per Firenze, Roma e Positano, lo condurr\u00e0 in alcune delle pi\u00f9 belle citt\u00e0 d\u2019Italia. Quest\u2019esperienza e l\u2019incontro con Luigi, un lontano parente, permetteranno a Laurent&#8230;<\/p>\n","protected":false},"featured_media":110209,"template":"","meta":{"_acf_changed":false,"inline_featured_image":false},"product_brand":[],"product_cat":[888],"product_tag":[],"series":[{"id":1588,"name":"Imparare leggendo","slug":"imparare-leggendo"}],"publisher":[{"id":1584,"name":"Cideb","slug":"cideb"}],"class_list":{"0":"post-110214","1":"product","2":"type-product","3":"status-publish","4":"has-post-thumbnail","6":"product_cat-itaalia-keel","7":"series-imparare-leggendo","8":"publisher-cideb","10":"first","11":"instock","12":"taxable","13":"shipping-taxable","14":"purchasable","15":"product-type-simple"},"acf":[],"_links":{"self":[{"href":"https:\/\/exlibris.ee\/ru\/wp-json\/wp\/v2\/product\/110214","targetHints":{"allow":["GET"]}}],"collection":[{"href":"https:\/\/exlibris.ee\/ru\/wp-json\/wp\/v2\/product"}],"about":[{"href":"https:\/\/exlibris.ee\/ru\/wp-json\/wp\/v2\/types\/product"}],"wp:featuredmedia":[{"embeddable":true,"href":"https:\/\/exlibris.ee\/ru\/wp-json\/wp\/v2\/media\/110209"}],"wp:attachment":[{"href":"https:\/\/exlibris.ee\/ru\/wp-json\/wp\/v2\/media?parent=110214"}],"wp:term":[{"taxonomy":"product_brand","embeddable":true,"href":"https:\/\/exlibris.ee\/ru\/wp-json\/wp\/v2\/product_brand?post=110214"},{"taxonomy":"product_cat","embeddable":true,"href":"https:\/\/exlibris.ee\/ru\/wp-json\/wp\/v2\/product_cat?post=110214"},{"taxonomy":"product_tag","embeddable":true,"href":"https:\/\/exlibris.ee\/ru\/wp-json\/wp\/v2\/product_tag?post=110214"},{"taxonomy":"series","embeddable":true,"href":"https:\/\/exlibris.ee\/ru\/wp-json\/wp\/v2\/series?post=110214"},{"taxonomy":"publisher","embeddable":true,"href":"https:\/\/exlibris.ee\/ru\/wp-json\/wp\/v2\/publisher?post=110214"}],"curies":[{"name":"wp","href":"https:\/\/api.w.org\/{rel}","templated":true}]}}