{"id":110221,"date":"2024-02-11T02:50:55","date_gmt":"2024-02-11T00:50:55","guid":{"rendered":"https:\/\/exlibris.ee\/toode\/themen-aktuell-cd-rom\/"},"modified":"2026-04-20T11:24:16","modified_gmt":"2026-04-20T08:24:16","slug":"themen-aktuell-cd-rom","status":"publish","type":"product","link":"https:\/\/exlibris.ee\/ru\/produkt\/themen-aktuell-cd-rom\/","title":{"rendered":"Themen aktuell  A1-B1 CD-ROM"},"content":{"rendered":"<p>\u00dcbungsb\u00e4tter per Mausklick<br \/>\nNiveau A1-B1<\/p>\n<p>Mit dem Programm erzeugen Sie u.a. \u00dcbungen zu Pr\u00e4positionen, Konjuktionen, Modalverben, Artikelw\u00f6rtern.<br \/>\nAusserdem k\u00f6nnen Sie die Reihenfolge von Textteilen, S\u00e4tzen und Satzteilen ver\u00e4ndern, Wortlisten erzeugen oder Tests erstellen.<br \/>\nEine Anaylse-Funktion sagt ihnen, f\u00fcr welche \u00dcbungen ein bestimmter Text besonders geeignet ist.<br \/>\nDas programm enth\u00e4lt dar\u00fcber hinaus fertige \u00dcbungsbl\u00e4tter, die Sie nur noch auszudrucken brauchen.<\/p>\n","protected":false},"excerpt":{"rendered":"<p>\u00dcbungsb\u00e4tter per Mausklick Niveau A1-B1 Mit dem Programm erzeugen Sie u.a. \u00dcbungen zu Pr\u00e4positionen, Konjuktionen, Modalverben, Artikelw\u00f6rtern. Ausserdem k\u00f6nnen Sie die Reihenfolge von Textteilen, S\u00e4tzen und Satzteilen ver\u00e4ndern, Wortlisten erzeugen oder Tests erstellen. Eine Anaylse-Funktion sagt ihnen, f\u00fcr welche \u00dcbungen&#8230;<\/p>\n","protected":false},"featured_media":111267,"template":"","meta":{"_acf_changed":false,"inline_featured_image":false},"product_brand":[],"product_cat":[897],"product_tag":[],"series":[],"publisher":[{"id":497,"name":"Hueber Verlag","slug":"hueber-verlag"}],"class_list":{"0":"post-110221","1":"product","2":"type-product","3":"status-publish","4":"has-post-thumbnail","6":"product_cat-keeleope-leiunurk","7":"publisher-hueber-verlag","9":"first","10":"instock","11":"taxable","12":"shipping-taxable","13":"purchasable","14":"product-type-simple"},"acf":[],"_links":{"self":[{"href":"https:\/\/exlibris.ee\/ru\/wp-json\/wp\/v2\/product\/110221","targetHints":{"allow":["GET"]}}],"collection":[{"href":"https:\/\/exlibris.ee\/ru\/wp-json\/wp\/v2\/product"}],"about":[{"href":"https:\/\/exlibris.ee\/ru\/wp-json\/wp\/v2\/types\/product"}],"wp:featuredmedia":[{"embeddable":true,"href":"https:\/\/exlibris.ee\/ru\/wp-json\/wp\/v2\/media\/111267"}],"wp:attachment":[{"href":"https:\/\/exlibris.ee\/ru\/wp-json\/wp\/v2\/media?parent=110221"}],"wp:term":[{"taxonomy":"product_brand","embeddable":true,"href":"https:\/\/exlibris.ee\/ru\/wp-json\/wp\/v2\/product_brand?post=110221"},{"taxonomy":"product_cat","embeddable":true,"href":"https:\/\/exlibris.ee\/ru\/wp-json\/wp\/v2\/product_cat?post=110221"},{"taxonomy":"product_tag","embeddable":true,"href":"https:\/\/exlibris.ee\/ru\/wp-json\/wp\/v2\/product_tag?post=110221"},{"taxonomy":"series","embeddable":true,"href":"https:\/\/exlibris.ee\/ru\/wp-json\/wp\/v2\/series?post=110221"},{"taxonomy":"publisher","embeddable":true,"href":"https:\/\/exlibris.ee\/ru\/wp-json\/wp\/v2\/publisher?post=110221"}],"curies":[{"name":"wp","href":"https:\/\/api.w.org\/{rel}","templated":true}]}}