{"id":110423,"date":"2024-02-14T01:05:54","date_gmt":"2024-02-13T23:05:54","guid":{"rendered":"https:\/\/exlibris.ee\/toode\/ilus-emakeel-1-klassi-eesti-keele-toovihik\/"},"modified":"2026-04-11T05:17:41","modified_gmt":"2026-04-11T02:17:41","slug":"ilus-emakeel-1-klassi-eesti-keele-toovihik","status":"publish","type":"product","link":"https:\/\/exlibris.ee\/ru\/produkt\/ilus-emakeel-1-klassi-eesti-keele-toovihik\/","title":{"rendered":"Ilus emakeel 1. klassi eesti keele t\u00f6\u00f6vihik"},"content":{"rendered":"<p>3. tr\u00fckk<\/p>\n","protected":false},"excerpt":{"rendered":"<p>3. tr\u00fckk<\/p>\n","protected":false},"featured_media":110239,"template":"","meta":{"_acf_changed":false,"inline_featured_image":false},"product_brand":[],"product_cat":[699],"product_tag":[],"series":[],"publisher":[{"id":716,"name":"Koolibri","slug":"koolibri"}],"class_list":{"0":"post-110423","1":"product","2":"type-product","3":"status-publish","4":"has-post-thumbnail","6":"product_cat-opikud-lastele-ja-noortele","7":"publisher-koolibri","9":"first","10":"instock","11":"taxable","12":"shipping-taxable","13":"purchasable","14":"product-type-simple"},"acf":[],"_links":{"self":[{"href":"https:\/\/exlibris.ee\/ru\/wp-json\/wp\/v2\/product\/110423","targetHints":{"allow":["GET"]}}],"collection":[{"href":"https:\/\/exlibris.ee\/ru\/wp-json\/wp\/v2\/product"}],"about":[{"href":"https:\/\/exlibris.ee\/ru\/wp-json\/wp\/v2\/types\/product"}],"wp:featuredmedia":[{"embeddable":true,"href":"https:\/\/exlibris.ee\/ru\/wp-json\/wp\/v2\/media\/110239"}],"wp:attachment":[{"href":"https:\/\/exlibris.ee\/ru\/wp-json\/wp\/v2\/media?parent=110423"}],"wp:term":[{"taxonomy":"product_brand","embeddable":true,"href":"https:\/\/exlibris.ee\/ru\/wp-json\/wp\/v2\/product_brand?post=110423"},{"taxonomy":"product_cat","embeddable":true,"href":"https:\/\/exlibris.ee\/ru\/wp-json\/wp\/v2\/product_cat?post=110423"},{"taxonomy":"product_tag","embeddable":true,"href":"https:\/\/exlibris.ee\/ru\/wp-json\/wp\/v2\/product_tag?post=110423"},{"taxonomy":"series","embeddable":true,"href":"https:\/\/exlibris.ee\/ru\/wp-json\/wp\/v2\/series?post=110423"},{"taxonomy":"publisher","embeddable":true,"href":"https:\/\/exlibris.ee\/ru\/wp-json\/wp\/v2\/publisher?post=110423"}],"curies":[{"name":"wp","href":"https:\/\/api.w.org\/{rel}","templated":true}]}}