{"id":110435,"date":"2024-02-14T02:57:33","date_gmt":"2024-02-14T00:57:33","guid":{"rendered":"https:\/\/exlibris.ee\/toode\/scoprire-litalia-b1-cd\/"},"modified":"2026-04-06T11:14:11","modified_gmt":"2026-04-06T08:14:11","slug":"scoprire-litalia-b1-cd","status":"publish","type":"product","link":"https:\/\/exlibris.ee\/ru\/produkt\/scoprire-litalia-b1-cd\/","title":{"rendered":"Scoprire l\u00b4Italia B1 + CD"},"content":{"rendered":"<p>Mark, uno studente straniero in Italia, partecipa a un\u00b4emozionante caccia al tesoro che lo porter\u00e0 a spasso per la penisola.<br \/>\nQuale migliore occasione per scoprire il fascino di citt\u00e0 come Roma, Venezia, Napoli e Agrigento?<br \/>\nOgni capitolo \u00e8 accompagnato da numerose attivit\u00e0 di comprensione scritta e orale, di revisione grammaticale e da numerosi dossier che permetteranno al lettore di cogliere l\u00b4atmosfera di alcune delle pi\u00f9 belle citt\u00e0 d\u00b4Italia.<br \/>\nUn CD, contenente la registrazione integrale del testo, consentir\u00e0 di non perdere un solo momento di questa interessante storia!<\/p>\n","protected":false},"excerpt":{"rendered":"<p>Mark, uno studente straniero in Italia, partecipa a un\u00b4emozionante caccia al tesoro che lo porter\u00e0 a spasso per la penisola. Quale migliore occasione per scoprire il fascino di citt\u00e0 come Roma, Venezia, Napoli e Agrigento? Ogni capitolo \u00e8 accompagnato da&#8230;<\/p>\n","protected":false},"featured_media":110275,"template":"","meta":{"_acf_changed":false,"inline_featured_image":false},"product_brand":[],"product_cat":[888],"product_tag":[],"series":[{"id":1588,"name":"Imparare leggendo","slug":"imparare-leggendo"}],"publisher":[{"id":1584,"name":"Cideb","slug":"cideb"}],"class_list":{"0":"post-110435","1":"product","2":"type-product","3":"status-publish","4":"has-post-thumbnail","6":"product_cat-itaalia-keel","7":"series-imparare-leggendo","8":"publisher-cideb","10":"first","11":"instock","12":"taxable","13":"shipping-taxable","14":"purchasable","15":"product-type-simple"},"acf":[],"_links":{"self":[{"href":"https:\/\/exlibris.ee\/ru\/wp-json\/wp\/v2\/product\/110435","targetHints":{"allow":["GET"]}}],"collection":[{"href":"https:\/\/exlibris.ee\/ru\/wp-json\/wp\/v2\/product"}],"about":[{"href":"https:\/\/exlibris.ee\/ru\/wp-json\/wp\/v2\/types\/product"}],"wp:featuredmedia":[{"embeddable":true,"href":"https:\/\/exlibris.ee\/ru\/wp-json\/wp\/v2\/media\/110275"}],"wp:attachment":[{"href":"https:\/\/exlibris.ee\/ru\/wp-json\/wp\/v2\/media?parent=110435"}],"wp:term":[{"taxonomy":"product_brand","embeddable":true,"href":"https:\/\/exlibris.ee\/ru\/wp-json\/wp\/v2\/product_brand?post=110435"},{"taxonomy":"product_cat","embeddable":true,"href":"https:\/\/exlibris.ee\/ru\/wp-json\/wp\/v2\/product_cat?post=110435"},{"taxonomy":"product_tag","embeddable":true,"href":"https:\/\/exlibris.ee\/ru\/wp-json\/wp\/v2\/product_tag?post=110435"},{"taxonomy":"series","embeddable":true,"href":"https:\/\/exlibris.ee\/ru\/wp-json\/wp\/v2\/series?post=110435"},{"taxonomy":"publisher","embeddable":true,"href":"https:\/\/exlibris.ee\/ru\/wp-json\/wp\/v2\/publisher?post=110435"}],"curies":[{"name":"wp","href":"https:\/\/api.w.org\/{rel}","templated":true}]}}