{"id":110436,"date":"2024-02-14T02:57:33","date_gmt":"2024-02-14T00:57:33","guid":{"rendered":"https:\/\/exlibris.ee\/toode\/naufragios-c1-cd\/"},"modified":"2026-04-04T05:22:07","modified_gmt":"2026-04-04T02:22:07","slug":"naufragios-c1-cd","status":"publish","type":"product","link":"https:\/\/exlibris.ee\/ru\/produkt\/naufragios-c1-cd\/","title":{"rendered":"Naufragios C1 + CD"},"content":{"rendered":"<p>En 1527, durante los primeros a\u00f1os de la conquista espa\u00f1ola, Alvar N\u00fa\u00f1ez Cabeza de Vaca se embarca en la expedici\u00f3n de P\u00e1nfilo de Narv\u00e1ez a Florida. La expedici\u00f3n naufraga en las costas de Louisiana. Alvar es hecho prisionero y convertido en esclavo. Despu\u00e9s de sufrir todo tipo de humillaciones es dejado en libertad. Finalmente, se reencuentra con cuatro compa\u00f1eros y juntos emprenden un viaje de cuatro a\u00f1os que culminar\u00e1 en lo que hoy es el territorio de Sinaloa. Navegante y explorador, Cabeza de Vaca es el primer hombre blanco y el primer espa\u00f1ol que atraviesa el sur de los actuales Estados Unidos. La realidad hist\u00f3rica descrita supera a la m\u00e1s emocionante fantas\u00eda de las novelas de aventuras.<\/p>\n<p>* \ufeff\ufeffActividades espec\u00edficas para el desarrollo de las cuatro destrezas<br \/>\n* \ufeff\ufeffDossier sobre Cristianos, Espa\u00f1oles, Frailes e Indios, Fray Bartolom\u00e9 de las Casas, los Conquistadores, &#8230; y otros.<br \/>\n* \ufeff\ufeffAudio con retazos de la narraci\u00f3n.<\/p>\n","protected":false},"excerpt":{"rendered":"<p>En 1527, durante los primeros a\u00f1os de la conquista espa\u00f1ola, Alvar N\u00fa\u00f1ez Cabeza de Vaca se embarca en la expedici\u00f3n de P\u00e1nfilo de Narv\u00e1ez a Florida. La expedici\u00f3n naufraga en las costas de Louisiana. Alvar es hecho prisionero y convertido&#8230;<\/p>\n","protected":false},"featured_media":110278,"template":"","meta":{"_acf_changed":false,"inline_featured_image":false},"product_brand":[],"product_cat":[889],"product_tag":[],"series":[{"id":1595,"name":"Leer y Aprender","slug":"leer-y-aprender"}],"publisher":[{"id":1584,"name":"Cideb","slug":"cideb"}],"class_list":{"0":"post-110436","1":"product","2":"type-product","3":"status-publish","4":"has-post-thumbnail","6":"product_cat-hispaania-keel","7":"series-leer-y-aprender","8":"publisher-cideb","10":"first","11":"instock","12":"taxable","13":"shipping-taxable","14":"purchasable","15":"product-type-simple"},"acf":[],"_links":{"self":[{"href":"https:\/\/exlibris.ee\/ru\/wp-json\/wp\/v2\/product\/110436","targetHints":{"allow":["GET"]}}],"collection":[{"href":"https:\/\/exlibris.ee\/ru\/wp-json\/wp\/v2\/product"}],"about":[{"href":"https:\/\/exlibris.ee\/ru\/wp-json\/wp\/v2\/types\/product"}],"wp:featuredmedia":[{"embeddable":true,"href":"https:\/\/exlibris.ee\/ru\/wp-json\/wp\/v2\/media\/110278"}],"wp:attachment":[{"href":"https:\/\/exlibris.ee\/ru\/wp-json\/wp\/v2\/media?parent=110436"}],"wp:term":[{"taxonomy":"product_brand","embeddable":true,"href":"https:\/\/exlibris.ee\/ru\/wp-json\/wp\/v2\/product_brand?post=110436"},{"taxonomy":"product_cat","embeddable":true,"href":"https:\/\/exlibris.ee\/ru\/wp-json\/wp\/v2\/product_cat?post=110436"},{"taxonomy":"product_tag","embeddable":true,"href":"https:\/\/exlibris.ee\/ru\/wp-json\/wp\/v2\/product_tag?post=110436"},{"taxonomy":"series","embeddable":true,"href":"https:\/\/exlibris.ee\/ru\/wp-json\/wp\/v2\/series?post=110436"},{"taxonomy":"publisher","embeddable":true,"href":"https:\/\/exlibris.ee\/ru\/wp-json\/wp\/v2\/publisher?post=110436"}],"curies":[{"name":"wp","href":"https:\/\/api.w.org\/{rel}","templated":true}]}}