{"id":110443,"date":"2024-02-14T02:57:35","date_gmt":"2024-02-14T00:57:35","guid":{"rendered":"https:\/\/exlibris.ee\/toode\/don-quijote-de-la-mancha-cd\/"},"modified":"2026-04-05T17:34:48","modified_gmt":"2026-04-05T14:34:48","slug":"don-quijote-de-la-mancha-cd","status":"publish","type":"product","link":"https:\/\/exlibris.ee\/ru\/produkt\/don-quijote-de-la-mancha-cd\/","title":{"rendered":"Don Quijote de la Mancha B2 + CD"},"content":{"rendered":"<p>El universalismo de Cervantes radica en el desdoblamiento contrapuesto del protagonista. Don Quijote es alto, enjuto, altruista. Sancho Panza es bajo, gordinfl\u00f3n, sin ideas, materialista y ego\u00edsta. Este es el hombre: alegre cuando sale por los campos de la justicia arremetiendo contra los malvados, enarbolando amores y virtud; triste cuando Sancho lo traiciona y se burla de \u00e9l. Todo el mundo alaba la invenci\u00f3n, la gracia del lenguaje, y la comicidad de las situaciones. A lo largo de esta historia vas a encontrar:<\/p>\n<p>    \ufeff\ufeffEjercicios de gram\u00e1tica, de l\u00e9xico, de comprensi\u00f3n y expresi\u00f3n escrita y oral<br \/>\n    \ufeff\ufeffEjercicios de preparaci\u00f3n al DELE<br \/>\n    \ufeff\ufeffDossiers: El Quijote: cuatrocientos a\u00f1os cabalgando, La ruta del<br \/>\n    Quijote: un lugar para la aventura, El Instituto Cervantes y el espa\u00f1ol<br \/>\n    \ufeff\ufeffProyectos internet<br \/>\n    \ufeff\ufeffUn test final<br \/>\n    \ufeff\ufeffUn cd audio con la grabaci\u00f3n de una parte del texto<\/p>\n","protected":false},"excerpt":{"rendered":"<p>El universalismo de Cervantes radica en el desdoblamiento contrapuesto del protagonista. Don Quijote es alto, enjuto, altruista. Sancho Panza es bajo, gordinfl\u00f3n, sin ideas, materialista y ego\u00edsta. Este es el hombre: alegre cuando sale por los campos de la justicia&#8230;<\/p>\n","protected":false},"featured_media":110299,"template":"","meta":{"_acf_changed":false,"inline_featured_image":false},"product_brand":[],"product_cat":[889],"product_tag":[],"series":[{"id":1595,"name":"Leer y Aprender","slug":"leer-y-aprender"}],"publisher":[{"id":1584,"name":"Cideb","slug":"cideb"}],"class_list":{"0":"post-110443","1":"product","2":"type-product","3":"status-publish","4":"has-post-thumbnail","6":"product_cat-hispaania-keel","7":"series-leer-y-aprender","8":"publisher-cideb","10":"first","11":"instock","12":"taxable","13":"shipping-taxable","14":"purchasable","15":"product-type-simple"},"acf":[],"_links":{"self":[{"href":"https:\/\/exlibris.ee\/ru\/wp-json\/wp\/v2\/product\/110443","targetHints":{"allow":["GET"]}}],"collection":[{"href":"https:\/\/exlibris.ee\/ru\/wp-json\/wp\/v2\/product"}],"about":[{"href":"https:\/\/exlibris.ee\/ru\/wp-json\/wp\/v2\/types\/product"}],"wp:featuredmedia":[{"embeddable":true,"href":"https:\/\/exlibris.ee\/ru\/wp-json\/wp\/v2\/media\/110299"}],"wp:attachment":[{"href":"https:\/\/exlibris.ee\/ru\/wp-json\/wp\/v2\/media?parent=110443"}],"wp:term":[{"taxonomy":"product_brand","embeddable":true,"href":"https:\/\/exlibris.ee\/ru\/wp-json\/wp\/v2\/product_brand?post=110443"},{"taxonomy":"product_cat","embeddable":true,"href":"https:\/\/exlibris.ee\/ru\/wp-json\/wp\/v2\/product_cat?post=110443"},{"taxonomy":"product_tag","embeddable":true,"href":"https:\/\/exlibris.ee\/ru\/wp-json\/wp\/v2\/product_tag?post=110443"},{"taxonomy":"series","embeddable":true,"href":"https:\/\/exlibris.ee\/ru\/wp-json\/wp\/v2\/series?post=110443"},{"taxonomy":"publisher","embeddable":true,"href":"https:\/\/exlibris.ee\/ru\/wp-json\/wp\/v2\/publisher?post=110443"}],"curies":[{"name":"wp","href":"https:\/\/api.w.org\/{rel}","templated":true}]}}