{"id":110449,"date":"2024-02-14T03:05:07","date_gmt":"2024-02-14T01:05:07","guid":{"rendered":"https:\/\/exlibris.ee\/toode\/la-petite-fadette-a2\/"},"modified":"2026-04-04T05:27:01","modified_gmt":"2026-04-04T02:27:01","slug":"la-petite-fadette-a2","status":"publish","type":"product","link":"https:\/\/exlibris.ee\/ru\/produkt\/la-petite-fadette-a2\/","title":{"rendered":"La petite Fadette A2"},"content":{"rendered":"<p>Dans la campagne berrichonne du d\u00e9but du XIX si\u00e8cle, la Fadette, une pauvre enfant un peu sorci\u00e8re, r\u00e9ussira-t-elle \u00e0 gagner l\u00b4amour du beau Landry?<br \/>\nPour cela, elle devra affronter la jalousie de son fr\u00e8re jumeau Sylvinet et de la plus belle fille du village, Madelon. Elle devra aussi faire face aux pr\u00e9jug\u00e9s de la famille Barbeau qui ne l\u00b4estime pas beaucoup.<br \/>\nTout au long de l\u00b4histoire, vous trouverez :<\/p>\n<p>    \ufeff\ufeffdes exercices de grammaire, de compr\u00e9hension et d\u00b4expression \u00e9crite et orale ;<br \/>\n    \ufeff\ufeffdes activit\u00e9s type DELF ;<br \/>\n    \ufeff\ufeffun CD audio avec l\u00b4enregistrement int\u00e9gral du texte.<\/p>\n","protected":false},"excerpt":{"rendered":"<p>Dans la campagne berrichonne du d\u00e9but du XIX si\u00e8cle, la Fadette, une pauvre enfant un peu sorci\u00e8re, r\u00e9ussira-t-elle \u00e0 gagner l\u00b4amour du beau Landry? Pour cela, elle devra affronter la jalousie de son fr\u00e8re jumeau Sylvinet et de la plus&#8230;<\/p>\n","protected":false},"featured_media":110314,"template":"","meta":{"_acf_changed":false,"inline_featured_image":false},"product_brand":[],"product_cat":[887],"product_tag":[],"series":[{"id":2089,"name":"Lire et s\u00b4Entrainer","slug":"lire-et-sentrainer-2"}],"publisher":[{"id":1584,"name":"Cideb","slug":"cideb"}],"class_list":{"0":"post-110449","1":"product","2":"type-product","3":"status-publish","4":"has-post-thumbnail","6":"product_cat-prantsuse-keel","7":"series-lire-et-sentrainer-2","8":"publisher-cideb","10":"first","11":"instock","12":"taxable","13":"shipping-taxable","14":"purchasable","15":"product-type-simple"},"acf":[],"_links":{"self":[{"href":"https:\/\/exlibris.ee\/ru\/wp-json\/wp\/v2\/product\/110449","targetHints":{"allow":["GET"]}}],"collection":[{"href":"https:\/\/exlibris.ee\/ru\/wp-json\/wp\/v2\/product"}],"about":[{"href":"https:\/\/exlibris.ee\/ru\/wp-json\/wp\/v2\/types\/product"}],"wp:featuredmedia":[{"embeddable":true,"href":"https:\/\/exlibris.ee\/ru\/wp-json\/wp\/v2\/media\/110314"}],"wp:attachment":[{"href":"https:\/\/exlibris.ee\/ru\/wp-json\/wp\/v2\/media?parent=110449"}],"wp:term":[{"taxonomy":"product_brand","embeddable":true,"href":"https:\/\/exlibris.ee\/ru\/wp-json\/wp\/v2\/product_brand?post=110449"},{"taxonomy":"product_cat","embeddable":true,"href":"https:\/\/exlibris.ee\/ru\/wp-json\/wp\/v2\/product_cat?post=110449"},{"taxonomy":"product_tag","embeddable":true,"href":"https:\/\/exlibris.ee\/ru\/wp-json\/wp\/v2\/product_tag?post=110449"},{"taxonomy":"series","embeddable":true,"href":"https:\/\/exlibris.ee\/ru\/wp-json\/wp\/v2\/series?post=110449"},{"taxonomy":"publisher","embeddable":true,"href":"https:\/\/exlibris.ee\/ru\/wp-json\/wp\/v2\/publisher?post=110449"}],"curies":[{"name":"wp","href":"https:\/\/api.w.org\/{rel}","templated":true}]}}