{"id":110450,"date":"2024-02-14T03:05:07","date_gmt":"2024-02-14T01:05:07","guid":{"rendered":"https:\/\/exlibris.ee\/toode\/lazarillo-de-tormes-a2-cd\/"},"modified":"2026-04-22T15:32:49","modified_gmt":"2026-04-22T12:32:49","slug":"lazarillo-de-tormes-a2-cd","status":"publish","type":"product","link":"https:\/\/exlibris.ee\/ru\/produkt\/lazarillo-de-tormes-a2-cd\/","title":{"rendered":"Lazarillo de Tormes A2 + CD"},"content":{"rendered":"<p>El Lazarillo es un p\u00edcaro que narra en forma autobiogr\u00e1fica sus propias aventuras.<br \/>\nLejos de amargarse por la triste circunstancia que le toca vivir, observa la realidad con agudo esp\u00edritu cr\u00edtico y sentido del humor, adoptando ante la vida una actitud de alegre resignaci\u00f3n.<br \/>\nPor fin, despu\u00e9s de pasar por muchos amos, consigue en Toledo el cargo de pregonero y se casa con la criada de un arcipreste.<br \/>\nLa acci\u00f3n transcurre durante los \u00faltimos a\u00f1os del Emperador Carlos I.<br \/>\nLa importancia de esta obra radica en ser la primera novela moderna de costumbres.<\/p>\n<p>    \ufeff\ufeffActividades espec\u00edficas para el desarrollo de las cuatro destrezas<br \/>\n    \ufeff\ufeffDossier sobre las ciudades de Salamanca y Toledo<br \/>\n    \ufeff\ufeffTexto integralmente grabado<\/p>\n","protected":false},"excerpt":{"rendered":"<p>El Lazarillo es un p\u00edcaro que narra en forma autobiogr\u00e1fica sus propias aventuras. Lejos de amargarse por la triste circunstancia que le toca vivir, observa la realidad con agudo esp\u00edritu cr\u00edtico y sentido del humor, adoptando ante la vida una&#8230;<\/p>\n","protected":false},"featured_media":110323,"template":"","meta":{"_acf_changed":false,"inline_featured_image":false},"product_brand":[],"product_cat":[889],"product_tag":[],"series":[{"id":1595,"name":"Leer y Aprender","slug":"leer-y-aprender"}],"publisher":[{"id":1584,"name":"Cideb","slug":"cideb"}],"class_list":{"0":"post-110450","1":"product","2":"type-product","3":"status-publish","4":"has-post-thumbnail","6":"product_cat-hispaania-keel","7":"series-leer-y-aprender","8":"publisher-cideb","10":"first","11":"instock","12":"taxable","13":"shipping-taxable","14":"purchasable","15":"product-type-simple"},"acf":[],"_links":{"self":[{"href":"https:\/\/exlibris.ee\/ru\/wp-json\/wp\/v2\/product\/110450","targetHints":{"allow":["GET"]}}],"collection":[{"href":"https:\/\/exlibris.ee\/ru\/wp-json\/wp\/v2\/product"}],"about":[{"href":"https:\/\/exlibris.ee\/ru\/wp-json\/wp\/v2\/types\/product"}],"wp:featuredmedia":[{"embeddable":true,"href":"https:\/\/exlibris.ee\/ru\/wp-json\/wp\/v2\/media\/110323"}],"wp:attachment":[{"href":"https:\/\/exlibris.ee\/ru\/wp-json\/wp\/v2\/media?parent=110450"}],"wp:term":[{"taxonomy":"product_brand","embeddable":true,"href":"https:\/\/exlibris.ee\/ru\/wp-json\/wp\/v2\/product_brand?post=110450"},{"taxonomy":"product_cat","embeddable":true,"href":"https:\/\/exlibris.ee\/ru\/wp-json\/wp\/v2\/product_cat?post=110450"},{"taxonomy":"product_tag","embeddable":true,"href":"https:\/\/exlibris.ee\/ru\/wp-json\/wp\/v2\/product_tag?post=110450"},{"taxonomy":"series","embeddable":true,"href":"https:\/\/exlibris.ee\/ru\/wp-json\/wp\/v2\/series?post=110450"},{"taxonomy":"publisher","embeddable":true,"href":"https:\/\/exlibris.ee\/ru\/wp-json\/wp\/v2\/publisher?post=110450"}],"curies":[{"name":"wp","href":"https:\/\/api.w.org\/{rel}","templated":true}]}}