{"id":110456,"date":"2024-02-14T03:13:47","date_gmt":"2024-02-14T01:13:47","guid":{"rendered":"https:\/\/exlibris.ee\/toode\/tore-eesti-keel-eesti-keele-kui-teise-keele-tooraamat\/"},"modified":"2026-04-17T19:48:05","modified_gmt":"2026-04-17T16:48:05","slug":"tore-eesti-keel-eesti-keele-kui-teise-keele-tooraamat","status":"publish","type":"product","link":"https:\/\/exlibris.ee\/ru\/produkt\/tore-eesti-keel-eesti-keele-kui-teise-keele-tooraamat\/","title":{"rendered":"Tore eesti keel. Eesti keele kui teise keele t\u00f6\u00f6raamat"},"content":{"rendered":"<p>T\u00f6\u00f6raamat &#171;Tore eesti keel&#187; on m\u00f5eldud tutvumiseks eesti keele kui teise keelega, keele harjutamiseks ja lapse \u00fcldoskuste arendamiseks. K\u00e4sitletavad teemad on seotud lapse igap\u00e4evase elu ja \u00fcmbritseva keskkonnaga. Laps \u00f5pib jutustama endast ja oma perekonnast, kodust ja argistest tegemistest ning m\u00e4rkama ja kirjeldama \u00fcmbritsevat, n\u00e4iteks ilma. Eesti keele omandamisel peab laps uusi s\u00f5nu ja v\u00e4ljendeid erinevates olukordades palju kordi kuulma ning j\u00e4rele kordama. <\/p>\n<p>T\u00f6\u00f6raamat aitab \u00f5ppida ja arendada keeleoskust m\u00e4nguliselt ning suunab ja julgustab lapsi ennast eesti keeles v\u00e4ljendama. Raamatus viidatud audiomaterjalid asuvad aadressil www.argokirjastus.ee<\/p>\n<p>T\u00f6\u00f6raamat tugineb Koolieelse lasteasutuse riiklikule \u00f5ppekavale.<\/p>\n","protected":false},"excerpt":{"rendered":"<p>T\u00f6\u00f6raamat &#171;Tore eesti keel&#187; on m\u00f5eldud tutvumiseks eesti keele kui teise keelega, keele harjutamiseks ja lapse \u00fcldoskuste arendamiseks. K\u00e4sitletavad teemad on seotud lapse igap\u00e4evase elu ja \u00fcmbritseva keskkonnaga. Laps \u00f5pib jutustama endast ja oma perekonnast, kodust ja argistest tegemistest ning&#8230;<\/p>\n","protected":false},"featured_media":110251,"template":"","meta":{"_acf_changed":false,"inline_featured_image":false},"product_brand":[],"product_cat":[872],"product_tag":[],"series":[],"publisher":[],"class_list":{"0":"post-110456","1":"product","2":"type-product","3":"status-publish","4":"has-post-thumbnail","6":"product_cat-keeleoskused","8":"first","9":"instock","10":"taxable","11":"shipping-taxable","12":"purchasable","13":"product-type-simple"},"acf":[],"_links":{"self":[{"href":"https:\/\/exlibris.ee\/ru\/wp-json\/wp\/v2\/product\/110456","targetHints":{"allow":["GET"]}}],"collection":[{"href":"https:\/\/exlibris.ee\/ru\/wp-json\/wp\/v2\/product"}],"about":[{"href":"https:\/\/exlibris.ee\/ru\/wp-json\/wp\/v2\/types\/product"}],"wp:featuredmedia":[{"embeddable":true,"href":"https:\/\/exlibris.ee\/ru\/wp-json\/wp\/v2\/media\/110251"}],"wp:attachment":[{"href":"https:\/\/exlibris.ee\/ru\/wp-json\/wp\/v2\/media?parent=110456"}],"wp:term":[{"taxonomy":"product_brand","embeddable":true,"href":"https:\/\/exlibris.ee\/ru\/wp-json\/wp\/v2\/product_brand?post=110456"},{"taxonomy":"product_cat","embeddable":true,"href":"https:\/\/exlibris.ee\/ru\/wp-json\/wp\/v2\/product_cat?post=110456"},{"taxonomy":"product_tag","embeddable":true,"href":"https:\/\/exlibris.ee\/ru\/wp-json\/wp\/v2\/product_tag?post=110456"},{"taxonomy":"series","embeddable":true,"href":"https:\/\/exlibris.ee\/ru\/wp-json\/wp\/v2\/series?post=110456"},{"taxonomy":"publisher","embeddable":true,"href":"https:\/\/exlibris.ee\/ru\/wp-json\/wp\/v2\/publisher?post=110456"}],"curies":[{"name":"wp","href":"https:\/\/api.w.org\/{rel}","templated":true}]}}