{"id":110694,"date":"2024-02-15T03:05:22","date_gmt":"2024-02-15T01:05:22","guid":{"rendered":"https:\/\/exlibris.ee\/toode\/le-roi-arthur-et-les-chevaliers-de-la-table-ronde-a1-cd\/"},"modified":"2026-04-04T05:22:07","modified_gmt":"2026-04-04T02:22:07","slug":"le-roi-arthur-et-les-chevaliers-de-la-table-ronde-a1-cd","status":"publish","type":"product","link":"https:\/\/exlibris.ee\/ru\/produkt\/le-roi-arthur-et-les-chevaliers-de-la-table-ronde-a1-cd\/","title":{"rendered":"Le Roi Arthur et les chevaliers de la Table ronde A1 + CD"},"content":{"rendered":"<p>Il \u00e9tait une fois un roi et ses chevaliers ! D\u00e9couvrez la l\u00e9gende d\u00b4Arthur et des chevaliers de la Table ronde et entrez \u00e0 la cour de ce grand roi pour rencontrer les figures l\u00e9gendaries de ses vaillants guerriers. Tout au long de l\u00b4historie, vouz trouverez:<br \/>\n* des exercices de compr\u00e9hension, de grammaire, d\u00b4expression \u00e9crite et orale ;<br \/>\n* des activit\u00e9s type DELF niveau A1 du Cadre europ\u00e9en de r\u00e9f\u00e9rence ;<br \/>\n* des dossiers sur la vie au ch\u00e2teau fort, les secrets du code de la Chevalerie, le myst\u00e9re du Graal, Merlin l\u00b4enchanteur et la f\u00e9e Viviane ;<br \/>\n* des projets Internet ;<br \/>\n* un test final ;<br \/>\n* un CD Audio\/ROM avec l\u00b4enregistrement int\u00e9gral du texte, des activit\u00e9s suppl\u00e9mentaires et des jeux.<\/p>\n","protected":false},"excerpt":{"rendered":"<p>Il \u00e9tait une fois un roi et ses chevaliers ! D\u00e9couvrez la l\u00e9gende d\u00b4Arthur et des chevaliers de la Table ronde et entrez \u00e0 la cour de ce grand roi pour rencontrer les figures l\u00e9gendaries de ses vaillants guerriers. Tout&#8230;<\/p>\n","protected":false},"featured_media":110272,"template":"","meta":{"_acf_changed":false,"inline_featured_image":false},"product_brand":[],"product_cat":[887],"product_tag":[],"series":[{"id":2173,"name":"Pomme Verte","slug":"pomme-verte"}],"publisher":[{"id":1584,"name":"Cideb","slug":"cideb"}],"class_list":{"0":"post-110694","1":"product","2":"type-product","3":"status-publish","4":"has-post-thumbnail","6":"product_cat-prantsuse-keel","7":"series-pomme-verte","8":"publisher-cideb","10":"first","11":"instock","12":"taxable","13":"shipping-taxable","14":"purchasable","15":"product-type-simple"},"acf":[],"_links":{"self":[{"href":"https:\/\/exlibris.ee\/ru\/wp-json\/wp\/v2\/product\/110694","targetHints":{"allow":["GET"]}}],"collection":[{"href":"https:\/\/exlibris.ee\/ru\/wp-json\/wp\/v2\/product"}],"about":[{"href":"https:\/\/exlibris.ee\/ru\/wp-json\/wp\/v2\/types\/product"}],"wp:featuredmedia":[{"embeddable":true,"href":"https:\/\/exlibris.ee\/ru\/wp-json\/wp\/v2\/media\/110272"}],"wp:attachment":[{"href":"https:\/\/exlibris.ee\/ru\/wp-json\/wp\/v2\/media?parent=110694"}],"wp:term":[{"taxonomy":"product_brand","embeddable":true,"href":"https:\/\/exlibris.ee\/ru\/wp-json\/wp\/v2\/product_brand?post=110694"},{"taxonomy":"product_cat","embeddable":true,"href":"https:\/\/exlibris.ee\/ru\/wp-json\/wp\/v2\/product_cat?post=110694"},{"taxonomy":"product_tag","embeddable":true,"href":"https:\/\/exlibris.ee\/ru\/wp-json\/wp\/v2\/product_tag?post=110694"},{"taxonomy":"series","embeddable":true,"href":"https:\/\/exlibris.ee\/ru\/wp-json\/wp\/v2\/series?post=110694"},{"taxonomy":"publisher","embeddable":true,"href":"https:\/\/exlibris.ee\/ru\/wp-json\/wp\/v2\/publisher?post=110694"}],"curies":[{"name":"wp","href":"https:\/\/api.w.org\/{rel}","templated":true}]}}