{"id":110695,"date":"2024-02-15T03:14:24","date_gmt":"2024-02-15T01:14:24","guid":{"rendered":"https:\/\/exlibris.ee\/toode\/jeanne-darc-a1-a2-cd\/"},"modified":"2026-04-05T19:30:58","modified_gmt":"2026-04-05T16:30:58","slug":"jeanne-darc-a1-a2-cd","status":"publish","type":"product","link":"https:\/\/exlibris.ee\/ru\/produkt\/jeanne-darc-a1-a2-cd\/","title":{"rendered":"Jeanne D\u00b4Arc A1\/A2 + CD"},"content":{"rendered":"<p>Jeanne d\u00b4Arc, h\u00e9ro\u00efne et patronne de France, est un personnage unique : son courage, sa d\u00e9termination et son enthousiasme in\u00e9branlable sont \u00e0 la base d\u00b4une transformation prodigieuse. En moins de deux ans la petite adolescente, timide et illetr\u00e9e, aquiert une \u00e2me guerri\u00e9re et se bat pour son id\u00e9al jusqu\u00b4\u00e0 la conclusion tragique.<br \/>\nSon histoire, enregistr\u00e9e minutieusement dans les actes des proc\u00e9s de condamnation et de r\u00e9habilitation, nous fait conna\u00eetre un destin singulier qui ne manquera pas de passionner les lecteurs.<br \/>\nLe r\u00e9cit est enrichi d\u00b4exercices vari\u00e9s (niveau DELF A1 et A2), de jeux et de dossiers pous l\u00b4approfondissement de la connaissance de l\u00b4\u00e9poque.<br \/>\nUn CD contentant le texte int\u00e9gral et des exercices d\u00b4\u00e9coute accompagnet le livre.<\/p>\n","protected":false},"excerpt":{"rendered":"<p>Jeanne d\u00b4Arc, h\u00e9ro\u00efne et patronne de France, est un personnage unique : son courage, sa d\u00e9termination et son enthousiasme in\u00e9branlable sont \u00e0 la base d\u00b4une transformation prodigieuse. En moins de deux ans la petite adolescente, timide et illetr\u00e9e, aquiert une&#8230;<\/p>\n","protected":false},"featured_media":110308,"template":"","meta":{"_acf_changed":false,"inline_featured_image":false},"product_brand":[],"product_cat":[887],"product_tag":[],"series":[{"id":2173,"name":"Pomme Verte","slug":"pomme-verte"}],"publisher":[{"id":1584,"name":"Cideb","slug":"cideb"}],"class_list":{"0":"post-110695","1":"product","2":"type-product","3":"status-publish","4":"has-post-thumbnail","6":"product_cat-prantsuse-keel","7":"series-pomme-verte","8":"publisher-cideb","10":"first","11":"instock","12":"taxable","13":"shipping-taxable","14":"purchasable","15":"product-type-simple"},"acf":[],"_links":{"self":[{"href":"https:\/\/exlibris.ee\/ru\/wp-json\/wp\/v2\/product\/110695","targetHints":{"allow":["GET"]}}],"collection":[{"href":"https:\/\/exlibris.ee\/ru\/wp-json\/wp\/v2\/product"}],"about":[{"href":"https:\/\/exlibris.ee\/ru\/wp-json\/wp\/v2\/types\/product"}],"wp:featuredmedia":[{"embeddable":true,"href":"https:\/\/exlibris.ee\/ru\/wp-json\/wp\/v2\/media\/110308"}],"wp:attachment":[{"href":"https:\/\/exlibris.ee\/ru\/wp-json\/wp\/v2\/media?parent=110695"}],"wp:term":[{"taxonomy":"product_brand","embeddable":true,"href":"https:\/\/exlibris.ee\/ru\/wp-json\/wp\/v2\/product_brand?post=110695"},{"taxonomy":"product_cat","embeddable":true,"href":"https:\/\/exlibris.ee\/ru\/wp-json\/wp\/v2\/product_cat?post=110695"},{"taxonomy":"product_tag","embeddable":true,"href":"https:\/\/exlibris.ee\/ru\/wp-json\/wp\/v2\/product_tag?post=110695"},{"taxonomy":"series","embeddable":true,"href":"https:\/\/exlibris.ee\/ru\/wp-json\/wp\/v2\/series?post=110695"},{"taxonomy":"publisher","embeddable":true,"href":"https:\/\/exlibris.ee\/ru\/wp-json\/wp\/v2\/publisher?post=110695"}],"curies":[{"name":"wp","href":"https:\/\/api.w.org\/{rel}","templated":true}]}}