{"id":110696,"date":"2024-02-15T03:14:24","date_gmt":"2024-02-15T01:14:24","guid":{"rendered":"https:\/\/exlibris.ee\/toode\/en-provence-cd\/"},"modified":"2026-04-05T19:30:59","modified_gmt":"2026-04-05T16:30:59","slug":"en-provence-cd","status":"publish","type":"product","link":"https:\/\/exlibris.ee\/ru\/produkt\/en-provence-cd\/","title":{"rendered":"En Provence + CD"},"content":{"rendered":"<p>Quatre jeunes Fran\u00e7ais effectuent un voyage en Provence, guid\u00e9s par un \u201cenfant du pays\u201d. D\u2019Arles \u00e0 Nice, ils partent \u00e0 la d\u00e9couverte de la r\u00e9gion la plus touristique de France. Loin des clich\u00e9s et des lieux communs, ils vous feront conna\u00eetre et appr\u00e9cier le patrimoine historique, artistique, folklorique et naturel d\u2019une terre qui a \u00e9t\u00e9 et est encore source in\u00e9puisable d\u2019inspiration. Des exercises de compr\u00e9hension \u00e9crits et oraux, des activit\u00e9s grammaticales et lexicales, des mots crois\u00e9s, des jeux, vous permettront d\u00b4am\u00e9liorer vorte connaissance du fran\u00e7ais et de v\u00e9rifier vos nouvelles comp\u00e9tences.<br \/>\nL\u00b4enregistrement propose tous les dialogues et les exercices d\u00b4\u00e9coute.<br \/>\n\u00c0 la fin de ce p\u00e9riple proven\u00e7al, vous serez pr\u00eats pour organiser vous aussi un vrai s\u00e9jour au soleil du midi.<\/p>\n","protected":false},"excerpt":{"rendered":"<p>Quatre jeunes Fran\u00e7ais effectuent un voyage en Provence, guid\u00e9s par un \u201cenfant du pays\u201d. D\u2019Arles \u00e0 Nice, ils partent \u00e0 la d\u00e9couverte de la r\u00e9gion la plus touristique de France. Loin des clich\u00e9s et des lieux communs, ils vous feront&#8230;<\/p>\n","protected":false},"featured_media":110317,"template":"","meta":{"_acf_changed":false,"inline_featured_image":false},"product_brand":[],"product_cat":[887],"product_tag":[],"series":[{"id":2172,"name":"Lire et Voyager","slug":"lire-et-voyager"}],"publisher":[{"id":1584,"name":"Cideb","slug":"cideb"}],"class_list":{"0":"post-110696","1":"product","2":"type-product","3":"status-publish","4":"has-post-thumbnail","6":"product_cat-prantsuse-keel","7":"series-lire-et-voyager","8":"publisher-cideb","10":"first","11":"instock","12":"taxable","13":"shipping-taxable","14":"purchasable","15":"product-type-simple"},"acf":[],"_links":{"self":[{"href":"https:\/\/exlibris.ee\/ru\/wp-json\/wp\/v2\/product\/110696","targetHints":{"allow":["GET"]}}],"collection":[{"href":"https:\/\/exlibris.ee\/ru\/wp-json\/wp\/v2\/product"}],"about":[{"href":"https:\/\/exlibris.ee\/ru\/wp-json\/wp\/v2\/types\/product"}],"wp:featuredmedia":[{"embeddable":true,"href":"https:\/\/exlibris.ee\/ru\/wp-json\/wp\/v2\/media\/110317"}],"wp:attachment":[{"href":"https:\/\/exlibris.ee\/ru\/wp-json\/wp\/v2\/media?parent=110696"}],"wp:term":[{"taxonomy":"product_brand","embeddable":true,"href":"https:\/\/exlibris.ee\/ru\/wp-json\/wp\/v2\/product_brand?post=110696"},{"taxonomy":"product_cat","embeddable":true,"href":"https:\/\/exlibris.ee\/ru\/wp-json\/wp\/v2\/product_cat?post=110696"},{"taxonomy":"product_tag","embeddable":true,"href":"https:\/\/exlibris.ee\/ru\/wp-json\/wp\/v2\/product_tag?post=110696"},{"taxonomy":"series","embeddable":true,"href":"https:\/\/exlibris.ee\/ru\/wp-json\/wp\/v2\/series?post=110696"},{"taxonomy":"publisher","embeddable":true,"href":"https:\/\/exlibris.ee\/ru\/wp-json\/wp\/v2\/publisher?post=110696"}],"curies":[{"name":"wp","href":"https:\/\/api.w.org\/{rel}","templated":true}]}}