{"id":111319,"date":"2024-02-16T02:21:12","date_gmt":"2024-02-16T00:21:12","guid":{"rendered":"https:\/\/exlibris.ee\/toode\/la-cite-perdue-niveau-a2-cd-audio\/"},"modified":"2026-04-17T14:15:29","modified_gmt":"2026-04-17T11:15:29","slug":"la-cite-perdue-niveau-a2-cd-audio","status":"publish","type":"product","link":"https:\/\/exlibris.ee\/ru\/produkt\/la-cite-perdue-niveau-a2-cd-audio\/","title":{"rendered":"La cit\u00e9 perdue Niveau A2 + CD audio"},"content":{"rendered":"<p>Il fait tr\u00e8s froid. Les journ\u00e9es de marche sont longues pour arriver jusqu\u00b4\u00e0 la Cit\u00e9 Perdue. Tous les membres de la tribu sont fatigu\u00e9s. Il faut se reposer, se r\u00e9chauffer et se nourrir. Alors la tribu se regroupe, s\u00b4arr\u00eat en bas des Monts Brumeux, allume un feu et partage quelques morceaux de viande. mais Thom et sa m\u00e8re restent \u00e0 l\u00b4\u00e9cart car Thom est un enfant maudit&#8230;<\/p>\n","protected":false},"excerpt":{"rendered":"<p>Il fait tr\u00e8s froid. Les journ\u00e9es de marche sont longues pour arriver jusqu\u00b4\u00e0 la Cit\u00e9 Perdue. Tous les membres de la tribu sont fatigu\u00e9s. Il faut se reposer, se r\u00e9chauffer et se nourrir. Alors la tribu se regroupe, s\u00b4arr\u00eat en&#8230;<\/p>\n","protected":false},"featured_media":319480,"template":"","meta":{"_acf_changed":false,"inline_featured_image":false},"product_brand":[],"product_cat":[887],"product_tag":[],"series":[{"id":2179,"name":"LFF (Lire en Fran\u00e7ais Facile)","slug":"lff-lire-en-francais-facile"}],"publisher":[{"id":2180,"name":"Hachette","slug":"hachette"}],"class_list":{"0":"post-111319","1":"product","2":"type-product","3":"status-publish","4":"has-post-thumbnail","6":"product_cat-prantsuse-keel","7":"series-lff-lire-en-francais-facile","8":"publisher-hachette","10":"first","11":"instock","12":"taxable","13":"shipping-taxable","14":"purchasable","15":"product-type-simple"},"acf":[],"_links":{"self":[{"href":"https:\/\/exlibris.ee\/ru\/wp-json\/wp\/v2\/product\/111319","targetHints":{"allow":["GET"]}}],"collection":[{"href":"https:\/\/exlibris.ee\/ru\/wp-json\/wp\/v2\/product"}],"about":[{"href":"https:\/\/exlibris.ee\/ru\/wp-json\/wp\/v2\/types\/product"}],"wp:featuredmedia":[{"embeddable":true,"href":"https:\/\/exlibris.ee\/ru\/wp-json\/wp\/v2\/media\/319480"}],"wp:attachment":[{"href":"https:\/\/exlibris.ee\/ru\/wp-json\/wp\/v2\/media?parent=111319"}],"wp:term":[{"taxonomy":"product_brand","embeddable":true,"href":"https:\/\/exlibris.ee\/ru\/wp-json\/wp\/v2\/product_brand?post=111319"},{"taxonomy":"product_cat","embeddable":true,"href":"https:\/\/exlibris.ee\/ru\/wp-json\/wp\/v2\/product_cat?post=111319"},{"taxonomy":"product_tag","embeddable":true,"href":"https:\/\/exlibris.ee\/ru\/wp-json\/wp\/v2\/product_tag?post=111319"},{"taxonomy":"series","embeddable":true,"href":"https:\/\/exlibris.ee\/ru\/wp-json\/wp\/v2\/series?post=111319"},{"taxonomy":"publisher","embeddable":true,"href":"https:\/\/exlibris.ee\/ru\/wp-json\/wp\/v2\/publisher?post=111319"}],"curies":[{"name":"wp","href":"https:\/\/api.w.org\/{rel}","templated":true}]}}