{"id":111320,"date":"2024-02-16T02:21:12","date_gmt":"2024-02-16T00:21:12","guid":{"rendered":"https:\/\/exlibris.ee\/toode\/cinq-contes-niveau-b1-cd-audio-mp3-maupassant\/"},"modified":"2026-04-03T07:21:17","modified_gmt":"2026-04-03T04:21:17","slug":"cinq-contes-niveau-b1-cd-audio-mp3-maupassant","status":"publish","type":"product","link":"https:\/\/exlibris.ee\/ru\/produkt\/cinq-contes-niveau-b1-cd-audio-mp3-maupassant\/","title":{"rendered":"Cinq contes Niveau B1 + CD audio MP3 (Maupassant)"},"content":{"rendered":"<p>&#171;Souriants ou cocasses, dramatiques ou angoiss\u00e9s, les contes de Maupassant nous entra\u00eenent dans ce monde paysan du XIX\u00e8 si\u00e8cle qui reste pourtant encore si proche.&#187;<\/p>\n","protected":false},"excerpt":{"rendered":"<p>&#171;Souriants ou cocasses, dramatiques ou angoiss\u00e9s, les contes de Maupassant nous entra\u00eenent dans ce monde paysan du XIX\u00e8 si\u00e8cle qui reste pourtant encore si proche.&#187;<\/p>\n","protected":false},"featured_media":111310,"template":"","meta":{"_acf_changed":false,"inline_featured_image":false},"product_brand":[],"product_cat":[887],"product_tag":[],"series":[{"id":2179,"name":"LFF (Lire en Fran\u00e7ais Facile)","slug":"lff-lire-en-francais-facile"}],"publisher":[{"id":2180,"name":"Hachette","slug":"hachette"}],"class_list":{"0":"post-111320","1":"product","2":"type-product","3":"status-publish","4":"has-post-thumbnail","6":"product_cat-prantsuse-keel","7":"series-lff-lire-en-francais-facile","8":"publisher-hachette","10":"first","11":"instock","12":"taxable","13":"shipping-taxable","14":"purchasable","15":"product-type-simple"},"acf":[],"_links":{"self":[{"href":"https:\/\/exlibris.ee\/ru\/wp-json\/wp\/v2\/product\/111320","targetHints":{"allow":["GET"]}}],"collection":[{"href":"https:\/\/exlibris.ee\/ru\/wp-json\/wp\/v2\/product"}],"about":[{"href":"https:\/\/exlibris.ee\/ru\/wp-json\/wp\/v2\/types\/product"}],"wp:featuredmedia":[{"embeddable":true,"href":"https:\/\/exlibris.ee\/ru\/wp-json\/wp\/v2\/media\/111310"}],"wp:attachment":[{"href":"https:\/\/exlibris.ee\/ru\/wp-json\/wp\/v2\/media?parent=111320"}],"wp:term":[{"taxonomy":"product_brand","embeddable":true,"href":"https:\/\/exlibris.ee\/ru\/wp-json\/wp\/v2\/product_brand?post=111320"},{"taxonomy":"product_cat","embeddable":true,"href":"https:\/\/exlibris.ee\/ru\/wp-json\/wp\/v2\/product_cat?post=111320"},{"taxonomy":"product_tag","embeddable":true,"href":"https:\/\/exlibris.ee\/ru\/wp-json\/wp\/v2\/product_tag?post=111320"},{"taxonomy":"series","embeddable":true,"href":"https:\/\/exlibris.ee\/ru\/wp-json\/wp\/v2\/series?post=111320"},{"taxonomy":"publisher","embeddable":true,"href":"https:\/\/exlibris.ee\/ru\/wp-json\/wp\/v2\/publisher?post=111320"}],"curies":[{"name":"wp","href":"https:\/\/api.w.org\/{rel}","templated":true}]}}