{"id":111322,"date":"2024-02-16T02:21:13","date_gmt":"2024-02-16T00:21:13","guid":{"rendered":"https:\/\/exlibris.ee\/toode\/les-trois-mousquetaires-tome-1-niveau-a2-cd-audio-mp3\/"},"modified":"2026-04-17T14:15:30","modified_gmt":"2026-04-17T11:15:30","slug":"les-trois-mousquetaires-tome-1-niveau-a2-cd-audio-mp3","status":"publish","type":"product","link":"https:\/\/exlibris.ee\/ru\/produkt\/les-trois-mousquetaires-tome-1-niveau-a2-cd-audio-mp3\/","title":{"rendered":"Les Trois Mousquetaires, tome 1 Niveau A2 + CD audio MP3"},"content":{"rendered":"<p>D\u00b4Artagnan, un jeune homme tr\u00e8s ambitieux, quitte sa r\u00e9gion de Gascogne. Il arrive \u00e0 Paris et rencontre M. de Tr\u00e9ville, commandant des mousquetaires du roi. Il ne manque pas de courage et, tr\u00e8s vite, il doit affronter en duel les trois mousquetaires Aramis, Athos et Porthos.<\/p>\n","protected":false},"excerpt":{"rendered":"<p>D\u00b4Artagnan, un jeune homme tr\u00e8s ambitieux, quitte sa r\u00e9gion de Gascogne. Il arrive \u00e0 Paris et rencontre M. de Tr\u00e9ville, commandant des mousquetaires du roi. Il ne manque pas de courage et, tr\u00e8s vite, il doit affronter en duel les&#8230;<\/p>\n","protected":false},"featured_media":319483,"template":"","meta":{"_acf_changed":false,"inline_featured_image":false},"product_brand":[],"product_cat":[887],"product_tag":[],"series":[{"id":2179,"name":"LFF (Lire en Fran\u00e7ais Facile)","slug":"lff-lire-en-francais-facile"}],"publisher":[{"id":2180,"name":"Hachette","slug":"hachette"}],"class_list":{"0":"post-111322","1":"product","2":"type-product","3":"status-publish","4":"has-post-thumbnail","6":"product_cat-prantsuse-keel","7":"series-lff-lire-en-francais-facile","8":"publisher-hachette","10":"first","11":"instock","12":"taxable","13":"shipping-taxable","14":"purchasable","15":"product-type-simple"},"acf":[],"_links":{"self":[{"href":"https:\/\/exlibris.ee\/ru\/wp-json\/wp\/v2\/product\/111322","targetHints":{"allow":["GET"]}}],"collection":[{"href":"https:\/\/exlibris.ee\/ru\/wp-json\/wp\/v2\/product"}],"about":[{"href":"https:\/\/exlibris.ee\/ru\/wp-json\/wp\/v2\/types\/product"}],"wp:featuredmedia":[{"embeddable":true,"href":"https:\/\/exlibris.ee\/ru\/wp-json\/wp\/v2\/media\/319483"}],"wp:attachment":[{"href":"https:\/\/exlibris.ee\/ru\/wp-json\/wp\/v2\/media?parent=111322"}],"wp:term":[{"taxonomy":"product_brand","embeddable":true,"href":"https:\/\/exlibris.ee\/ru\/wp-json\/wp\/v2\/product_brand?post=111322"},{"taxonomy":"product_cat","embeddable":true,"href":"https:\/\/exlibris.ee\/ru\/wp-json\/wp\/v2\/product_cat?post=111322"},{"taxonomy":"product_tag","embeddable":true,"href":"https:\/\/exlibris.ee\/ru\/wp-json\/wp\/v2\/product_tag?post=111322"},{"taxonomy":"series","embeddable":true,"href":"https:\/\/exlibris.ee\/ru\/wp-json\/wp\/v2\/series?post=111322"},{"taxonomy":"publisher","embeddable":true,"href":"https:\/\/exlibris.ee\/ru\/wp-json\/wp\/v2\/publisher?post=111322"}],"curies":[{"name":"wp","href":"https:\/\/api.w.org\/{rel}","templated":true}]}}