{"id":111346,"date":"2024-02-16T02:25:59","date_gmt":"2024-02-16T00:25:59","guid":{"rendered":"https:\/\/exlibris.ee\/toode\/aspekte-neu-b1-lehr-arbeitsbuch-teil-2-hybrid\/"},"modified":"2026-04-06T09:07:23","modified_gmt":"2026-04-06T06:07:23","slug":"aspekte-neu-b1-lehr-arbeitsbuch-teil-2-hybrid","status":"publish","type":"product","link":"https:\/\/exlibris.ee\/ru\/produkt\/aspekte-neu-b1-lehr-arbeitsbuch-teil-2-hybrid\/","title":{"rendered":"Aspekte neu B1+, Lehr-\/Arbeitsbuch Teil 2 hybrid"},"content":{"rendered":"<p>Mittelstufe Deutsch. Lehr- und Arbeitsbuch mit Audios Teil 2 inklusive Lizenzschl\u00fcssel allango (24 Monate). Mit der Hybriden Ausgabe erhalten Sie in der Printausgabe einen eingedruckten Lizenzschl\u00fcssel (f\u00fcr Unterrichtende und Lernende) zur Digitalen Ausgabe. So steht Ihnen das Buch auf der Lernplattform allango auch digital zur Verf\u00fcgung und Sie haben digitale Medieninhalte sofort griffbereit. Das Lehr- und Arbeitsbuch (Kapitel 6-10) zu Aspekte neu B1 plus erm\u00f6glicht modularen und linearen Unterrichtbereitet auf das Zertifikat B1 und das Zertifikat Deutsch vorfestigt und erweitert Strukturen und trainiert Fertigkeiten und Strategienenth\u00e4lt attraktive Auftaktseiten und spannende landeskundliche Portr\u00e4tsbietet eine niveaugerechte Ausspracheschulung und alle H\u00f6rtexte zum Arbeitsbuch-Teil online<\/p>\n","protected":false},"excerpt":{"rendered":"<p>Mittelstufe Deutsch. Lehr- und Arbeitsbuch mit Audios Teil 2 inklusive Lizenzschl\u00fcssel allango (24 Monate). Mit der Hybriden Ausgabe erhalten Sie in der Printausgabe einen eingedruckten Lizenzschl\u00fcssel (f\u00fcr Unterrichtende und Lernende) zur Digitalen Ausgabe. So steht Ihnen das Buch auf der&#8230;<\/p>\n","protected":false},"featured_media":111336,"template":"","meta":{"_acf_changed":false,"inline_featured_image":false},"product_brand":[],"product_cat":[538],"product_tag":[],"series":[{"id":855,"name":"Aspekte neu","slug":"aspekte-neu"}],"publisher":[{"id":473,"name":"Klett Verlag","slug":"klett-verlag"}],"class_list":{"0":"post-111346","1":"product","2":"type-product","3":"status-publish","4":"has-post-thumbnail","6":"product_cat-lehrwerke-fur-erwachsene","7":"series-aspekte-neu","8":"publisher-klett-verlag","10":"first","11":"onbackorder","12":"taxable","13":"shipping-taxable","14":"purchasable","15":"product-type-simple"},"acf":[],"_links":{"self":[{"href":"https:\/\/exlibris.ee\/ru\/wp-json\/wp\/v2\/product\/111346","targetHints":{"allow":["GET"]}}],"collection":[{"href":"https:\/\/exlibris.ee\/ru\/wp-json\/wp\/v2\/product"}],"about":[{"href":"https:\/\/exlibris.ee\/ru\/wp-json\/wp\/v2\/types\/product"}],"wp:featuredmedia":[{"embeddable":true,"href":"https:\/\/exlibris.ee\/ru\/wp-json\/wp\/v2\/media\/111336"}],"wp:attachment":[{"href":"https:\/\/exlibris.ee\/ru\/wp-json\/wp\/v2\/media?parent=111346"}],"wp:term":[{"taxonomy":"product_brand","embeddable":true,"href":"https:\/\/exlibris.ee\/ru\/wp-json\/wp\/v2\/product_brand?post=111346"},{"taxonomy":"product_cat","embeddable":true,"href":"https:\/\/exlibris.ee\/ru\/wp-json\/wp\/v2\/product_cat?post=111346"},{"taxonomy":"product_tag","embeddable":true,"href":"https:\/\/exlibris.ee\/ru\/wp-json\/wp\/v2\/product_tag?post=111346"},{"taxonomy":"series","embeddable":true,"href":"https:\/\/exlibris.ee\/ru\/wp-json\/wp\/v2\/series?post=111346"},{"taxonomy":"publisher","embeddable":true,"href":"https:\/\/exlibris.ee\/ru\/wp-json\/wp\/v2\/publisher?post=111346"}],"curies":[{"name":"wp","href":"https:\/\/api.w.org\/{rel}","templated":true}]}}