{"id":111348,"date":"2024-02-16T02:25:59","date_gmt":"2024-02-16T00:25:59","guid":{"rendered":"https:\/\/exlibris.ee\/toode\/kontext-c1-1-kurs-und-ubungsbuch\/"},"modified":"2026-04-17T16:23:30","modified_gmt":"2026-04-17T13:23:30","slug":"kontext-c1-1-kurs-und-ubungsbuch","status":"publish","type":"product","link":"https:\/\/exlibris.ee\/ru\/produkt\/kontext-c1-1-kurs-und-ubungsbuch\/","title":{"rendered":"Kontext C1.1, Kurs- und \u00dcbungsbuch"},"content":{"rendered":"<p>Deutsch als Fremdsprache. Modularer und linearer Aufbau mit Fokus auf allen vier FertigkeitenIntensives Strategietraining und induktive GrammatikvermittlungAufgaben zur Mediation wie z.B. Sprachmittlung und plurikulturelle KompetenzGro\u00dfe Aufgabenvielfalt mit Binnendifferenzierung, Fl\u00fcssigkeitstraining u.v.m.Extraseiten zu &#171;Kommunikation in Alltag und Beruf&#187;Landeskundliche Portr\u00e4ts aus Deutschland, \u00d6sterreich und der SchweizAuthentische Dokumentarfilme zur LandeskundeGrammatik-, Redemittel- und StrategieclipsSpielerisches Zusatzmaterial wie Kahoot!, W\u00f6rterquiz oder LesequizViele Aufgaben im C1-Pr\u00fcfungsformatVorbereitung auf die Pr\u00fcfungen Goethe-Zertifikat C1, telc Deutsch C1, \u00d6SD Zertifikat C1, DSH und TestDaF<\/p>\n","protected":false},"excerpt":{"rendered":"<p>Deutsch als Fremdsprache. Modularer und linearer Aufbau mit Fokus auf allen vier FertigkeitenIntensives Strategietraining und induktive GrammatikvermittlungAufgaben zur Mediation wie z.B. Sprachmittlung und plurikulturelle KompetenzGro\u00dfe Aufgabenvielfalt mit Binnendifferenzierung, Fl\u00fcssigkeitstraining u.v.m.Extraseiten zu &#171;Kommunikation in Alltag und Beruf&#187;Landeskundliche Portr\u00e4ts aus Deutschland, \u00d6sterreich&#8230;<\/p>\n","protected":false},"featured_media":111342,"template":"","meta":{"_acf_changed":false,"inline_featured_image":false},"product_brand":[],"product_cat":[538],"product_tag":[],"series":[{"id":1435,"name":"Kontext","slug":"kontext"}],"publisher":[{"id":473,"name":"Klett Verlag","slug":"klett-verlag"}],"class_list":{"0":"post-111348","1":"product","2":"type-product","3":"status-publish","4":"has-post-thumbnail","6":"product_cat-lehrwerke-fur-erwachsene","7":"series-kontext","8":"publisher-klett-verlag","10":"first","11":"outofstock","12":"taxable","13":"shipping-taxable","14":"purchasable","15":"product-type-simple"},"acf":[],"_links":{"self":[{"href":"https:\/\/exlibris.ee\/ru\/wp-json\/wp\/v2\/product\/111348","targetHints":{"allow":["GET"]}}],"collection":[{"href":"https:\/\/exlibris.ee\/ru\/wp-json\/wp\/v2\/product"}],"about":[{"href":"https:\/\/exlibris.ee\/ru\/wp-json\/wp\/v2\/types\/product"}],"wp:featuredmedia":[{"embeddable":true,"href":"https:\/\/exlibris.ee\/ru\/wp-json\/wp\/v2\/media\/111342"}],"wp:attachment":[{"href":"https:\/\/exlibris.ee\/ru\/wp-json\/wp\/v2\/media?parent=111348"}],"wp:term":[{"taxonomy":"product_brand","embeddable":true,"href":"https:\/\/exlibris.ee\/ru\/wp-json\/wp\/v2\/product_brand?post=111348"},{"taxonomy":"product_cat","embeddable":true,"href":"https:\/\/exlibris.ee\/ru\/wp-json\/wp\/v2\/product_cat?post=111348"},{"taxonomy":"product_tag","embeddable":true,"href":"https:\/\/exlibris.ee\/ru\/wp-json\/wp\/v2\/product_tag?post=111348"},{"taxonomy":"series","embeddable":true,"href":"https:\/\/exlibris.ee\/ru\/wp-json\/wp\/v2\/series?post=111348"},{"taxonomy":"publisher","embeddable":true,"href":"https:\/\/exlibris.ee\/ru\/wp-json\/wp\/v2\/publisher?post=111348"}],"curies":[{"name":"wp","href":"https:\/\/api.w.org\/{rel}","templated":true}]}}