{"id":111349,"date":"2024-02-16T02:26:00","date_gmt":"2024-02-16T00:26:00","guid":{"rendered":"https:\/\/exlibris.ee\/toode\/kontext-c1-2-kurs-und-ubungsbuch-mit-audios-und-videos\/"},"modified":"2026-04-17T15:24:34","modified_gmt":"2026-04-17T12:24:34","slug":"kontext-c1-2-kurs-und-ubungsbuch-mit-audios-und-videos","status":"publish","type":"product","link":"https:\/\/exlibris.ee\/ru\/produkt\/kontext-c1-2-kurs-und-ubungsbuch-mit-audios-und-videos\/","title":{"rendered":"Kontext C1.2 Kurs- und \u00dcbungsbuch mit Audios und Videos"},"content":{"rendered":"<p>Deutsch als Fremdsprache. Kurs- und \u00dcbungsbuch mit Audios und Videos inklusive Lizenzschl\u00fcssel allango (24 Monate). Nachfolger von Aspekte neu, f\u00fchrt Erwachsene ab 16 zu den Niveaus B2 und C1Integrierte Pr\u00fcfungsvorbereitung auf Goethe-Zertifikat, \u00d6SD, telc, DSH und Test-DaF6 Kapitel mit modularem Aufbau und mit gezieltem FertigkeitentrainingAufgaben zu Mediation, Sprachmittlung und kooperativem Lernen gem\u00e4\u00df GER 2020Induktive Grammatikvermittlung in Modul 1 und 3 nach dem Prinzip des selbstentdeckenden LernensIntegrierte Vermittlung von StrategienBewusstmachung von gesprochener vs. geschriebener SpracheFl\u00fcssigkeitstraining auf MittelstufenniveauKommunikation in Alltag und Beruf, kombiniert mit richtig sprechen, richtig schreiben im \u00dcBPortr\u00e4ts mit aktueller Landeskunde, Leseaufgaben \u00fcber Augemented und Recherche-ProjektenAussprachetraining im \u00dcbungsbuchAuthentische topaktuelle Filme, die Landeskunde vermitteln und H\u00f6r-Seh-Verstehen trainierenGrammatik-, Redemittel- und Strategieclips f\u00fcr mehr Anschaulichkeit im UnterrichtUmfangreiches digitales Angebot (Klett Augmented, Digitales Unterrichtspaket, Online-\u00dcbungen, Kahoot u.v.m.)<\/p>\n","protected":false},"excerpt":{"rendered":"<p>Deutsch als Fremdsprache. Kurs- und \u00dcbungsbuch mit Audios und Videos inklusive Lizenzschl\u00fcssel allango (24 Monate). Nachfolger von Aspekte neu, f\u00fchrt Erwachsene ab 16 zu den Niveaus B2 und C1Integrierte Pr\u00fcfungsvorbereitung auf Goethe-Zertifikat, \u00d6SD, telc, DSH und Test-DaF6 Kapitel mit modularem&#8230;<\/p>\n","protected":false},"featured_media":0,"template":"","meta":{"_acf_changed":false,"inline_featured_image":false},"product_brand":[],"product_cat":[538],"product_tag":[],"series":[{"id":1435,"name":"Kontext","slug":"kontext"}],"publisher":[{"id":473,"name":"Klett Verlag","slug":"klett-verlag"}],"class_list":{"0":"post-111349","1":"product","2":"type-product","3":"status-publish","5":"product_cat-lehrwerke-fur-erwachsene","6":"series-kontext","7":"publisher-klett-verlag","9":"first","10":"onbackorder","11":"taxable","12":"shipping-taxable","13":"purchasable","14":"product-type-simple"},"acf":[],"_links":{"self":[{"href":"https:\/\/exlibris.ee\/ru\/wp-json\/wp\/v2\/product\/111349","targetHints":{"allow":["GET"]}}],"collection":[{"href":"https:\/\/exlibris.ee\/ru\/wp-json\/wp\/v2\/product"}],"about":[{"href":"https:\/\/exlibris.ee\/ru\/wp-json\/wp\/v2\/types\/product"}],"wp:attachment":[{"href":"https:\/\/exlibris.ee\/ru\/wp-json\/wp\/v2\/media?parent=111349"}],"wp:term":[{"taxonomy":"product_brand","embeddable":true,"href":"https:\/\/exlibris.ee\/ru\/wp-json\/wp\/v2\/product_brand?post=111349"},{"taxonomy":"product_cat","embeddable":true,"href":"https:\/\/exlibris.ee\/ru\/wp-json\/wp\/v2\/product_cat?post=111349"},{"taxonomy":"product_tag","embeddable":true,"href":"https:\/\/exlibris.ee\/ru\/wp-json\/wp\/v2\/product_tag?post=111349"},{"taxonomy":"series","embeddable":true,"href":"https:\/\/exlibris.ee\/ru\/wp-json\/wp\/v2\/series?post=111349"},{"taxonomy":"publisher","embeddable":true,"href":"https:\/\/exlibris.ee\/ru\/wp-json\/wp\/v2\/publisher?post=111349"}],"curies":[{"name":"wp","href":"https:\/\/api.w.org\/{rel}","templated":true}]}}