{"id":111536,"date":"2024-02-16T03:14:03","date_gmt":"2024-02-16T01:14:03","guid":{"rendered":"https:\/\/exlibris.ee\/toode\/cendrillon\/"},"modified":"2026-04-14T03:40:22","modified_gmt":"2026-04-14T00:40:22","slug":"cendrillon","status":"publish","type":"product","link":"https:\/\/exlibris.ee\/ru\/produkt\/cendrillon\/","title":{"rendered":"CENDRILLON"},"content":{"rendered":"<p>Pauvre Cendrillon ! Elle doit rester \u00e0 la maison pour faire tout le m\u00e9nage pendant que ses m\u00e9chantes s\u0153urs vont au bal. Heureusement, gr\u00e2ce \u00e0 sa marraine la f\u00e9e et \u00e0 ses amis les animaux, elle ira, elle aussi, au bal. Le prince tombe amoureux d\u2019elle, mais, \u00e0 minuit, Cendrillon doit s\u2019enfuir ! Le prince la retrouvera-t-il ?<\/p>\n","protected":false},"excerpt":{"rendered":"<p>Pauvre Cendrillon ! Elle doit rester \u00e0 la maison pour faire tout le m\u00e9nage pendant que ses m\u00e9chantes s\u0153urs vont au bal. Heureusement, gr\u00e2ce \u00e0 sa marraine la f\u00e9e et \u00e0 ses amis les animaux, elle ira, elle aussi, au&#8230;<\/p>\n","protected":false},"featured_media":254897,"template":"","meta":{"_acf_changed":false,"inline_featured_image":false},"product_brand":[],"product_cat":[887],"product_tag":[],"series":[{"id":1603,"name":"Facile \u00e0 lire","slug":"facile-a-lire"}],"publisher":[{"id":1584,"name":"Cideb","slug":"cideb"}],"class_list":{"0":"post-111536","1":"product","2":"type-product","3":"status-publish","4":"has-post-thumbnail","6":"product_cat-prantsuse-keel","7":"series-facile-a-lire","8":"publisher-cideb","10":"first","11":"instock","12":"taxable","13":"shipping-taxable","14":"purchasable","15":"product-type-simple"},"acf":[],"_links":{"self":[{"href":"https:\/\/exlibris.ee\/ru\/wp-json\/wp\/v2\/product\/111536","targetHints":{"allow":["GET"]}}],"collection":[{"href":"https:\/\/exlibris.ee\/ru\/wp-json\/wp\/v2\/product"}],"about":[{"href":"https:\/\/exlibris.ee\/ru\/wp-json\/wp\/v2\/types\/product"}],"wp:featuredmedia":[{"embeddable":true,"href":"https:\/\/exlibris.ee\/ru\/wp-json\/wp\/v2\/media\/254897"}],"wp:attachment":[{"href":"https:\/\/exlibris.ee\/ru\/wp-json\/wp\/v2\/media?parent=111536"}],"wp:term":[{"taxonomy":"product_brand","embeddable":true,"href":"https:\/\/exlibris.ee\/ru\/wp-json\/wp\/v2\/product_brand?post=111536"},{"taxonomy":"product_cat","embeddable":true,"href":"https:\/\/exlibris.ee\/ru\/wp-json\/wp\/v2\/product_cat?post=111536"},{"taxonomy":"product_tag","embeddable":true,"href":"https:\/\/exlibris.ee\/ru\/wp-json\/wp\/v2\/product_tag?post=111536"},{"taxonomy":"series","embeddable":true,"href":"https:\/\/exlibris.ee\/ru\/wp-json\/wp\/v2\/series?post=111536"},{"taxonomy":"publisher","embeddable":true,"href":"https:\/\/exlibris.ee\/ru\/wp-json\/wp\/v2\/publisher?post=111536"}],"curies":[{"name":"wp","href":"https:\/\/api.w.org\/{rel}","templated":true}]}}