{"id":111858,"date":"2024-02-20T02:48:21","date_gmt":"2024-02-20T00:48:21","guid":{"rendered":"https:\/\/exlibris.ee\/toode\/mood-ja-teater-jahitantsudest-moeetendusteni\/"},"modified":"2026-04-14T21:23:19","modified_gmt":"2026-04-14T18:23:19","slug":"mood-ja-teater-jahitantsudest-moeetendusteni","status":"publish","type":"product","link":"https:\/\/exlibris.ee\/ru\/produkt\/mood-ja-teater-jahitantsudest-moeetendusteni\/","title":{"rendered":"Mood ja teater. Jahitantsudest moeetendusteni"},"content":{"rendered":"<p>Mansetid \u00e0 la Hamlet, k\u00fcbar \u201eL\u00f5bus lesk\u201c, kleit \u201ePhaedra\u201c, l\u00f5hna\u00f5li \u201eCarmen\u201c, jakk \u201ePierrot\u201c, keep \u201eAlmaviva\u201c, puuder \u201eRachel\u201c, soeng \u201eIphigeneia Taurises\u201c, faustlik v\u00e4rvitoon, karamellid \u201e\u0160aljapin\u201c \u2026 Laineid l\u00f6\u00f6nud n\u00e4idendid, ooperid, balletid, muusikalid, m\u00fcsteeriumid, atraktsioonid, palaganid ja tsirkuseetendused on aegade h\u00e4marusest olnud moeloojate peamiseks inspiratsiooniallikaks.<\/p>\n<p>Moekunstnikud omakorda valmistasid kost\u00fc\u00fcme ajalooliste ja ultramodernsete lavastuste tarbeks, riietasid kuulsaid n\u00e4itlejannasid ja andsid uutele mudelitele nende j\u00e4rgi nimesid. Kuulsad moemajad paigutasid oma reklaami lehvikutele, teatriplakatitele ja kavalehtele. T\u00e4nap\u00e4eva mood pole v\u00e4hem teatraalne, kollektsioonide esitlused v\u00f5istlevad Broadway lavastustega, lavat\u00e4hed astuvad poodiumile, disainerid kaunistavad argiseid esemeid sulgede, aplikatsioonide ja tikanditega, grimmikunstnikud n\u00f5uavad dramaatilist lavameiki, mida oleks oivaliselt n\u00e4ha ka \u00fclemiselt r\u00f5dult.<\/p>\n<p>Oma uues raamatus \u201eMood ja teater. Jahitantsudest moeetendusteni\u201c toob bestsellerite \u201eMood. K\u00f5ige inimlikum kunst\u201c ning \u201eAadam ja Eeva. Viigilehest skafandrini&#187; autor, moeajaloolane Marina Skulskaja meieni haarava loo moe ja teatri vastastikustest suhetest hilispaleoliitikumist t\u00e4nap\u00e4evani. Autor ehitab sildu muistsetest initsiatsiooniriituste ja avangarddisaini, esivanemate kultuse ja Veneetsia karnevali, narri- ja skomorohhikost\u00fc\u00fcmide ning kunstnike ja luuletajate unikaalse stiili, \u201eVene hooaegade\u201c ja kaasaegse garderoobi vahele, sinna, kus traditsiooniline naiselikkus p\u00f5imub brutaalsusega, praktilisus on \u00fchitatud muinasjutufantaasiaga ja kirev arlekiinikuub pole m\u00f5eldud maskeraadiks vaid tavaliseks seltskondlikuks koosviibimiseks.<br \/>\nSee k\u00f5vakaaneline luksuslik v\u00e4ljaanne sisaldab \u00fcle 300 illustratsiooni.<\/p>\n","protected":false},"excerpt":{"rendered":"<p>Mansetid \u00e0 la Hamlet, k\u00fcbar \u201eL\u00f5bus lesk\u201c, kleit \u201ePhaedra\u201c, l\u00f5hna\u00f5li \u201eCarmen\u201c, jakk \u201ePierrot\u201c, keep \u201eAlmaviva\u201c, puuder \u201eRachel\u201c, soeng \u201eIphigeneia Taurises\u201c, faustlik v\u00e4rvitoon, karamellid \u201e\u0160aljapin\u201c \u2026 Laineid l\u00f6\u00f6nud n\u00e4idendid, ooperid, balletid, muusikalid, m\u00fcsteeriumid, atraktsioonid, palaganid ja tsirkuseetendused on aegade h\u00e4marusest olnud&#8230;<\/p>\n","protected":false},"featured_media":111730,"template":"","meta":{"_acf_changed":false,"inline_featured_image":false},"product_brand":[],"product_cat":[865],"product_tag":[],"series":[],"publisher":[],"class_list":{"0":"post-111858","1":"product","2":"type-product","3":"status-publish","4":"has-post-thumbnail","6":"product_cat-kultuur","8":"first","9":"instock","10":"taxable","11":"shipping-taxable","12":"purchasable","13":"product-type-simple"},"acf":[],"_links":{"self":[{"href":"https:\/\/exlibris.ee\/ru\/wp-json\/wp\/v2\/product\/111858","targetHints":{"allow":["GET"]}}],"collection":[{"href":"https:\/\/exlibris.ee\/ru\/wp-json\/wp\/v2\/product"}],"about":[{"href":"https:\/\/exlibris.ee\/ru\/wp-json\/wp\/v2\/types\/product"}],"wp:featuredmedia":[{"embeddable":true,"href":"https:\/\/exlibris.ee\/ru\/wp-json\/wp\/v2\/media\/111730"}],"wp:attachment":[{"href":"https:\/\/exlibris.ee\/ru\/wp-json\/wp\/v2\/media?parent=111858"}],"wp:term":[{"taxonomy":"product_brand","embeddable":true,"href":"https:\/\/exlibris.ee\/ru\/wp-json\/wp\/v2\/product_brand?post=111858"},{"taxonomy":"product_cat","embeddable":true,"href":"https:\/\/exlibris.ee\/ru\/wp-json\/wp\/v2\/product_cat?post=111858"},{"taxonomy":"product_tag","embeddable":true,"href":"https:\/\/exlibris.ee\/ru\/wp-json\/wp\/v2\/product_tag?post=111858"},{"taxonomy":"series","embeddable":true,"href":"https:\/\/exlibris.ee\/ru\/wp-json\/wp\/v2\/series?post=111858"},{"taxonomy":"publisher","embeddable":true,"href":"https:\/\/exlibris.ee\/ru\/wp-json\/wp\/v2\/publisher?post=111858"}],"curies":[{"name":"wp","href":"https:\/\/api.w.org\/{rel}","templated":true}]}}