{"id":111868,"date":"2024-02-20T03:16:27","date_gmt":"2024-02-20T01:16:27","guid":{"rendered":"https:\/\/exlibris.ee\/toode\/ga-dong-tao\/"},"modified":"2026-04-17T19:48:03","modified_gmt":"2026-04-17T16:48:03","slug":"ga-dong-tao","status":"publish","type":"product","link":"https:\/\/exlibris.ee\/ru\/produkt\/ga-dong-tao\/","title":{"rendered":"Ga Dong Tao"},"content":{"rendered":"<p>&#171;Kes vaatas eile &#171;Lihtsalt Maria&#187; kolmek\u00fcmne kaheksandat seeriat?!&#187; Vastusest sellele k\u00fcsimusele v\u00f5ib s\u00f5ltuda elu v\u00f5i siis koht s\u00f5ja jalust \u00e4ra viivas rongis ja vastuse \u00f5igsuse \u00fcle otsustab selles rongisvagunisaatjast jupijumal. Aga sellega tema v\u00f5im piirdub. Tuntud luuletaja, proosakirjaniku, dramaturgi ja kolumnisti Jelena Skulskaja uued jutud on kui elust v\u00e4lja rebitud katked, mis ei liigu sirgjooneliselt punktist A punkti B, vaid annavad lugejale v\u00f5imaluse haarata rebenenud l\u00f5imeniidist ja sellega t\u00e4ieliku vabaduse otsustada, kuhu lugu v\u00e4lja j\u00f5uab. Kindlasti ei tasu neist l\u00fchijuttudest otsida moraali, pigem iseloomustab neid mustav\u00f5itu, surma piiril tuikuv huumor, lootusrikas lootusetus.<br \/>\nSiia raamatusse j\u00f5udnud l\u00fchijuttude valik p\u00e4lvis 2021. aastal Eesti Kultuurkapitali auhinna.<br \/>\nRaamatu teine osa, pikem jutustus &#171;Amore Mia!&#187; on lummav sulam absurdifilmi stsenaariumist ja visuaalsetel kujunditel m\u00e4ngivast poeemist, kus kaheksa tegelast (nende hulgas kirjanik, taksojuht, politseinik ja kli\u0161eelik blondiin) otsivad mitte autorit, vaid v\u00e4ljap\u00e4\u00e4su olukorrast, kus nad k\u00f5ik ongi autorid ning v\u00e4ljam\u00f5eldisest on \u00e4kitsi saanud reaalsus.<\/p>\n","protected":false},"excerpt":{"rendered":"<p>&#171;Kes vaatas eile &#171;Lihtsalt Maria&#187; kolmek\u00fcmne kaheksandat seeriat?!&#187; Vastusest sellele k\u00fcsimusele v\u00f5ib s\u00f5ltuda elu v\u00f5i siis koht s\u00f5ja jalust \u00e4ra viivas rongis ja vastuse \u00f5igsuse \u00fcle otsustab selles rongisvagunisaatjast jupijumal. Aga sellega tema v\u00f5im piirdub. Tuntud luuletaja, proosakirjaniku, dramaturgi ja&#8230;<\/p>\n","protected":false},"featured_media":111778,"template":"","meta":{"_acf_changed":false,"inline_featured_image":false},"product_brand":[],"product_cat":[870],"product_tag":[],"series":[],"publisher":[{"id":2202,"name":"Originaalne KesKus O\u00dc","slug":"originaalne-keskus-ou"}],"class_list":{"0":"post-111868","1":"product","2":"type-product","3":"status-publish","4":"has-post-thumbnail","6":"product_cat-proosa","7":"publisher-originaalne-keskus-ou","9":"first","10":"instock","11":"taxable","12":"shipping-taxable","13":"purchasable","14":"product-type-simple"},"acf":[],"_links":{"self":[{"href":"https:\/\/exlibris.ee\/ru\/wp-json\/wp\/v2\/product\/111868","targetHints":{"allow":["GET"]}}],"collection":[{"href":"https:\/\/exlibris.ee\/ru\/wp-json\/wp\/v2\/product"}],"about":[{"href":"https:\/\/exlibris.ee\/ru\/wp-json\/wp\/v2\/types\/product"}],"wp:featuredmedia":[{"embeddable":true,"href":"https:\/\/exlibris.ee\/ru\/wp-json\/wp\/v2\/media\/111778"}],"wp:attachment":[{"href":"https:\/\/exlibris.ee\/ru\/wp-json\/wp\/v2\/media?parent=111868"}],"wp:term":[{"taxonomy":"product_brand","embeddable":true,"href":"https:\/\/exlibris.ee\/ru\/wp-json\/wp\/v2\/product_brand?post=111868"},{"taxonomy":"product_cat","embeddable":true,"href":"https:\/\/exlibris.ee\/ru\/wp-json\/wp\/v2\/product_cat?post=111868"},{"taxonomy":"product_tag","embeddable":true,"href":"https:\/\/exlibris.ee\/ru\/wp-json\/wp\/v2\/product_tag?post=111868"},{"taxonomy":"series","embeddable":true,"href":"https:\/\/exlibris.ee\/ru\/wp-json\/wp\/v2\/series?post=111868"},{"taxonomy":"publisher","embeddable":true,"href":"https:\/\/exlibris.ee\/ru\/wp-json\/wp\/v2\/publisher?post=111868"}],"curies":[{"name":"wp","href":"https:\/\/api.w.org\/{rel}","templated":true}]}}