{"id":113293,"date":"2024-02-21T03:19:18","date_gmt":"2024-02-21T01:19:18","guid":{"rendered":"https:\/\/exlibris.ee\/toode\/meine-worter-f-d-schulemwad-digital-edition-allango-e-only\/"},"modified":"2026-04-04T07:21:18","modified_gmt":"2026-04-04T04:21:18","slug":"meine-worter-f-d-schulemwad-digital-edition-allango-e-only","status":"publish","type":"product","link":"https:\/\/exlibris.ee\/ru\/produkt\/meine-worter-f-d-schulemwad-digital-edition-allango-e-only\/","title":{"rendered":"Meine W\u00f6rter f.d.Schule(MWAD) Digital Edition allango, e-only"},"content":{"rendered":"<p>Meine W\u00f6rter f\u00fcr die Schule \u2013 digital version allango,  for teachers\/learners, 24 months. Type or target group &#8212; vocabulary.<\/p>\n","protected":false},"excerpt":{"rendered":"<p>Meine W\u00f6rter f\u00fcr die Schule \u2013 digital version allango, for teachers\/learners, 24 months. Type or target group &#8212; vocabulary.<\/p>\n","protected":false},"featured_media":112809,"template":"","meta":{"_acf_changed":false,"inline_featured_image":false},"product_brand":[],"product_cat":[851],"product_tag":[],"series":[{"id":923,"name":"Meine Welt auf Deutsch","slug":"meine-welt-auf-deutsch"}],"publisher":[{"id":473,"name":"Klett Verlag","slug":"klett-verlag"}],"class_list":{"0":"post-113293","1":"product","2":"type-product","3":"status-publish","4":"has-post-thumbnail","6":"product_cat-lesetexte-deutsch","7":"series-meine-welt-auf-deutsch","8":"publisher-klett-verlag","10":"first","11":"onbackorder","12":"taxable","13":"shipping-taxable","14":"purchasable","15":"product-type-simple"},"acf":[],"_links":{"self":[{"href":"https:\/\/exlibris.ee\/ru\/wp-json\/wp\/v2\/product\/113293","targetHints":{"allow":["GET"]}}],"collection":[{"href":"https:\/\/exlibris.ee\/ru\/wp-json\/wp\/v2\/product"}],"about":[{"href":"https:\/\/exlibris.ee\/ru\/wp-json\/wp\/v2\/types\/product"}],"wp:featuredmedia":[{"embeddable":true,"href":"https:\/\/exlibris.ee\/ru\/wp-json\/wp\/v2\/media\/112809"}],"wp:attachment":[{"href":"https:\/\/exlibris.ee\/ru\/wp-json\/wp\/v2\/media?parent=113293"}],"wp:term":[{"taxonomy":"product_brand","embeddable":true,"href":"https:\/\/exlibris.ee\/ru\/wp-json\/wp\/v2\/product_brand?post=113293"},{"taxonomy":"product_cat","embeddable":true,"href":"https:\/\/exlibris.ee\/ru\/wp-json\/wp\/v2\/product_cat?post=113293"},{"taxonomy":"product_tag","embeddable":true,"href":"https:\/\/exlibris.ee\/ru\/wp-json\/wp\/v2\/product_tag?post=113293"},{"taxonomy":"series","embeddable":true,"href":"https:\/\/exlibris.ee\/ru\/wp-json\/wp\/v2\/series?post=113293"},{"taxonomy":"publisher","embeddable":true,"href":"https:\/\/exlibris.ee\/ru\/wp-json\/wp\/v2\/publisher?post=113293"}],"curies":[{"name":"wp","href":"https:\/\/api.w.org\/{rel}","templated":true}]}}