{"id":116656,"date":"2024-02-24T02:33:42","date_gmt":"2024-02-24T00:33:42","guid":{"rendered":"https:\/\/exlibris.ee\/toode\/magnet-dvd\/"},"modified":"2026-04-19T10:19:27","modified_gmt":"2026-04-19T07:19:27","slug":"magnet-dvd","status":"publish","type":"product","link":"https:\/\/exlibris.ee\/ru\/produkt\/magnet-dvd\/","title":{"rendered":"Magnet DVD"},"content":{"rendered":"<p>Lehrwerk f\u00fcr junge Lerner f\u00fcr die Niveaustufen A1 bis B1 des Gemeinsamen europ\u00e4ischen Referenzrahmens.<br \/>\n7 kurze Filmreportagen bieten interessante Einblicke in den Alltag von Jugendlichen und vertiefen einzelne Lektionsthemen.<br \/>\nMagnet&#8230; einfach anziehend!<br \/>\nPassend zu den Kursb\u00fcchern Magnet A2 und B1.<\/p>\n","protected":false},"excerpt":{"rendered":"<p>Lehrwerk f\u00fcr junge Lerner f\u00fcr die Niveaustufen A1 bis B1 des Gemeinsamen europ\u00e4ischen Referenzrahmens. 7 kurze Filmreportagen bieten interessante Einblicke in den Alltag von Jugendlichen und vertiefen einzelne Lektionsthemen. Magnet&#8230; einfach anziehend! Passend zu den Kursb\u00fcchern Magnet A2 und B1.<\/p>\n","protected":false},"featured_media":111084,"template":"","meta":{"_acf_changed":false,"inline_featured_image":false},"product_brand":[],"product_cat":[477],"product_tag":[],"series":[],"publisher":[{"id":2095,"name":"Klett-Langenscheidt","slug":"klett-langenscheidt"}],"class_list":{"0":"post-116656","1":"product","2":"type-product","3":"status-publish","4":"has-post-thumbnail","6":"product_cat-lehrwerke-fur-jugendliche","7":"publisher-klett-langenscheidt","9":"first","10":"instock","11":"taxable","12":"shipping-taxable","13":"purchasable","14":"product-type-simple"},"acf":[],"_links":{"self":[{"href":"https:\/\/exlibris.ee\/ru\/wp-json\/wp\/v2\/product\/116656","targetHints":{"allow":["GET"]}}],"collection":[{"href":"https:\/\/exlibris.ee\/ru\/wp-json\/wp\/v2\/product"}],"about":[{"href":"https:\/\/exlibris.ee\/ru\/wp-json\/wp\/v2\/types\/product"}],"wp:featuredmedia":[{"embeddable":true,"href":"https:\/\/exlibris.ee\/ru\/wp-json\/wp\/v2\/media\/111084"}],"wp:attachment":[{"href":"https:\/\/exlibris.ee\/ru\/wp-json\/wp\/v2\/media?parent=116656"}],"wp:term":[{"taxonomy":"product_brand","embeddable":true,"href":"https:\/\/exlibris.ee\/ru\/wp-json\/wp\/v2\/product_brand?post=116656"},{"taxonomy":"product_cat","embeddable":true,"href":"https:\/\/exlibris.ee\/ru\/wp-json\/wp\/v2\/product_cat?post=116656"},{"taxonomy":"product_tag","embeddable":true,"href":"https:\/\/exlibris.ee\/ru\/wp-json\/wp\/v2\/product_tag?post=116656"},{"taxonomy":"series","embeddable":true,"href":"https:\/\/exlibris.ee\/ru\/wp-json\/wp\/v2\/series?post=116656"},{"taxonomy":"publisher","embeddable":true,"href":"https:\/\/exlibris.ee\/ru\/wp-json\/wp\/v2\/publisher?post=116656"}],"curies":[{"name":"wp","href":"https:\/\/api.w.org\/{rel}","templated":true}]}}