{"id":116695,"date":"2024-02-27T02:49:54","date_gmt":"2024-02-27T00:49:54","guid":{"rendered":"https:\/\/exlibris.ee\/toode\/kikus-dvd\/"},"modified":"2026-04-13T05:36:18","modified_gmt":"2026-04-13T02:36:18","slug":"kikus-dvd","status":"publish","type":"product","link":"https:\/\/exlibris.ee\/ru\/produkt\/kikus-dvd\/","title":{"rendered":"Kikus DVD"},"content":{"rendered":"<p>Sprachf\u00f6rderung ist seit PISA ein grosses Thema in Kindertagesst\u00e4tten, Grundschulen und anderend Einrichtungen. Mit dieser Informations-DVD erhalten Sie einen Einblick in die KIKUS-Methode zur Sprachf\u00f6rderung Deutsch (+ Erstsprachen) im Vor- und Grundschulalter. <\/p>\n<p>Das KIKUS-Programm wurde von Dr. Edgardis Garlin aus der Praxis konzipiert. Seitdem wurde es in einem Team aus Fachkr\u00e4ften f\u00fcr Deutsch als Fremdsprache, Erzieher\/innen und Grundschullehrer\/innen kontinuierlich weiterentwickelt. <\/p>\n<p>Das KIKUS-Programm umfasst die gezielte Sprachf\u00f6rderung Deutsch in der Kleingruppe, Lehr- und Lehrmaterialien, eine angeleitete Eltern-Kind-Zusammenarbeit zur F\u00f6rderung der Erstsprachen sowie Fort- und Weiterbildungen f\u00fcr p\u00e4dagogische Fachkr\u00e4fte im Zentrum f\u00fcr kindliche Mehrsprachigkeit e.V.<\/p>\n","protected":false},"excerpt":{"rendered":"<p>Sprachf\u00f6rderung ist seit PISA ein grosses Thema in Kindertagesst\u00e4tten, Grundschulen und anderend Einrichtungen. Mit dieser Informations-DVD erhalten Sie einen Einblick in die KIKUS-Methode zur Sprachf\u00f6rderung Deutsch (+ Erstsprachen) im Vor- und Grundschulalter. Das KIKUS-Programm wurde von Dr. Edgardis Garlin aus&#8230;<\/p>\n","protected":false},"featured_media":111210,"template":"","meta":{"_acf_changed":false,"inline_featured_image":false},"product_brand":[],"product_cat":[471],"product_tag":[],"series":[],"publisher":[{"id":497,"name":"Hueber Verlag","slug":"hueber-verlag"}],"class_list":{"0":"post-116695","1":"product","2":"type-product","3":"status-publish","4":"has-post-thumbnail","6":"product_cat-lehrwerke-fur-kinder","7":"publisher-hueber-verlag","9":"first","10":"instock","11":"taxable","12":"shipping-taxable","13":"purchasable","14":"product-type-simple"},"acf":[],"_links":{"self":[{"href":"https:\/\/exlibris.ee\/ru\/wp-json\/wp\/v2\/product\/116695","targetHints":{"allow":["GET"]}}],"collection":[{"href":"https:\/\/exlibris.ee\/ru\/wp-json\/wp\/v2\/product"}],"about":[{"href":"https:\/\/exlibris.ee\/ru\/wp-json\/wp\/v2\/types\/product"}],"wp:featuredmedia":[{"embeddable":true,"href":"https:\/\/exlibris.ee\/ru\/wp-json\/wp\/v2\/media\/111210"}],"wp:attachment":[{"href":"https:\/\/exlibris.ee\/ru\/wp-json\/wp\/v2\/media?parent=116695"}],"wp:term":[{"taxonomy":"product_brand","embeddable":true,"href":"https:\/\/exlibris.ee\/ru\/wp-json\/wp\/v2\/product_brand?post=116695"},{"taxonomy":"product_cat","embeddable":true,"href":"https:\/\/exlibris.ee\/ru\/wp-json\/wp\/v2\/product_cat?post=116695"},{"taxonomy":"product_tag","embeddable":true,"href":"https:\/\/exlibris.ee\/ru\/wp-json\/wp\/v2\/product_tag?post=116695"},{"taxonomy":"series","embeddable":true,"href":"https:\/\/exlibris.ee\/ru\/wp-json\/wp\/v2\/series?post=116695"},{"taxonomy":"publisher","embeddable":true,"href":"https:\/\/exlibris.ee\/ru\/wp-json\/wp\/v2\/publisher?post=116695"}],"curies":[{"name":"wp","href":"https:\/\/api.w.org\/{rel}","templated":true}]}}