{"id":118023,"date":"2024-02-29T02:48:37","date_gmt":"2024-02-29T00:48:37","guid":{"rendered":"https:\/\/exlibris.ee\/toode\/grammatikalische-liebeslieder-cd\/"},"modified":"2026-04-06T09:10:24","modified_gmt":"2026-04-06T06:10:24","slug":"grammatikalische-liebeslieder-cd","status":"publish","type":"product","link":"https:\/\/exlibris.ee\/ru\/produkt\/grammatikalische-liebeslieder-cd\/","title":{"rendered":"Grammatikalische Liebeslieder CD"},"content":{"rendered":"<p>Jedes einzelne dieser Liebeslieder pr\u00e4sentiert, wie nebenbei, eine bestimmte grammatische Struktur der deutschen Sprache. Die Lieder k\u00f6nnen also H\u00f6rern mit einer anderen Muttersprache helfen, bestimmte Eigenarten des Deutschen schneller und sicherer aufzunehmen.<br \/>\nDie Texte halten sich sprachlich auf einfachem Niveau (Stufen A2 bis B1 des Gemeinsamen Europ\u00e4ischen Referenzrahmens). Dessen ungeachet sind sie aber doch voller Poesie, Ironie und tieferer Bedeutung&#8230;<\/p>\n","protected":false},"excerpt":{"rendered":"<p>Jedes einzelne dieser Liebeslieder pr\u00e4sentiert, wie nebenbei, eine bestimmte grammatische Struktur der deutschen Sprache. Die Lieder k\u00f6nnen also H\u00f6rern mit einer anderen Muttersprache helfen, bestimmte Eigenarten des Deutschen schneller und sicherer aufzunehmen. Die Texte halten sich sprachlich auf einfachem Niveau&#8230;<\/p>\n","protected":false},"featured_media":111114,"template":"","meta":{"_acf_changed":false,"inline_featured_image":false},"product_brand":[],"product_cat":[480],"product_tag":[],"series":[],"publisher":[{"id":497,"name":"Hueber Verlag","slug":"hueber-verlag"}],"class_list":{"0":"post-118023","1":"product","2":"type-product","3":"status-publish","4":"has-post-thumbnail","6":"product_cat-grammatiken","7":"publisher-hueber-verlag","9":"first","10":"instock","11":"taxable","12":"shipping-taxable","13":"purchasable","14":"product-type-simple"},"acf":[],"_links":{"self":[{"href":"https:\/\/exlibris.ee\/ru\/wp-json\/wp\/v2\/product\/118023","targetHints":{"allow":["GET"]}}],"collection":[{"href":"https:\/\/exlibris.ee\/ru\/wp-json\/wp\/v2\/product"}],"about":[{"href":"https:\/\/exlibris.ee\/ru\/wp-json\/wp\/v2\/types\/product"}],"wp:featuredmedia":[{"embeddable":true,"href":"https:\/\/exlibris.ee\/ru\/wp-json\/wp\/v2\/media\/111114"}],"wp:attachment":[{"href":"https:\/\/exlibris.ee\/ru\/wp-json\/wp\/v2\/media?parent=118023"}],"wp:term":[{"taxonomy":"product_brand","embeddable":true,"href":"https:\/\/exlibris.ee\/ru\/wp-json\/wp\/v2\/product_brand?post=118023"},{"taxonomy":"product_cat","embeddable":true,"href":"https:\/\/exlibris.ee\/ru\/wp-json\/wp\/v2\/product_cat?post=118023"},{"taxonomy":"product_tag","embeddable":true,"href":"https:\/\/exlibris.ee\/ru\/wp-json\/wp\/v2\/product_tag?post=118023"},{"taxonomy":"series","embeddable":true,"href":"https:\/\/exlibris.ee\/ru\/wp-json\/wp\/v2\/series?post=118023"},{"taxonomy":"publisher","embeddable":true,"href":"https:\/\/exlibris.ee\/ru\/wp-json\/wp\/v2\/publisher?post=118023"}],"curies":[{"name":"wp","href":"https:\/\/api.w.org\/{rel}","templated":true}]}}