{"id":119590,"date":"2024-03-12T03:42:16","date_gmt":"2024-03-12T01:42:16","guid":{"rendered":"https:\/\/exlibris.ee\/toode\/soome-eesti-sonaraamat-suomi-viron-sanakirja\/"},"modified":"2026-04-17T19:53:11","modified_gmt":"2026-04-17T16:53:11","slug":"soome-eesti-sonaraamat-suomi-viron-sanakirja","status":"publish","type":"product","link":"https:\/\/exlibris.ee\/ru\/produkt\/soome-eesti-sonaraamat-suomi-viron-sanakirja\/","title":{"rendered":"Soome-Eesti s\u00f5naraamat &#8212; Suomi-Viron sanakirja"},"content":{"rendered":"<p>\u00dcle 50000 m\u00e4rks\u00f5na, suurem osa soome t\u00fcvis\u00f5nadest, raskemini t\u00f5lgitavad liits\u00f5nad, olulisemad p\u00fcsiv\u00e4ljendid, rohkesti n\u00e4iteid eesti keelest erineva rektsiooniga verbide kasutusest, teavet soome s\u00f5nade h\u00e4\u00e4ldamise ja muutmise kohta.<\/p>\n","protected":false},"excerpt":{"rendered":"<p>\u00dcle 50000 m\u00e4rks\u00f5na, suurem osa soome t\u00fcvis\u00f5nadest, raskemini t\u00f5lgitavad liits\u00f5nad, olulisemad p\u00fcsiv\u00e4ljendid, rohkesti n\u00e4iteid eesti keelest erineva rektsiooniga verbide kasutusest, teavet soome s\u00f5nade h\u00e4\u00e4ldamise ja muutmise kohta.<\/p>\n","protected":false},"featured_media":119560,"template":"","meta":{"_acf_changed":false,"inline_featured_image":false},"product_brand":[],"product_cat":[673],"product_tag":[],"series":[],"publisher":[{"id":2174,"name":"Valgus","slug":"valgus"}],"class_list":{"0":"post-119590","1":"product","2":"type-product","3":"status-publish","4":"has-post-thumbnail","6":"product_cat-soome-keel","7":"publisher-valgus","9":"first","10":"instock","11":"taxable","12":"shipping-taxable","13":"purchasable","14":"product-type-simple"},"acf":[],"_links":{"self":[{"href":"https:\/\/exlibris.ee\/ru\/wp-json\/wp\/v2\/product\/119590","targetHints":{"allow":["GET"]}}],"collection":[{"href":"https:\/\/exlibris.ee\/ru\/wp-json\/wp\/v2\/product"}],"about":[{"href":"https:\/\/exlibris.ee\/ru\/wp-json\/wp\/v2\/types\/product"}],"wp:featuredmedia":[{"embeddable":true,"href":"https:\/\/exlibris.ee\/ru\/wp-json\/wp\/v2\/media\/119560"}],"wp:attachment":[{"href":"https:\/\/exlibris.ee\/ru\/wp-json\/wp\/v2\/media?parent=119590"}],"wp:term":[{"taxonomy":"product_brand","embeddable":true,"href":"https:\/\/exlibris.ee\/ru\/wp-json\/wp\/v2\/product_brand?post=119590"},{"taxonomy":"product_cat","embeddable":true,"href":"https:\/\/exlibris.ee\/ru\/wp-json\/wp\/v2\/product_cat?post=119590"},{"taxonomy":"product_tag","embeddable":true,"href":"https:\/\/exlibris.ee\/ru\/wp-json\/wp\/v2\/product_tag?post=119590"},{"taxonomy":"series","embeddable":true,"href":"https:\/\/exlibris.ee\/ru\/wp-json\/wp\/v2\/series?post=119590"},{"taxonomy":"publisher","embeddable":true,"href":"https:\/\/exlibris.ee\/ru\/wp-json\/wp\/v2\/publisher?post=119590"}],"curies":[{"name":"wp","href":"https:\/\/api.w.org\/{rel}","templated":true}]}}