{"id":119592,"date":"2024-03-12T03:42:17","date_gmt":"2024-03-12T01:42:17","guid":{"rendered":"https:\/\/exlibris.ee\/toode\/tea-rahvasonaraamat-prantsuse-eesti\/"},"modified":"2026-04-14T23:30:39","modified_gmt":"2026-04-14T20:30:39","slug":"tea-rahvasonaraamat-prantsuse-eesti","status":"publish","type":"product","link":"https:\/\/exlibris.ee\/ru\/produkt\/tea-rahvasonaraamat-prantsuse-eesti\/","title":{"rendered":"TEA rahvas\u00f5naraamat. Prantsuse-eesti"},"content":{"rendered":"<p>Prantsuse-eesti rahvas\u00f5naraamat kujutab endast lihtsat ja t\u00e4nap\u00e4evast s\u00f5naraamatut, mis on loodud sellisele kasutajale, kelle teadmised prantsuse keelest pole kuigi p\u00f5hjalikud ega s\u00fcsteemsed. S\u00f5naraamatu s\u00f5naartikli \u00fclesehitus on lihtne ja kasutajas\u00f5bralik. S\u00f5navaravalik vastab t\u00e4nap\u00e4eva kasutaja vajadustele ning annab prantsuse keele kogu olulisema ja igap\u00e4evasema s\u00f5navara koos k\u00f5igi p\u00f5hit\u00e4hendustega. S\u00f5na t\u00e4pset t\u00e4hendust ja kasutusvaldkonda aitavad kiiresti m\u00f5ista ning meelde j\u00e4tta hoolikalt valitud prantsuse v\u00e4ljendid ja prantusekeelsed n\u00e4itelaused, millele on lisatud ka eestikeelne t\u00f5lge.<\/p>\n","protected":false},"excerpt":{"rendered":"<p>Prantsuse-eesti rahvas\u00f5naraamat kujutab endast lihtsat ja t\u00e4nap\u00e4evast s\u00f5naraamatut, mis on loodud sellisele kasutajale, kelle teadmised prantsuse keelest pole kuigi p\u00f5hjalikud ega s\u00fcsteemsed. S\u00f5naraamatu s\u00f5naartikli \u00fclesehitus on lihtne ja kasutajas\u00f5bralik. S\u00f5navaravalik vastab t\u00e4nap\u00e4eva kasutaja vajadustele ning annab prantsuse keele kogu olulisema&#8230;<\/p>\n","protected":false},"featured_media":119566,"template":"","meta":{"_acf_changed":false,"inline_featured_image":false},"product_brand":[],"product_cat":[887],"product_tag":[],"series":[{"id":2290,"name":"TEA rahvas\u00f5naraamat","slug":"tea-rahvasonaraamat"}],"publisher":[{"id":692,"name":"TEA","slug":"tea"}],"class_list":{"0":"post-119592","1":"product","2":"type-product","3":"status-publish","4":"has-post-thumbnail","6":"product_cat-prantsuse-keel","7":"series-tea-rahvasonaraamat","8":"publisher-tea","10":"first","11":"instock","12":"taxable","13":"shipping-taxable","14":"purchasable","15":"product-type-simple"},"acf":[],"_links":{"self":[{"href":"https:\/\/exlibris.ee\/ru\/wp-json\/wp\/v2\/product\/119592","targetHints":{"allow":["GET"]}}],"collection":[{"href":"https:\/\/exlibris.ee\/ru\/wp-json\/wp\/v2\/product"}],"about":[{"href":"https:\/\/exlibris.ee\/ru\/wp-json\/wp\/v2\/types\/product"}],"wp:featuredmedia":[{"embeddable":true,"href":"https:\/\/exlibris.ee\/ru\/wp-json\/wp\/v2\/media\/119566"}],"wp:attachment":[{"href":"https:\/\/exlibris.ee\/ru\/wp-json\/wp\/v2\/media?parent=119592"}],"wp:term":[{"taxonomy":"product_brand","embeddable":true,"href":"https:\/\/exlibris.ee\/ru\/wp-json\/wp\/v2\/product_brand?post=119592"},{"taxonomy":"product_cat","embeddable":true,"href":"https:\/\/exlibris.ee\/ru\/wp-json\/wp\/v2\/product_cat?post=119592"},{"taxonomy":"product_tag","embeddable":true,"href":"https:\/\/exlibris.ee\/ru\/wp-json\/wp\/v2\/product_tag?post=119592"},{"taxonomy":"series","embeddable":true,"href":"https:\/\/exlibris.ee\/ru\/wp-json\/wp\/v2\/series?post=119592"},{"taxonomy":"publisher","embeddable":true,"href":"https:\/\/exlibris.ee\/ru\/wp-json\/wp\/v2\/publisher?post=119592"}],"curies":[{"name":"wp","href":"https:\/\/api.w.org\/{rel}","templated":true}]}}