{"id":119809,"date":"2024-03-14T03:48:58","date_gmt":"2024-03-14T01:48:58","guid":{"rendered":"https:\/\/exlibris.ee\/toode\/%d1%95elections-from-english-classics-with-key\/"},"modified":"2026-04-05T19:39:43","modified_gmt":"2026-04-05T16:39:43","slug":"%d1%95elections-from-english-classics-with-key","status":"publish","type":"product","link":"https:\/\/exlibris.ee\/ru\/produkt\/%d1%95elections-from-english-classics-with-key\/","title":{"rendered":"\u0405elections from English Classics (with key)"},"content":{"rendered":"<p>T\u00f6\u00f6vihik \u0405elections from English Classics on m\u00f5eldud inglise kirjanduse huvilistele 10.-12. klassi \u00f5pilastele. T\u00f6\u00f6vihikust leiavad nii \u00f5pilased kui \u00f5petajad lisamaterjali \u00f5pikute juurde.<\/p>\n","protected":false},"excerpt":{"rendered":"<p>T\u00f6\u00f6vihik \u0405elections from English Classics on m\u00f5eldud inglise kirjanduse huvilistele 10.-12. klassi \u00f5pilastele. T\u00f6\u00f6vihikust leiavad nii \u00f5pilased kui \u00f5petajad lisamaterjali \u00f5pikute juurde.<\/p>\n","protected":false},"featured_media":119675,"template":"","meta":{"_acf_changed":false,"inline_featured_image":false},"product_brand":[],"product_cat":[52],"product_tag":[],"series":[],"publisher":[],"class_list":{"0":"post-119809","1":"product","2":"type-product","3":"status-publish","4":"has-post-thumbnail","6":"product_cat-inglise-keel","8":"first","9":"instock","10":"taxable","11":"shipping-taxable","12":"purchasable","13":"product-type-simple"},"acf":[],"_links":{"self":[{"href":"https:\/\/exlibris.ee\/ru\/wp-json\/wp\/v2\/product\/119809","targetHints":{"allow":["GET"]}}],"collection":[{"href":"https:\/\/exlibris.ee\/ru\/wp-json\/wp\/v2\/product"}],"about":[{"href":"https:\/\/exlibris.ee\/ru\/wp-json\/wp\/v2\/types\/product"}],"wp:featuredmedia":[{"embeddable":true,"href":"https:\/\/exlibris.ee\/ru\/wp-json\/wp\/v2\/media\/119675"}],"wp:attachment":[{"href":"https:\/\/exlibris.ee\/ru\/wp-json\/wp\/v2\/media?parent=119809"}],"wp:term":[{"taxonomy":"product_brand","embeddable":true,"href":"https:\/\/exlibris.ee\/ru\/wp-json\/wp\/v2\/product_brand?post=119809"},{"taxonomy":"product_cat","embeddable":true,"href":"https:\/\/exlibris.ee\/ru\/wp-json\/wp\/v2\/product_cat?post=119809"},{"taxonomy":"product_tag","embeddable":true,"href":"https:\/\/exlibris.ee\/ru\/wp-json\/wp\/v2\/product_tag?post=119809"},{"taxonomy":"series","embeddable":true,"href":"https:\/\/exlibris.ee\/ru\/wp-json\/wp\/v2\/series?post=119809"},{"taxonomy":"publisher","embeddable":true,"href":"https:\/\/exlibris.ee\/ru\/wp-json\/wp\/v2\/publisher?post=119809"}],"curies":[{"name":"wp","href":"https:\/\/api.w.org\/{rel}","templated":true}]}}