{"id":120591,"date":"2024-03-26T02:24:41","date_gmt":"2024-03-26T00:24:41","guid":{"rendered":"https:\/\/exlibris.ee\/toode\/ubungsblatter-per-mausblick-cd-rom\/"},"modified":"2026-04-05T15:27:16","modified_gmt":"2026-04-05T12:27:16","slug":"ubungsblatter-per-mausblick-cd-rom","status":"publish","type":"product","link":"https:\/\/exlibris.ee\/ru\/produkt\/ubungsblatter-per-mausblick-cd-rom\/","title":{"rendered":"\u00dcbungsbl\u00e4tter per Mausklick CD-ROM"},"content":{"rendered":"<p>\u00dcbungsgenerator<br \/>\nDie ideale Arbeitshilfe f\u00fcr Kurzleiter: Gew\u00fcnschten Text laden oder schreiben, \u00dcbungsform anklicken und schon haben Sie eine neue \u00dcbung f\u00fcr Ihre Kursgruppe mit dazugeh\u00f6rigem Kontrollblatt.<br \/>\nDas Programm erstellt aus Ihren Texten \u00dcbungsbl\u00e4tter z.B. zu Pr\u00e4positionen, Konjuktionen, Artikeln und Wortendungen.<\/p>\n","protected":false},"excerpt":{"rendered":"<p>\u00dcbungsgenerator Die ideale Arbeitshilfe f\u00fcr Kurzleiter: Gew\u00fcnschten Text laden oder schreiben, \u00dcbungsform anklicken und schon haben Sie eine neue \u00dcbung f\u00fcr Ihre Kursgruppe mit dazugeh\u00f6rigem Kontrollblatt. Das Programm erstellt aus Ihren Texten \u00dcbungsbl\u00e4tter z.B. zu Pr\u00e4positionen, Konjuktionen, Artikeln und Wortendungen.<\/p>\n","protected":false},"featured_media":111120,"template":"","meta":{"_acf_changed":false,"inline_featured_image":false},"product_brand":[],"product_cat":[558],"product_tag":[],"series":[],"publisher":[{"id":497,"name":"Hueber Verlag","slug":"hueber-verlag"}],"class_list":{"0":"post-120591","1":"product","2":"type-product","3":"status-publish","4":"has-post-thumbnail","6":"product_cat-deutsch-uben","7":"publisher-hueber-verlag","9":"first","10":"instock","11":"taxable","12":"shipping-taxable","13":"purchasable","14":"product-type-simple"},"acf":[],"_links":{"self":[{"href":"https:\/\/exlibris.ee\/ru\/wp-json\/wp\/v2\/product\/120591","targetHints":{"allow":["GET"]}}],"collection":[{"href":"https:\/\/exlibris.ee\/ru\/wp-json\/wp\/v2\/product"}],"about":[{"href":"https:\/\/exlibris.ee\/ru\/wp-json\/wp\/v2\/types\/product"}],"wp:featuredmedia":[{"embeddable":true,"href":"https:\/\/exlibris.ee\/ru\/wp-json\/wp\/v2\/media\/111120"}],"wp:attachment":[{"href":"https:\/\/exlibris.ee\/ru\/wp-json\/wp\/v2\/media?parent=120591"}],"wp:term":[{"taxonomy":"product_brand","embeddable":true,"href":"https:\/\/exlibris.ee\/ru\/wp-json\/wp\/v2\/product_brand?post=120591"},{"taxonomy":"product_cat","embeddable":true,"href":"https:\/\/exlibris.ee\/ru\/wp-json\/wp\/v2\/product_cat?post=120591"},{"taxonomy":"product_tag","embeddable":true,"href":"https:\/\/exlibris.ee\/ru\/wp-json\/wp\/v2\/product_tag?post=120591"},{"taxonomy":"series","embeddable":true,"href":"https:\/\/exlibris.ee\/ru\/wp-json\/wp\/v2\/series?post=120591"},{"taxonomy":"publisher","embeddable":true,"href":"https:\/\/exlibris.ee\/ru\/wp-json\/wp\/v2\/publisher?post=120591"}],"curies":[{"name":"wp","href":"https:\/\/api.w.org\/{rel}","templated":true}]}}