{"id":120592,"date":"2024-03-26T02:24:41","date_gmt":"2024-03-26T00:24:41","guid":{"rendered":"https:\/\/exlibris.ee\/toode\/die-angst-und-der-tod-cd\/"},"modified":"2026-04-05T15:27:17","modified_gmt":"2026-04-05T12:27:17","slug":"die-angst-und-der-tod-cd","status":"publish","type":"product","link":"https:\/\/exlibris.ee\/ru\/produkt\/die-angst-und-der-tod-cd\/","title":{"rendered":"Die Angst und der Tod CD"},"content":{"rendered":"<p>Niveau B1<br \/>\nKrimis mit Carsten Tsara<br \/>\nWas wissen wir \u00fcber die Menschen in unserer N\u00e4he? &#8212; So wenig, dass es unheimlich werden kann. Carsten Tsara denkt \u00fcber das Leben nach und \u00fcber den Tod. Auf einmahl sieht er seine Umwelt mit anderen Augen. Seine Nachbarin bittet ihn um einen kleinen Gefallen. Er betritt in ihrer Abwesenheit ihre Wohnung und macht eine unheimliche Entdeckung&#8230;<\/p>\n","protected":false},"excerpt":{"rendered":"<p>Niveau B1 Krimis mit Carsten Tsara Was wissen wir \u00fcber die Menschen in unserer N\u00e4he? &#8212; So wenig, dass es unheimlich werden kann. Carsten Tsara denkt \u00fcber das Leben nach und \u00fcber den Tod. Auf einmahl sieht er seine Umwelt&#8230;<\/p>\n","protected":false},"featured_media":120308,"template":"","meta":{"_acf_changed":false,"inline_featured_image":false},"product_brand":[],"product_cat":[851],"product_tag":[],"series":[{"id":2327,"name":"H\u00f6rfassung","slug":"horfassung"}],"publisher":[{"id":497,"name":"Hueber Verlag","slug":"hueber-verlag"}],"class_list":{"0":"post-120592","1":"product","2":"type-product","3":"status-publish","4":"has-post-thumbnail","6":"product_cat-lesetexte-deutsch","7":"series-horfassung","8":"publisher-hueber-verlag","10":"first","11":"instock","12":"taxable","13":"shipping-taxable","14":"purchasable","15":"product-type-simple"},"acf":[],"_links":{"self":[{"href":"https:\/\/exlibris.ee\/ru\/wp-json\/wp\/v2\/product\/120592","targetHints":{"allow":["GET"]}}],"collection":[{"href":"https:\/\/exlibris.ee\/ru\/wp-json\/wp\/v2\/product"}],"about":[{"href":"https:\/\/exlibris.ee\/ru\/wp-json\/wp\/v2\/types\/product"}],"wp:featuredmedia":[{"embeddable":true,"href":"https:\/\/exlibris.ee\/ru\/wp-json\/wp\/v2\/media\/120308"}],"wp:attachment":[{"href":"https:\/\/exlibris.ee\/ru\/wp-json\/wp\/v2\/media?parent=120592"}],"wp:term":[{"taxonomy":"product_brand","embeddable":true,"href":"https:\/\/exlibris.ee\/ru\/wp-json\/wp\/v2\/product_brand?post=120592"},{"taxonomy":"product_cat","embeddable":true,"href":"https:\/\/exlibris.ee\/ru\/wp-json\/wp\/v2\/product_cat?post=120592"},{"taxonomy":"product_tag","embeddable":true,"href":"https:\/\/exlibris.ee\/ru\/wp-json\/wp\/v2\/product_tag?post=120592"},{"taxonomy":"series","embeddable":true,"href":"https:\/\/exlibris.ee\/ru\/wp-json\/wp\/v2\/series?post=120592"},{"taxonomy":"publisher","embeddable":true,"href":"https:\/\/exlibris.ee\/ru\/wp-json\/wp\/v2\/publisher?post=120592"}],"curies":[{"name":"wp","href":"https:\/\/api.w.org\/{rel}","templated":true}]}}