{"id":120594,"date":"2024-03-26T02:24:41","date_gmt":"2024-03-26T00:24:41","guid":{"rendered":"https:\/\/exlibris.ee\/toode\/tangram-1b-3-cds\/"},"modified":"2026-04-13T05:28:24","modified_gmt":"2026-04-13T02:28:24","slug":"tangram-1b-3-cds","status":"publish","type":"product","link":"https:\/\/exlibris.ee\/ru\/produkt\/tangram-1b-3-cds\/","title":{"rendered":"Tangram 1B, 3 CDs"},"content":{"rendered":"<p>Kursbuch &amp; Arbeitsbuch<br \/>\nH\u00f6rtexte, Sprech\u00fcbungen und \u00dcbungen zur Phonetik.<br \/>\nDie 3 CDs enthalten alle mit dem Kassettensymbol gekennzeichneten \u00dcbungen des Kursbuchs und des Arbeitsbuchs. Jede \u00dcbung kann direkt angesteuert werden.<\/p>\n","protected":false},"excerpt":{"rendered":"<p>Kursbuch &amp; Arbeitsbuch H\u00f6rtexte, Sprech\u00fcbungen und \u00dcbungen zur Phonetik. Die 3 CDs enthalten alle mit dem Kassettensymbol gekennzeichneten \u00dcbungen des Kursbuchs und des Arbeitsbuchs. Jede \u00dcbung kann direkt angesteuert werden.<\/p>\n","protected":false},"featured_media":120320,"template":"","meta":{"_acf_changed":false,"inline_featured_image":false},"product_brand":[],"product_cat":[470],"product_tag":[],"series":[{"id":1269,"name":"Tangram","slug":"tangram"}],"publisher":[{"id":497,"name":"Hueber Verlag","slug":"hueber-verlag"}],"class_list":{"0":"post-120594","1":"product","2":"type-product","3":"status-publish","4":"has-post-thumbnail","6":"product_cat-saksa-keel","7":"series-tangram","8":"publisher-hueber-verlag","10":"first","11":"instock","12":"taxable","13":"shipping-taxable","14":"purchasable","15":"product-type-simple"},"acf":[],"_links":{"self":[{"href":"https:\/\/exlibris.ee\/ru\/wp-json\/wp\/v2\/product\/120594","targetHints":{"allow":["GET"]}}],"collection":[{"href":"https:\/\/exlibris.ee\/ru\/wp-json\/wp\/v2\/product"}],"about":[{"href":"https:\/\/exlibris.ee\/ru\/wp-json\/wp\/v2\/types\/product"}],"wp:featuredmedia":[{"embeddable":true,"href":"https:\/\/exlibris.ee\/ru\/wp-json\/wp\/v2\/media\/120320"}],"wp:attachment":[{"href":"https:\/\/exlibris.ee\/ru\/wp-json\/wp\/v2\/media?parent=120594"}],"wp:term":[{"taxonomy":"product_brand","embeddable":true,"href":"https:\/\/exlibris.ee\/ru\/wp-json\/wp\/v2\/product_brand?post=120594"},{"taxonomy":"product_cat","embeddable":true,"href":"https:\/\/exlibris.ee\/ru\/wp-json\/wp\/v2\/product_cat?post=120594"},{"taxonomy":"product_tag","embeddable":true,"href":"https:\/\/exlibris.ee\/ru\/wp-json\/wp\/v2\/product_tag?post=120594"},{"taxonomy":"series","embeddable":true,"href":"https:\/\/exlibris.ee\/ru\/wp-json\/wp\/v2\/series?post=120594"},{"taxonomy":"publisher","embeddable":true,"href":"https:\/\/exlibris.ee\/ru\/wp-json\/wp\/v2\/publisher?post=120594"}],"curies":[{"name":"wp","href":"https:\/\/api.w.org\/{rel}","templated":true}]}}