{"id":120606,"date":"2024-03-26T02:26:30","date_gmt":"2024-03-26T00:26:30","guid":{"rendered":"https:\/\/exlibris.ee\/toode\/em-bruckenkurs-2-cds\/"},"modified":"2026-04-16T17:30:57","modified_gmt":"2026-04-16T14:30:57","slug":"em-bruckenkurs-2-cds","status":"publish","type":"product","link":"https:\/\/exlibris.ee\/ru\/produkt\/em-bruckenkurs-2-cds\/","title":{"rendered":"em Br\u00fcckenkurs 2 CDs"},"content":{"rendered":"<p>Kursbuch H\u00f6rtexte, Arbeitsbuch Aussprachetraining<br \/>\nDie CDs enthalten alle H\u00f6rtexte des Kursbuchs und die Aussprache\u00fcbungen des Arbeitsbuchs. Jeder Text kann direkt angesteuert werden.<\/p>\n","protected":false},"excerpt":{"rendered":"<p>Kursbuch H\u00f6rtexte, Arbeitsbuch Aussprachetraining Die CDs enthalten alle H\u00f6rtexte des Kursbuchs und die Aussprache\u00fcbungen des Arbeitsbuchs. Jeder Text kann direkt angesteuert werden.<\/p>\n","protected":false},"featured_media":120359,"template":"","meta":{"_acf_changed":false,"inline_featured_image":false},"product_brand":[],"product_cat":[470],"product_tag":[],"series":[{"id":2330,"name":"em","slug":"em"}],"publisher":[{"id":497,"name":"Hueber Verlag","slug":"hueber-verlag"}],"class_list":{"0":"post-120606","1":"product","2":"type-product","3":"status-publish","4":"has-post-thumbnail","6":"product_cat-saksa-keel","7":"series-em","8":"publisher-hueber-verlag","10":"first","11":"instock","12":"taxable","13":"shipping-taxable","14":"purchasable","15":"product-type-simple"},"acf":[],"_links":{"self":[{"href":"https:\/\/exlibris.ee\/ru\/wp-json\/wp\/v2\/product\/120606","targetHints":{"allow":["GET"]}}],"collection":[{"href":"https:\/\/exlibris.ee\/ru\/wp-json\/wp\/v2\/product"}],"about":[{"href":"https:\/\/exlibris.ee\/ru\/wp-json\/wp\/v2\/types\/product"}],"wp:featuredmedia":[{"embeddable":true,"href":"https:\/\/exlibris.ee\/ru\/wp-json\/wp\/v2\/media\/120359"}],"wp:attachment":[{"href":"https:\/\/exlibris.ee\/ru\/wp-json\/wp\/v2\/media?parent=120606"}],"wp:term":[{"taxonomy":"product_brand","embeddable":true,"href":"https:\/\/exlibris.ee\/ru\/wp-json\/wp\/v2\/product_brand?post=120606"},{"taxonomy":"product_cat","embeddable":true,"href":"https:\/\/exlibris.ee\/ru\/wp-json\/wp\/v2\/product_cat?post=120606"},{"taxonomy":"product_tag","embeddable":true,"href":"https:\/\/exlibris.ee\/ru\/wp-json\/wp\/v2\/product_tag?post=120606"},{"taxonomy":"series","embeddable":true,"href":"https:\/\/exlibris.ee\/ru\/wp-json\/wp\/v2\/series?post=120606"},{"taxonomy":"publisher","embeddable":true,"href":"https:\/\/exlibris.ee\/ru\/wp-json\/wp\/v2\/publisher?post=120606"}],"curies":[{"name":"wp","href":"https:\/\/api.w.org\/{rel}","templated":true}]}}