{"id":120623,"date":"2024-03-26T02:30:01","date_gmt":"2024-03-26T00:30:01","guid":{"rendered":"https:\/\/exlibris.ee\/toode\/tangram-2a-cd\/"},"modified":"2026-04-03T09:18:55","modified_gmt":"2026-04-03T06:18:55","slug":"tangram-2a-cd","status":"publish","type":"product","link":"https:\/\/exlibris.ee\/ru\/produkt\/tangram-2a-cd\/","title":{"rendered":"Tangram 2A, CD"},"content":{"rendered":"<p>Arbeitsbuch<br \/>\nNachklang &#8212; Geschichten vom Franz<br \/>\nH\u00f6rtexte, Sprech\u00fcbungen und \u00dcbungen zur Phonetik.<br \/>\nDiese CD enth\u00e4lt alle mit dem Cassettensymbol &#171;Franz&#187; gekennzeichneten \u00dcbungen des Arbeitsbuchs. Jede \u00dcbung kann direkt angesteuert werden.<\/p>\n","protected":false},"excerpt":{"rendered":"<p>Arbeitsbuch Nachklang &#8212; Geschichten vom Franz H\u00f6rtexte, Sprech\u00fcbungen und \u00dcbungen zur Phonetik. Diese CD enth\u00e4lt alle mit dem Cassettensymbol &#171;Franz&#187; gekennzeichneten \u00dcbungen des Arbeitsbuchs. Jede \u00dcbung kann direkt angesteuert werden.<\/p>\n","protected":false},"featured_media":120398,"template":"","meta":{"_acf_changed":false,"inline_featured_image":false},"product_brand":[],"product_cat":[470],"product_tag":[],"series":[{"id":1269,"name":"Tangram","slug":"tangram"}],"publisher":[{"id":497,"name":"Hueber Verlag","slug":"hueber-verlag"}],"class_list":{"0":"post-120623","1":"product","2":"type-product","3":"status-publish","4":"has-post-thumbnail","6":"product_cat-saksa-keel","7":"series-tangram","8":"publisher-hueber-verlag","10":"first","11":"instock","12":"taxable","13":"shipping-taxable","14":"purchasable","15":"product-type-simple"},"acf":[],"_links":{"self":[{"href":"https:\/\/exlibris.ee\/ru\/wp-json\/wp\/v2\/product\/120623","targetHints":{"allow":["GET"]}}],"collection":[{"href":"https:\/\/exlibris.ee\/ru\/wp-json\/wp\/v2\/product"}],"about":[{"href":"https:\/\/exlibris.ee\/ru\/wp-json\/wp\/v2\/types\/product"}],"wp:featuredmedia":[{"embeddable":true,"href":"https:\/\/exlibris.ee\/ru\/wp-json\/wp\/v2\/media\/120398"}],"wp:attachment":[{"href":"https:\/\/exlibris.ee\/ru\/wp-json\/wp\/v2\/media?parent=120623"}],"wp:term":[{"taxonomy":"product_brand","embeddable":true,"href":"https:\/\/exlibris.ee\/ru\/wp-json\/wp\/v2\/product_brand?post=120623"},{"taxonomy":"product_cat","embeddable":true,"href":"https:\/\/exlibris.ee\/ru\/wp-json\/wp\/v2\/product_cat?post=120623"},{"taxonomy":"product_tag","embeddable":true,"href":"https:\/\/exlibris.ee\/ru\/wp-json\/wp\/v2\/product_tag?post=120623"},{"taxonomy":"series","embeddable":true,"href":"https:\/\/exlibris.ee\/ru\/wp-json\/wp\/v2\/series?post=120623"},{"taxonomy":"publisher","embeddable":true,"href":"https:\/\/exlibris.ee\/ru\/wp-json\/wp\/v2\/publisher?post=120623"}],"curies":[{"name":"wp","href":"https:\/\/api.w.org\/{rel}","templated":true}]}}