{"id":120627,"date":"2024-03-26T02:31:48","date_gmt":"2024-03-26T00:31:48","guid":{"rendered":"https:\/\/exlibris.ee\/toode\/claudia-mallorca-audio-cd-leseheft\/"},"modified":"2026-04-05T15:33:54","modified_gmt":"2026-04-05T12:33:54","slug":"claudia-mallorca-audio-cd-leseheft","status":"publish","type":"product","link":"https:\/\/exlibris.ee\/ru\/produkt\/claudia-mallorca-audio-cd-leseheft\/","title":{"rendered":"Claudia, Mallorca (Audio-CD + Leseheft)"},"content":{"rendered":"<p>Sommer, Sonne, Strand. Die idealen Bedingungen f\u00fcr einen Flirt. Aber Claudia, eine junge \u00c4rztin, ist frustriert. Nach der letzten Beziehung hat sie genug von M\u00e4nnern. Lucy, ihre Zwillingsschwester, m\u00f6chte helfen. Sie hat eine interessante Idee, wie Claudia einen neuen Mann finden kann &#8230;<\/p>\n<p>Gro\u00dfe Gef\u00fchle f\u00fcr die Niveaustufe A1 &#8212; das echte Lese- und H\u00f6rerlebnis schon am Anfang der Grundstufe!<\/p>\n","protected":false},"excerpt":{"rendered":"<p>Sommer, Sonne, Strand. Die idealen Bedingungen f\u00fcr einen Flirt. Aber Claudia, eine junge \u00c4rztin, ist frustriert. Nach der letzten Beziehung hat sie genug von M\u00e4nnern. Lucy, ihre Zwillingsschwester, m\u00f6chte helfen. Sie hat eine interessante Idee, wie Claudia einen neuen Mann&#8230;<\/p>\n","protected":false},"featured_media":57148,"template":"","meta":{"_acf_changed":false,"inline_featured_image":false},"product_brand":[],"product_cat":[851],"product_tag":[],"series":[{"id":2332,"name":"Lese-Novelas","slug":"lese-novelas"}],"publisher":[{"id":497,"name":"Hueber Verlag","slug":"hueber-verlag"}],"class_list":{"0":"post-120627","1":"product","2":"type-product","3":"status-publish","4":"has-post-thumbnail","6":"product_cat-lesetexte-deutsch","7":"series-lese-novelas","8":"publisher-hueber-verlag","10":"first","11":"instock","12":"taxable","13":"shipping-taxable","14":"purchasable","15":"product-type-simple"},"acf":[],"_links":{"self":[{"href":"https:\/\/exlibris.ee\/ru\/wp-json\/wp\/v2\/product\/120627","targetHints":{"allow":["GET"]}}],"collection":[{"href":"https:\/\/exlibris.ee\/ru\/wp-json\/wp\/v2\/product"}],"about":[{"href":"https:\/\/exlibris.ee\/ru\/wp-json\/wp\/v2\/types\/product"}],"wp:featuredmedia":[{"embeddable":true,"href":"https:\/\/exlibris.ee\/ru\/wp-json\/wp\/v2\/media\/57148"}],"wp:attachment":[{"href":"https:\/\/exlibris.ee\/ru\/wp-json\/wp\/v2\/media?parent=120627"}],"wp:term":[{"taxonomy":"product_brand","embeddable":true,"href":"https:\/\/exlibris.ee\/ru\/wp-json\/wp\/v2\/product_brand?post=120627"},{"taxonomy":"product_cat","embeddable":true,"href":"https:\/\/exlibris.ee\/ru\/wp-json\/wp\/v2\/product_cat?post=120627"},{"taxonomy":"product_tag","embeddable":true,"href":"https:\/\/exlibris.ee\/ru\/wp-json\/wp\/v2\/product_tag?post=120627"},{"taxonomy":"series","embeddable":true,"href":"https:\/\/exlibris.ee\/ru\/wp-json\/wp\/v2\/series?post=120627"},{"taxonomy":"publisher","embeddable":true,"href":"https:\/\/exlibris.ee\/ru\/wp-json\/wp\/v2\/publisher?post=120627"}],"curies":[{"name":"wp","href":"https:\/\/api.w.org\/{rel}","templated":true}]}}