{"id":120628,"date":"2024-03-26T02:31:48","date_gmt":"2024-03-26T00:31:48","guid":{"rendered":"https:\/\/exlibris.ee\/toode\/der-taubenfutterer-und-andere-geschichten-cd\/"},"modified":"2026-04-04T03:20:57","modified_gmt":"2026-04-04T00:20:57","slug":"der-taubenfutterer-und-andere-geschichten-cd","status":"publish","type":"product","link":"https:\/\/exlibris.ee\/ru\/produkt\/der-taubenfutterer-und-andere-geschichten-cd\/","title":{"rendered":"Der Taubenf\u00fctterer und andere Geschichten CD"},"content":{"rendered":"<p>Niveau B1<br \/>\nKurzgeschichten gelesen von Karsten Kaie.<br \/>\nDer Autor l\u00e4sst Personen wie du und ich lebendig werden, stellt sie mit Sympathie und Verst\u00e4ndnis dar und macht die Lekt\u00fcre und das Zuh\u00f6ren so zu einem unterhaltsamen Vergn\u00fcgen. Da liegt ein Hauch von liebevollem Am\u00fcsement, manchmal auch von Wehmut \u00fcber den Geschichten, die nicht nur angenehm zu lesen sind, sondern auch zum Nachdenken auffordern.<\/p>\n","protected":false},"excerpt":{"rendered":"<p>Niveau B1 Kurzgeschichten gelesen von Karsten Kaie. Der Autor l\u00e4sst Personen wie du und ich lebendig werden, stellt sie mit Sympathie und Verst\u00e4ndnis dar und macht die Lekt\u00fcre und das Zuh\u00f6ren so zu einem unterhaltsamen Vergn\u00fcgen. Da liegt ein Hauch&#8230;<\/p>\n","protected":false},"featured_media":120404,"template":"","meta":{"_acf_changed":false,"inline_featured_image":false},"product_brand":[],"product_cat":[851],"product_tag":[],"series":[{"id":2327,"name":"H\u00f6rfassung","slug":"horfassung"}],"publisher":[{"id":497,"name":"Hueber Verlag","slug":"hueber-verlag"}],"class_list":{"0":"post-120628","1":"product","2":"type-product","3":"status-publish","4":"has-post-thumbnail","6":"product_cat-lesetexte-deutsch","7":"series-horfassung","8":"publisher-hueber-verlag","10":"first","11":"instock","12":"taxable","13":"shipping-taxable","14":"purchasable","15":"product-type-simple"},"acf":[],"_links":{"self":[{"href":"https:\/\/exlibris.ee\/ru\/wp-json\/wp\/v2\/product\/120628","targetHints":{"allow":["GET"]}}],"collection":[{"href":"https:\/\/exlibris.ee\/ru\/wp-json\/wp\/v2\/product"}],"about":[{"href":"https:\/\/exlibris.ee\/ru\/wp-json\/wp\/v2\/types\/product"}],"wp:featuredmedia":[{"embeddable":true,"href":"https:\/\/exlibris.ee\/ru\/wp-json\/wp\/v2\/media\/120404"}],"wp:attachment":[{"href":"https:\/\/exlibris.ee\/ru\/wp-json\/wp\/v2\/media?parent=120628"}],"wp:term":[{"taxonomy":"product_brand","embeddable":true,"href":"https:\/\/exlibris.ee\/ru\/wp-json\/wp\/v2\/product_brand?post=120628"},{"taxonomy":"product_cat","embeddable":true,"href":"https:\/\/exlibris.ee\/ru\/wp-json\/wp\/v2\/product_cat?post=120628"},{"taxonomy":"product_tag","embeddable":true,"href":"https:\/\/exlibris.ee\/ru\/wp-json\/wp\/v2\/product_tag?post=120628"},{"taxonomy":"series","embeddable":true,"href":"https:\/\/exlibris.ee\/ru\/wp-json\/wp\/v2\/series?post=120628"},{"taxonomy":"publisher","embeddable":true,"href":"https:\/\/exlibris.ee\/ru\/wp-json\/wp\/v2\/publisher?post=120628"}],"curies":[{"name":"wp","href":"https:\/\/api.w.org\/{rel}","templated":true}]}}