{"id":120668,"date":"2024-03-27T02:42:15","date_gmt":"2024-03-27T00:42:15","guid":{"rendered":"https:\/\/exlibris.ee\/toode\/mit-erfolg-zum-zertifikat-deutsch-zum-ubungsbuch\/"},"modified":"2026-04-04T03:12:45","modified_gmt":"2026-04-04T00:12:45","slug":"mit-erfolg-zum-zertifikat-deutsch-zum-ubungsbuch","status":"publish","type":"product","link":"https:\/\/exlibris.ee\/ru\/produkt\/mit-erfolg-zum-zertifikat-deutsch-zum-ubungsbuch\/","title":{"rendered":"Mit Erfolg zum Zertifikat Deutsch Audio CD zum \u00dcbungsbuch"},"content":{"rendered":"<p>Mit Erfolg zum Zertifikat Deutsch &#8212; Ihr \u00dcbungspaket am Ende der Grunstufe Deutsch als Fremdsprache. Mit Erfolg zum Zertifikat Deutsch &#8212; f\u00fcr alle, die sich auf das Zertifikat Deutsch oder auf die Mittelstufe vorbereiten wollen. F\u00fcr Ihren Deutschkurs und zum Selbstlernen.<\/p>\n","protected":false},"excerpt":{"rendered":"<p>Mit Erfolg zum Zertifikat Deutsch &#8212; Ihr \u00dcbungspaket am Ende der Grunstufe Deutsch als Fremdsprache. Mit Erfolg zum Zertifikat Deutsch &#8212; f\u00fcr alle, die sich auf das Zertifikat Deutsch oder auf die Mittelstufe vorbereiten wollen. F\u00fcr Ihren Deutschkurs und zum&#8230;<\/p>\n","protected":false},"featured_media":120293,"template":"","meta":{"_acf_changed":false,"inline_featured_image":false},"product_brand":[],"product_cat":[507],"product_tag":[],"series":[],"publisher":[{"id":2095,"name":"Klett-Langenscheidt","slug":"klett-langenscheidt"}],"class_list":{"0":"post-120668","1":"product","2":"type-product","3":"status-publish","4":"has-post-thumbnail","6":"product_cat-prufungsvorbereitung","7":"publisher-klett-langenscheidt","9":"first","10":"instock","11":"taxable","12":"shipping-taxable","13":"purchasable","14":"product-type-simple"},"acf":[],"_links":{"self":[{"href":"https:\/\/exlibris.ee\/ru\/wp-json\/wp\/v2\/product\/120668","targetHints":{"allow":["GET"]}}],"collection":[{"href":"https:\/\/exlibris.ee\/ru\/wp-json\/wp\/v2\/product"}],"about":[{"href":"https:\/\/exlibris.ee\/ru\/wp-json\/wp\/v2\/types\/product"}],"wp:featuredmedia":[{"embeddable":true,"href":"https:\/\/exlibris.ee\/ru\/wp-json\/wp\/v2\/media\/120293"}],"wp:attachment":[{"href":"https:\/\/exlibris.ee\/ru\/wp-json\/wp\/v2\/media?parent=120668"}],"wp:term":[{"taxonomy":"product_brand","embeddable":true,"href":"https:\/\/exlibris.ee\/ru\/wp-json\/wp\/v2\/product_brand?post=120668"},{"taxonomy":"product_cat","embeddable":true,"href":"https:\/\/exlibris.ee\/ru\/wp-json\/wp\/v2\/product_cat?post=120668"},{"taxonomy":"product_tag","embeddable":true,"href":"https:\/\/exlibris.ee\/ru\/wp-json\/wp\/v2\/product_tag?post=120668"},{"taxonomy":"series","embeddable":true,"href":"https:\/\/exlibris.ee\/ru\/wp-json\/wp\/v2\/series?post=120668"},{"taxonomy":"publisher","embeddable":true,"href":"https:\/\/exlibris.ee\/ru\/wp-json\/wp\/v2\/publisher?post=120668"}],"curies":[{"name":"wp","href":"https:\/\/api.w.org\/{rel}","templated":true}]}}