{"id":120671,"date":"2024-03-27T02:49:21","date_gmt":"2024-03-27T00:49:21","guid":{"rendered":"https:\/\/exlibris.ee\/toode\/sicher-ist-nur-eins-horfassung\/"},"modified":"2026-04-04T03:15:58","modified_gmt":"2026-04-04T00:15:58","slug":"sicher-ist-nur-eins-horfassung","status":"publish","type":"product","link":"https:\/\/exlibris.ee\/ru\/produkt\/sicher-ist-nur-eins-horfassung\/","title":{"rendered":"Sicher ist nur eins H\u00f6rfassung"},"content":{"rendered":"<p>Krimis mit Carsten Tsara<br \/>\nIn einer Hightech-Firma ist eine wichtige Akte verschwunden. Was steckt dahinter? Sicher ist nur eins: Walter Dessauer verliert seinen Job, wenn Detektiv Carsten Tsara den Fall nicht ganz schnell l\u00f6st.<br \/>\nDie CD enth\u00e4lt die H\u00f6rfassung des Leseheftes Sicher ist nur eins &#8212; Niveaustufe A2.<\/p>\n","protected":false},"excerpt":{"rendered":"<p>Krimis mit Carsten Tsara In einer Hightech-Firma ist eine wichtige Akte verschwunden. Was steckt dahinter? Sicher ist nur eins: Walter Dessauer verliert seinen Job, wenn Detektiv Carsten Tsara den Fall nicht ganz schnell l\u00f6st. Die CD enth\u00e4lt die H\u00f6rfassung des&#8230;<\/p>\n","protected":false},"featured_media":120302,"template":"","meta":{"_acf_changed":false,"inline_featured_image":false},"product_brand":[],"product_cat":[851],"product_tag":[],"series":[],"publisher":[{"id":497,"name":"Hueber Verlag","slug":"hueber-verlag"}],"class_list":{"0":"post-120671","1":"product","2":"type-product","3":"status-publish","4":"has-post-thumbnail","6":"product_cat-lesetexte-deutsch","7":"publisher-hueber-verlag","9":"first","10":"instock","11":"taxable","12":"shipping-taxable","13":"purchasable","14":"product-type-simple"},"acf":[],"_links":{"self":[{"href":"https:\/\/exlibris.ee\/ru\/wp-json\/wp\/v2\/product\/120671","targetHints":{"allow":["GET"]}}],"collection":[{"href":"https:\/\/exlibris.ee\/ru\/wp-json\/wp\/v2\/product"}],"about":[{"href":"https:\/\/exlibris.ee\/ru\/wp-json\/wp\/v2\/types\/product"}],"wp:featuredmedia":[{"embeddable":true,"href":"https:\/\/exlibris.ee\/ru\/wp-json\/wp\/v2\/media\/120302"}],"wp:attachment":[{"href":"https:\/\/exlibris.ee\/ru\/wp-json\/wp\/v2\/media?parent=120671"}],"wp:term":[{"taxonomy":"product_brand","embeddable":true,"href":"https:\/\/exlibris.ee\/ru\/wp-json\/wp\/v2\/product_brand?post=120671"},{"taxonomy":"product_cat","embeddable":true,"href":"https:\/\/exlibris.ee\/ru\/wp-json\/wp\/v2\/product_cat?post=120671"},{"taxonomy":"product_tag","embeddable":true,"href":"https:\/\/exlibris.ee\/ru\/wp-json\/wp\/v2\/product_tag?post=120671"},{"taxonomy":"series","embeddable":true,"href":"https:\/\/exlibris.ee\/ru\/wp-json\/wp\/v2\/series?post=120671"},{"taxonomy":"publisher","embeddable":true,"href":"https:\/\/exlibris.ee\/ru\/wp-json\/wp\/v2\/publisher?post=120671"}],"curies":[{"name":"wp","href":"https:\/\/api.w.org\/{rel}","templated":true}]}}