{"id":120673,"date":"2024-03-27T02:49:21","date_gmt":"2024-03-27T00:49:21","guid":{"rendered":"https:\/\/exlibris.ee\/toode\/die-schone-frau-bar-cd\/"},"modified":"2026-04-10T23:30:30","modified_gmt":"2026-04-10T20:30:30","slug":"die-schone-frau-bar-cd","status":"publish","type":"product","link":"https:\/\/exlibris.ee\/ru\/produkt\/die-schone-frau-bar-cd\/","title":{"rendered":"Die sch\u00f6ne Frau B\u00e4r + CD"},"content":{"rendered":"<p>Niveau B1<br \/>\nCarsten Tsara ist Anfang 30 und Privatdetektiv. Er vertraut seiner Intuition und seinem Wahlspruch: Probieren geht \u00fcber Studieren.<br \/>\nFrau B\u00e4r kommt in die Detektei M\u00fcller. Sie hat Angst. Jemand beobachtet sie. Jemand fotografiert sie heimlich und schickt ihr dann die Bilder. Sie will wissen, wer dieser Unbekannte ist. Ein toller Job? Schon, aber leider nicht f\u00fcr Carsten Tsara. Ein anderer Mitarbeiter bekommt den Auftrag. Tsara mischt sich trotzdem ein und&#8230; kommt in grosse Schwierigkeiten.<\/p>\n","protected":false},"excerpt":{"rendered":"<p>Niveau B1 Carsten Tsara ist Anfang 30 und Privatdetektiv. Er vertraut seiner Intuition und seinem Wahlspruch: Probieren geht \u00fcber Studieren. Frau B\u00e4r kommt in die Detektei M\u00fcller. Sie hat Angst. Jemand beobachtet sie. Jemand fotografiert sie heimlich und schickt ihr&#8230;<\/p>\n","protected":false},"featured_media":111123,"template":"","meta":{"_acf_changed":false,"inline_featured_image":false},"product_brand":[],"product_cat":[851],"product_tag":[],"series":[{"id":2338,"name":"H\u00f6rbuch Krimi","slug":"horbuch-krimi"}],"publisher":[{"id":497,"name":"Hueber Verlag","slug":"hueber-verlag"}],"class_list":{"0":"post-120673","1":"product","2":"type-product","3":"status-publish","4":"has-post-thumbnail","6":"product_cat-lesetexte-deutsch","7":"series-horbuch-krimi","8":"publisher-hueber-verlag","10":"first","11":"instock","12":"taxable","13":"shipping-taxable","14":"purchasable","15":"product-type-simple"},"acf":[],"_links":{"self":[{"href":"https:\/\/exlibris.ee\/ru\/wp-json\/wp\/v2\/product\/120673","targetHints":{"allow":["GET"]}}],"collection":[{"href":"https:\/\/exlibris.ee\/ru\/wp-json\/wp\/v2\/product"}],"about":[{"href":"https:\/\/exlibris.ee\/ru\/wp-json\/wp\/v2\/types\/product"}],"wp:featuredmedia":[{"embeddable":true,"href":"https:\/\/exlibris.ee\/ru\/wp-json\/wp\/v2\/media\/111123"}],"wp:attachment":[{"href":"https:\/\/exlibris.ee\/ru\/wp-json\/wp\/v2\/media?parent=120673"}],"wp:term":[{"taxonomy":"product_brand","embeddable":true,"href":"https:\/\/exlibris.ee\/ru\/wp-json\/wp\/v2\/product_brand?post=120673"},{"taxonomy":"product_cat","embeddable":true,"href":"https:\/\/exlibris.ee\/ru\/wp-json\/wp\/v2\/product_cat?post=120673"},{"taxonomy":"product_tag","embeddable":true,"href":"https:\/\/exlibris.ee\/ru\/wp-json\/wp\/v2\/product_tag?post=120673"},{"taxonomy":"series","embeddable":true,"href":"https:\/\/exlibris.ee\/ru\/wp-json\/wp\/v2\/series?post=120673"},{"taxonomy":"publisher","embeddable":true,"href":"https:\/\/exlibris.ee\/ru\/wp-json\/wp\/v2\/publisher?post=120673"}],"curies":[{"name":"wp","href":"https:\/\/api.w.org\/{rel}","templated":true}]}}