{"id":120680,"date":"2024-03-27T02:51:39","date_gmt":"2024-03-27T00:51:39","guid":{"rendered":"https:\/\/exlibris.ee\/toode\/blick-3-2-cds-zum-lehrbuch-band-3\/"},"modified":"2026-04-13T05:28:29","modified_gmt":"2026-04-13T02:28:29","slug":"blick-3-2-cds-zum-lehrbuch-band-3","status":"publish","type":"product","link":"https:\/\/exlibris.ee\/ru\/produkt\/blick-3-2-cds-zum-lehrbuch-band-3\/","title":{"rendered":"Blick 3, 2 CDs zum Lehrbuch BAND 3"},"content":{"rendered":"<p>Mittelstufe Deutsch f\u00fcr Jugendliche und junge Erwachsene.<br \/>\nH\u00f6rtexte und Phonetik\u00fcbungen.<br \/>\nDie beiden CDs enthalten alle mit dem Kassettensymbol gekennzeichneten \u00dcbungen aus dem Lehrbuch. Jede \u00dcbung kann direkt angesteuert werden, auch die Stellen innerhalb der H\u00f6rtexte, die in den Transkriptionen im Lehrerhandbuch mit \/STOP\/ versehen sind.<\/p>\n","protected":false},"excerpt":{"rendered":"<p>Mittelstufe Deutsch f\u00fcr Jugendliche und junge Erwachsene. H\u00f6rtexte und Phonetik\u00fcbungen. Die beiden CDs enthalten alle mit dem Kassettensymbol gekennzeichneten \u00dcbungen aus dem Lehrbuch. Jede \u00dcbung kann direkt angesteuert werden, auch die Stellen innerhalb der H\u00f6rtexte, die in den Transkriptionen im&#8230;<\/p>\n","protected":false},"featured_media":120353,"template":"","meta":{"_acf_changed":false,"inline_featured_image":false},"product_brand":[],"product_cat":[470],"product_tag":[],"series":[],"publisher":[{"id":497,"name":"Hueber Verlag","slug":"hueber-verlag"}],"class_list":{"0":"post-120680","1":"product","2":"type-product","3":"status-publish","4":"has-post-thumbnail","6":"product_cat-saksa-keel","7":"publisher-hueber-verlag","9":"first","10":"instock","11":"taxable","12":"shipping-taxable","13":"purchasable","14":"product-type-simple"},"acf":[],"_links":{"self":[{"href":"https:\/\/exlibris.ee\/ru\/wp-json\/wp\/v2\/product\/120680","targetHints":{"allow":["GET"]}}],"collection":[{"href":"https:\/\/exlibris.ee\/ru\/wp-json\/wp\/v2\/product"}],"about":[{"href":"https:\/\/exlibris.ee\/ru\/wp-json\/wp\/v2\/types\/product"}],"wp:featuredmedia":[{"embeddable":true,"href":"https:\/\/exlibris.ee\/ru\/wp-json\/wp\/v2\/media\/120353"}],"wp:attachment":[{"href":"https:\/\/exlibris.ee\/ru\/wp-json\/wp\/v2\/media?parent=120680"}],"wp:term":[{"taxonomy":"product_brand","embeddable":true,"href":"https:\/\/exlibris.ee\/ru\/wp-json\/wp\/v2\/product_brand?post=120680"},{"taxonomy":"product_cat","embeddable":true,"href":"https:\/\/exlibris.ee\/ru\/wp-json\/wp\/v2\/product_cat?post=120680"},{"taxonomy":"product_tag","embeddable":true,"href":"https:\/\/exlibris.ee\/ru\/wp-json\/wp\/v2\/product_tag?post=120680"},{"taxonomy":"series","embeddable":true,"href":"https:\/\/exlibris.ee\/ru\/wp-json\/wp\/v2\/series?post=120680"},{"taxonomy":"publisher","embeddable":true,"href":"https:\/\/exlibris.ee\/ru\/wp-json\/wp\/v2\/publisher?post=120680"}],"curies":[{"name":"wp","href":"https:\/\/api.w.org\/{rel}","templated":true}]}}