{"id":120682,"date":"2024-03-27T02:53:54","date_gmt":"2024-03-27T00:53:54","guid":{"rendered":"https:\/\/exlibris.ee\/toode\/lehr-und-ubungsbuch-der-deutschen-grammatik-2-cds\/"},"modified":"2026-04-07T21:23:48","modified_gmt":"2026-04-07T18:23:48","slug":"lehr-und-ubungsbuch-der-deutschen-grammatik-2-cds","status":"publish","type":"product","link":"https:\/\/exlibris.ee\/ru\/produkt\/lehr-und-ubungsbuch-der-deutschen-grammatik-2-cds\/","title":{"rendered":"Lehr- und \u00dcbungsbuch der Deutschen Grammatik, 2 CDs"},"content":{"rendered":"<p>Auswahl aus den \u00dcbungen als H\u00f6rverstehens\u00fcbung, als m\u00fcndliche \u00dcbung, zur Kontrolle der L\u00f6sungen. Neubearbeitung. <\/p>\n","protected":false},"excerpt":{"rendered":"<p>Auswahl aus den \u00dcbungen als H\u00f6rverstehens\u00fcbung, als m\u00fcndliche \u00dcbung, zur Kontrolle der L\u00f6sungen. Neubearbeitung.<\/p>\n","protected":false},"featured_media":120392,"template":"","meta":{"_acf_changed":false,"inline_featured_image":false},"product_brand":[],"product_cat":[480],"product_tag":[],"series":[{"id":1133,"name":"Lehr- und \u00dcbungsbuch der deutschen Grammatik","slug":"lehr-und-ubungsbuch-der-deutschen-grammatik"}],"publisher":[{"id":497,"name":"Hueber Verlag","slug":"hueber-verlag"}],"class_list":{"0":"post-120682","1":"product","2":"type-product","3":"status-publish","4":"has-post-thumbnail","6":"product_cat-grammatiken","7":"series-lehr-und-ubungsbuch-der-deutschen-grammatik","8":"publisher-hueber-verlag","10":"first","11":"instock","12":"taxable","13":"shipping-taxable","14":"purchasable","15":"product-type-simple"},"acf":[],"_links":{"self":[{"href":"https:\/\/exlibris.ee\/ru\/wp-json\/wp\/v2\/product\/120682","targetHints":{"allow":["GET"]}}],"collection":[{"href":"https:\/\/exlibris.ee\/ru\/wp-json\/wp\/v2\/product"}],"about":[{"href":"https:\/\/exlibris.ee\/ru\/wp-json\/wp\/v2\/types\/product"}],"wp:featuredmedia":[{"embeddable":true,"href":"https:\/\/exlibris.ee\/ru\/wp-json\/wp\/v2\/media\/120392"}],"wp:attachment":[{"href":"https:\/\/exlibris.ee\/ru\/wp-json\/wp\/v2\/media?parent=120682"}],"wp:term":[{"taxonomy":"product_brand","embeddable":true,"href":"https:\/\/exlibris.ee\/ru\/wp-json\/wp\/v2\/product_brand?post=120682"},{"taxonomy":"product_cat","embeddable":true,"href":"https:\/\/exlibris.ee\/ru\/wp-json\/wp\/v2\/product_cat?post=120682"},{"taxonomy":"product_tag","embeddable":true,"href":"https:\/\/exlibris.ee\/ru\/wp-json\/wp\/v2\/product_tag?post=120682"},{"taxonomy":"series","embeddable":true,"href":"https:\/\/exlibris.ee\/ru\/wp-json\/wp\/v2\/series?post=120682"},{"taxonomy":"publisher","embeddable":true,"href":"https:\/\/exlibris.ee\/ru\/wp-json\/wp\/v2\/publisher?post=120682"}],"curies":[{"name":"wp","href":"https:\/\/api.w.org\/{rel}","templated":true}]}}