{"id":120685,"date":"2024-03-27T03:03:06","date_gmt":"2024-03-27T01:03:06","guid":{"rendered":"https:\/\/exlibris.ee\/toode\/die-fantasien-des-herrn-ropke-und-andere-geschichten-cd-taschenbuch\/"},"modified":"2026-04-14T19:30:45","modified_gmt":"2026-04-14T16:30:45","slug":"die-fantasien-des-herrn-ropke-und-andere-geschichten-cd-taschenbuch","status":"publish","type":"product","link":"https:\/\/exlibris.ee\/ru\/produkt\/die-fantasien-des-herrn-ropke-und-andere-geschichten-cd-taschenbuch\/","title":{"rendered":"Die Fantasien des Herrn R\u00f6pke und andere Geschichten CD + Taschenbuch"},"content":{"rendered":"<p>Niveau B1<br \/>\nSechs Kurzgeschichten, mitten aus dem Leben, pr\u00e4sentieren den Alltag als grosses Abenteuer. Im modernen Grossstadtdschungel zwischen Sofa und Shopping, Fitness und Firma, Badewanne und Bar-Theke gibt der Autor seinen Figuren und den Lesern einige R\u00e4tsel auf (Wer ist meine Frau? Wo ist eigentlich meine Schulklasse? Warum liebst du mich?) und h\u00e4lt so manche \u00dcberraschung f\u00fcr sie bereit. Sie prallen auf harte Realit\u00e4ten und fallen weich in Happyends. Am Ende l\u00e4sst sich ein Fazit ziehen: Das Leheb ist undurchschaubar sch\u00f6n und voller (blauer) Wunder!<\/p>\n","protected":false},"excerpt":{"rendered":"<p>Niveau B1 Sechs Kurzgeschichten, mitten aus dem Leben, pr\u00e4sentieren den Alltag als grosses Abenteuer. Im modernen Grossstadtdschungel zwischen Sofa und Shopping, Fitness und Firma, Badewanne und Bar-Theke gibt der Autor seinen Figuren und den Lesern einige R\u00e4tsel auf (Wer ist&#8230;<\/p>\n","protected":false},"featured_media":111222,"template":"","meta":{"_acf_changed":false,"inline_featured_image":false},"product_brand":[],"product_cat":[851],"product_tag":[],"series":[{"id":2339,"name":"H\u00f6rbuch Kurzgeschichten","slug":"horbuch-kurzgeschichten"}],"publisher":[{"id":497,"name":"Hueber Verlag","slug":"hueber-verlag"}],"class_list":{"0":"post-120685","1":"product","2":"type-product","3":"status-publish","4":"has-post-thumbnail","6":"product_cat-lesetexte-deutsch","7":"series-horbuch-kurzgeschichten","8":"publisher-hueber-verlag","10":"first","11":"instock","12":"taxable","13":"shipping-taxable","14":"purchasable","15":"product-type-simple"},"acf":[],"_links":{"self":[{"href":"https:\/\/exlibris.ee\/ru\/wp-json\/wp\/v2\/product\/120685","targetHints":{"allow":["GET"]}}],"collection":[{"href":"https:\/\/exlibris.ee\/ru\/wp-json\/wp\/v2\/product"}],"about":[{"href":"https:\/\/exlibris.ee\/ru\/wp-json\/wp\/v2\/types\/product"}],"wp:featuredmedia":[{"embeddable":true,"href":"https:\/\/exlibris.ee\/ru\/wp-json\/wp\/v2\/media\/111222"}],"wp:attachment":[{"href":"https:\/\/exlibris.ee\/ru\/wp-json\/wp\/v2\/media?parent=120685"}],"wp:term":[{"taxonomy":"product_brand","embeddable":true,"href":"https:\/\/exlibris.ee\/ru\/wp-json\/wp\/v2\/product_brand?post=120685"},{"taxonomy":"product_cat","embeddable":true,"href":"https:\/\/exlibris.ee\/ru\/wp-json\/wp\/v2\/product_cat?post=120685"},{"taxonomy":"product_tag","embeddable":true,"href":"https:\/\/exlibris.ee\/ru\/wp-json\/wp\/v2\/product_tag?post=120685"},{"taxonomy":"series","embeddable":true,"href":"https:\/\/exlibris.ee\/ru\/wp-json\/wp\/v2\/series?post=120685"},{"taxonomy":"publisher","embeddable":true,"href":"https:\/\/exlibris.ee\/ru\/wp-json\/wp\/v2\/publisher?post=120685"}],"curies":[{"name":"wp","href":"https:\/\/api.w.org\/{rel}","templated":true}]}}