{"id":121518,"date":"2024-04-04T03:19:05","date_gmt":"2024-04-04T00:19:05","guid":{"rendered":"https:\/\/exlibris.ee\/toode\/inglise-eesti-sonaraamat-english-estonian-dictionary\/"},"modified":"2026-04-04T07:15:17","modified_gmt":"2026-04-04T04:15:17","slug":"inglise-eesti-sonaraamat-english-estonian-dictionary","status":"publish","type":"product","link":"https:\/\/exlibris.ee\/ru\/produkt\/inglise-eesti-sonaraamat-english-estonian-dictionary\/","title":{"rendered":"Inglise-eesti s\u00f5naraamat \/ English-Estonian Dictionary"},"content":{"rendered":"<p>\u2022 \u00fcle 37 000 m\u00e4rks\u00f5na<br \/>\n\u2022 uusima s\u00f5navaraga \u00fcldkeele s\u00f5naraamat<br \/>\n\u2022 igap\u00e4evaseks suhtlemiseks vajalikud s\u00f5nad ja v\u00e4ljendi<br \/>\n\u2022 palju s\u00fcnon\u00fc\u00fcme ja \u00fchendtegus\u00f5nu<br \/>\n\u2022 rohkesti praktilisi kasutusn\u00e4iteid<br \/>\n\u2022 h\u00e4\u00e4ldus ja grammatiline info m\u00e4rks\u00f5na juures<br \/>\n\u2022 t\u00e4htsamad ja sagedamini kasutatavad terminid paljudelt elualadelt<br \/>\n\u2022 lihtne ja kasutajas\u00f5bralik \u00fclesehitus<br \/>\n\u2022 lisaosas ebareeglip\u00e4raste tegus\u00f5nade tabel<br \/>\n\u2022 valminud koost\u00f6\u00f6s tunnustatud s\u00f5naraamatukirjastusega HarperCollins<\/p>\n<p>\u201eInglise-eesti s\u00f5naraamat\u201d, mis j\u00e4tkab TEA Kirjastuse \u00fcldkeele s\u00f5nastike sarja, on t\u00e4nap\u00e4evase s\u00f5navaravalikuga teatmeteos, millesse on kogutud eelk\u00f5ige laiale kasutajaskonnale m\u00f5eldud s\u00f5navara. S\u00f5nastik peaks rahuldama nii kogemustega keelekasutaja kui ka algaja vajadusi, nii t\u00e4iskasvanu kui ka \u00f5pilase omi.<br \/>\nS\u00f5naraamat sisaldab rohkem kui 37 000 m\u00e4rks\u00f5na. S\u00f5navara valikul on l\u00e4htutud tegelikust keelekasutusest, seet\u00f5ttu on raamatus palju k\u00f5nekeelseid v\u00e4ljendeid, k\u00e4ibefraase ja \u00fctlemisi, kuid vananenud ning harva kasutatavad s\u00f5nad on v\u00e4lja j\u00e4etud.<br \/>\nS\u00f5naraamatu \u00fclesehitus on lihtne, iga m\u00e4rks\u00f5na juures on toodud h\u00e4\u00e4ldus ning t\u00e4htsam grammatiline teave \u2013 s\u00f5naliik ja ebareeglip\u00e4rased vormid. Esitatud on suur valik \u00fchendtegus\u00f5nu ning palju n\u00e4itefraase, v\u00e4lja on toodud Ameerika ja Briti keelekasutuse erinevused. S\u00f5na kasutamise konteksti kohta annavad teavet oskuss\u00f5navarasse kuulumise ning stiilim\u00e4rgendid. S\u00f5naraamatu l\u00f5pus on inglise keele ebareeglip\u00e4raste tegus\u00f5nade loend.<\/p>\n","protected":false},"excerpt":{"rendered":"<p>\u2022 \u00fcle 37 000 m\u00e4rks\u00f5na \u2022 uusima s\u00f5navaraga \u00fcldkeele s\u00f5naraamat \u2022 igap\u00e4evaseks suhtlemiseks vajalikud s\u00f5nad ja v\u00e4ljendi \u2022 palju s\u00fcnon\u00fc\u00fcme ja \u00fchendtegus\u00f5nu \u2022 rohkesti praktilisi kasutusn\u00e4iteid \u2022 h\u00e4\u00e4ldus ja grammatiline info m\u00e4rks\u00f5na juures \u2022 t\u00e4htsamad ja sagedamini kasutatavad terminid paljudelt&#8230;<\/p>\n","protected":false},"featured_media":121505,"template":"","meta":{"_acf_changed":false,"inline_featured_image":false},"product_brand":[],"product_cat":[58],"product_tag":[],"series":[],"publisher":[{"id":692,"name":"TEA","slug":"tea"}],"class_list":{"0":"post-121518","1":"product","2":"type-product","3":"status-publish","4":"has-post-thumbnail","6":"product_cat-dictionaries-and-references","7":"publisher-tea","9":"first","10":"instock","11":"taxable","12":"shipping-taxable","13":"purchasable","14":"product-type-simple"},"acf":[],"_links":{"self":[{"href":"https:\/\/exlibris.ee\/ru\/wp-json\/wp\/v2\/product\/121518","targetHints":{"allow":["GET"]}}],"collection":[{"href":"https:\/\/exlibris.ee\/ru\/wp-json\/wp\/v2\/product"}],"about":[{"href":"https:\/\/exlibris.ee\/ru\/wp-json\/wp\/v2\/types\/product"}],"wp:featuredmedia":[{"embeddable":true,"href":"https:\/\/exlibris.ee\/ru\/wp-json\/wp\/v2\/media\/121505"}],"wp:attachment":[{"href":"https:\/\/exlibris.ee\/ru\/wp-json\/wp\/v2\/media?parent=121518"}],"wp:term":[{"taxonomy":"product_brand","embeddable":true,"href":"https:\/\/exlibris.ee\/ru\/wp-json\/wp\/v2\/product_brand?post=121518"},{"taxonomy":"product_cat","embeddable":true,"href":"https:\/\/exlibris.ee\/ru\/wp-json\/wp\/v2\/product_cat?post=121518"},{"taxonomy":"product_tag","embeddable":true,"href":"https:\/\/exlibris.ee\/ru\/wp-json\/wp\/v2\/product_tag?post=121518"},{"taxonomy":"series","embeddable":true,"href":"https:\/\/exlibris.ee\/ru\/wp-json\/wp\/v2\/series?post=121518"},{"taxonomy":"publisher","embeddable":true,"href":"https:\/\/exlibris.ee\/ru\/wp-json\/wp\/v2\/publisher?post=121518"}],"curies":[{"name":"wp","href":"https:\/\/api.w.org\/{rel}","templated":true}]}}