{"id":121519,"date":"2024-04-04T03:19:05","date_gmt":"2024-04-04T00:19:05","guid":{"rendered":"https:\/\/exlibris.ee\/toode\/eesti-saksa-sonaraamat-estnisch-deutsches-worterbuch\/"},"modified":"2026-04-05T19:38:49","modified_gmt":"2026-04-05T16:38:49","slug":"eesti-saksa-sonaraamat-estnisch-deutsches-worterbuch","status":"publish","type":"product","link":"https:\/\/exlibris.ee\/ru\/produkt\/eesti-saksa-sonaraamat-estnisch-deutsches-worterbuch\/","title":{"rendered":"Eesti-Saksa s\u00f5naraamat \/ Estnisch-deutsches W\u00f6rterbuch"},"content":{"rendered":"<p>35 000 m\u00e4rks\u00f5na;<br \/>\nt\u00e4nap\u00e4evane \u00fcldkeele s\u00f5naraamat;<br \/>\nk\u00f5ige olulisemad s\u00f5nad ja v\u00e4ljendid igap\u00e4evaseks suhtlemiseks;<br \/>\npalju s\u00fcnon\u00fc\u00fcme, \u00fchend- ja v\u00e4ljendverbe;<br \/>\nesitab m\u00e4rks\u00f5na grammatilise info ja kasutussf\u00e4\u00e4ri;<br \/>\nannab t\u00e4htsamad ja sageli kasutatavad terminid paljudelt aladelt (nt majandus, arvuti, Internet);<br \/>\nlihtne ja kasutajas\u00f5bralik \u00fclesehitus<\/p>\n","protected":false},"excerpt":{"rendered":"<p>35 000 m\u00e4rks\u00f5na; t\u00e4nap\u00e4evane \u00fcldkeele s\u00f5naraamat; k\u00f5ige olulisemad s\u00f5nad ja v\u00e4ljendid igap\u00e4evaseks suhtlemiseks; palju s\u00fcnon\u00fc\u00fcme, \u00fchend- ja v\u00e4ljendverbe; esitab m\u00e4rks\u00f5na grammatilise info ja kasutussf\u00e4\u00e4ri; annab t\u00e4htsamad ja sageli kasutatavad terminid paljudelt aladelt (nt majandus, arvuti, Internet); lihtne ja kasutajas\u00f5bralik \u00fclesehitus<\/p>\n","protected":false},"featured_media":121484,"template":"","meta":{"_acf_changed":false,"inline_featured_image":false},"product_brand":[],"product_cat":[883],"product_tag":[],"series":[],"publisher":[{"id":692,"name":"TEA","slug":"tea"}],"class_list":{"0":"post-121519","1":"product","2":"type-product","3":"status-publish","4":"has-post-thumbnail","6":"product_cat-worterbucher","7":"publisher-tea","9":"first","10":"instock","11":"taxable","12":"shipping-taxable","13":"purchasable","14":"product-type-simple"},"acf":[],"_links":{"self":[{"href":"https:\/\/exlibris.ee\/ru\/wp-json\/wp\/v2\/product\/121519","targetHints":{"allow":["GET"]}}],"collection":[{"href":"https:\/\/exlibris.ee\/ru\/wp-json\/wp\/v2\/product"}],"about":[{"href":"https:\/\/exlibris.ee\/ru\/wp-json\/wp\/v2\/types\/product"}],"wp:featuredmedia":[{"embeddable":true,"href":"https:\/\/exlibris.ee\/ru\/wp-json\/wp\/v2\/media\/121484"}],"wp:attachment":[{"href":"https:\/\/exlibris.ee\/ru\/wp-json\/wp\/v2\/media?parent=121519"}],"wp:term":[{"taxonomy":"product_brand","embeddable":true,"href":"https:\/\/exlibris.ee\/ru\/wp-json\/wp\/v2\/product_brand?post=121519"},{"taxonomy":"product_cat","embeddable":true,"href":"https:\/\/exlibris.ee\/ru\/wp-json\/wp\/v2\/product_cat?post=121519"},{"taxonomy":"product_tag","embeddable":true,"href":"https:\/\/exlibris.ee\/ru\/wp-json\/wp\/v2\/product_tag?post=121519"},{"taxonomy":"series","embeddable":true,"href":"https:\/\/exlibris.ee\/ru\/wp-json\/wp\/v2\/series?post=121519"},{"taxonomy":"publisher","embeddable":true,"href":"https:\/\/exlibris.ee\/ru\/wp-json\/wp\/v2\/publisher?post=121519"}],"curies":[{"name":"wp","href":"https:\/\/api.w.org\/{rel}","templated":true}]}}