{"id":121520,"date":"2024-04-04T03:19:05","date_gmt":"2024-04-04T00:19:05","guid":{"rendered":"https:\/\/exlibris.ee\/toode\/voorsonadcd\/"},"modified":"2026-04-05T19:38:50","modified_gmt":"2026-04-05T16:38:50","slug":"voorsonadcd","status":"publish","type":"product","link":"https:\/\/exlibris.ee\/ru\/produkt\/voorsonadcd\/","title":{"rendered":"V\u00f5\u00f5rs\u00f5nad+CD"},"content":{"rendered":"<p>5000 m\u00e4rks\u00f5na<br \/>\n\u2022 esmatr\u00fckk aprillis 2006<br \/>\n\u2022 k\u00f5va k\u00f6ide + CD-ROM<br \/>\n\u2022 kahev\u00e4rvitr\u00fckk, \u00f5pilases\u00f5bralik kujundus<br \/>\n\u2022 mahukas lisaosa<br \/>\n\u2022 k\u00e4sitleb kooliv\u00f5\u00f5rs\u00f5nu<br \/>\n\u2022 iga s\u00f5naartikkel sisaldab: s\u00f5na k\u00e4\u00e4namist-p\u00f6\u00f6ramist; s\u00f5na p\u00f5hit\u00e4hendust; n\u00e4itelauset v\u00f5i -fraasi; keelekommentaari, mis keskendub mingile kitsaskohale (kas \u00f5igekirjas v\u00f5i t\u00e4henduses)<br \/>\n\u2022 sobib nii p\u00f5hikoolile kui ka g\u00fcmnaasiumile kasutamiseks nii koolis kui ka iseseisvalt kodus<br \/>\n\u2022 annab tuge kontrollt\u00f6\u00f6deks ja eksamiteks valmistumisel<\/p>\n","protected":false},"excerpt":{"rendered":"<p>5000 m\u00e4rks\u00f5na \u2022 esmatr\u00fckk aprillis 2006 \u2022 k\u00f5va k\u00f6ide + CD-ROM \u2022 kahev\u00e4rvitr\u00fckk, \u00f5pilases\u00f5bralik kujundus \u2022 mahukas lisaosa \u2022 k\u00e4sitleb kooliv\u00f5\u00f5rs\u00f5nu \u2022 iga s\u00f5naartikkel sisaldab: s\u00f5na k\u00e4\u00e4namist-p\u00f6\u00f6ramist; s\u00f5na p\u00f5hit\u00e4hendust; n\u00e4itelauset v\u00f5i -fraasi; keelekommentaari, mis keskendub mingile kitsaskohale (kas \u00f5igekirjas v\u00f5i&#8230;<\/p>\n","protected":false},"featured_media":121487,"template":"","meta":{"_acf_changed":false,"inline_featured_image":false},"product_brand":[],"product_cat":[686],"product_tag":[],"series":[],"publisher":[{"id":692,"name":"TEA","slug":"tea"}],"class_list":{"0":"post-121520","1":"product","2":"type-product","3":"status-publish","4":"has-post-thumbnail","6":"product_cat-sonastikud-ja-vestmikud","7":"publisher-tea","9":"first","10":"instock","11":"taxable","12":"shipping-taxable","13":"purchasable","14":"product-type-simple"},"acf":[],"_links":{"self":[{"href":"https:\/\/exlibris.ee\/ru\/wp-json\/wp\/v2\/product\/121520","targetHints":{"allow":["GET"]}}],"collection":[{"href":"https:\/\/exlibris.ee\/ru\/wp-json\/wp\/v2\/product"}],"about":[{"href":"https:\/\/exlibris.ee\/ru\/wp-json\/wp\/v2\/types\/product"}],"wp:featuredmedia":[{"embeddable":true,"href":"https:\/\/exlibris.ee\/ru\/wp-json\/wp\/v2\/media\/121487"}],"wp:attachment":[{"href":"https:\/\/exlibris.ee\/ru\/wp-json\/wp\/v2\/media?parent=121520"}],"wp:term":[{"taxonomy":"product_brand","embeddable":true,"href":"https:\/\/exlibris.ee\/ru\/wp-json\/wp\/v2\/product_brand?post=121520"},{"taxonomy":"product_cat","embeddable":true,"href":"https:\/\/exlibris.ee\/ru\/wp-json\/wp\/v2\/product_cat?post=121520"},{"taxonomy":"product_tag","embeddable":true,"href":"https:\/\/exlibris.ee\/ru\/wp-json\/wp\/v2\/product_tag?post=121520"},{"taxonomy":"series","embeddable":true,"href":"https:\/\/exlibris.ee\/ru\/wp-json\/wp\/v2\/series?post=121520"},{"taxonomy":"publisher","embeddable":true,"href":"https:\/\/exlibris.ee\/ru\/wp-json\/wp\/v2\/publisher?post=121520"}],"curies":[{"name":"wp","href":"https:\/\/api.w.org\/{rel}","templated":true}]}}