{"id":121521,"date":"2024-04-04T03:19:06","date_gmt":"2024-04-04T00:19:06","guid":{"rendered":"https:\/\/exlibris.ee\/toode\/tea-rahvasonaraamat-inglise-eesti\/"},"modified":"2026-04-14T05:24:56","modified_gmt":"2026-04-14T02:24:56","slug":"tea-rahvasonaraamat-inglise-eesti","status":"publish","type":"product","link":"https:\/\/exlibris.ee\/ru\/produkt\/tea-rahvasonaraamat-inglise-eesti\/","title":{"rendered":"TEA rahvas\u00f5naraamat. Inglise-eesti"},"content":{"rendered":"<p>\u2022 15 000 m\u00e4rks\u00f5na<br \/>\n\u2022 lisaosas ebareeglip\u00e4rased verbid<br \/>\n\u2022 s\u00f5navaravalik on tehtud sageduse alusel<br \/>\n\u2022 sisaldab rohkesti v\u00e4ljendeid ja kasutusn\u00e4iteid<br \/>\n\u2022 keelekasutuse ja grammatika kommentaarid<br \/>\n\u2022 iga m\u00e4rks\u00f5na on varustatud h\u00e4\u00e4ldusega<\/p>\n<p>Neisse s\u00f5naraamatutesse koondunud info sisaldab k\u00f5ike seda, mida tavakasutaja s\u00f5naraamatutest otsib: alates olulisimast, sellest, mida s\u00f5nad t\u00e4hendavad, kuidas neid \u00f5igesti kasutada ning l\u00f5petades grammatilise infoga ja kasutaja erilist t\u00e4helepanu n\u00f5udvate veaohtlike kohtade kommenteerimisega.<\/p>\n","protected":false},"excerpt":{"rendered":"<p>\u2022 15 000 m\u00e4rks\u00f5na \u2022 lisaosas ebareeglip\u00e4rased verbid \u2022 s\u00f5navaravalik on tehtud sageduse alusel \u2022 sisaldab rohkesti v\u00e4ljendeid ja kasutusn\u00e4iteid \u2022 keelekasutuse ja grammatika kommentaarid \u2022 iga m\u00e4rks\u00f5na on varustatud h\u00e4\u00e4ldusega Neisse s\u00f5naraamatutesse koondunud info sisaldab k\u00f5ike seda, mida tavakasutaja&#8230;<\/p>\n","protected":false},"featured_media":121499,"template":"","meta":{"_acf_changed":false,"inline_featured_image":false},"product_brand":[],"product_cat":[58],"product_tag":[],"series":[{"id":2290,"name":"TEA rahvas\u00f5naraamat","slug":"tea-rahvasonaraamat"}],"publisher":[{"id":692,"name":"TEA","slug":"tea"}],"class_list":{"0":"post-121521","1":"product","2":"type-product","3":"status-publish","4":"has-post-thumbnail","6":"product_cat-dictionaries-and-references","7":"series-tea-rahvasonaraamat","8":"publisher-tea","10":"first","11":"onbackorder","12":"taxable","13":"shipping-taxable","14":"purchasable","15":"product-type-simple"},"acf":[],"_links":{"self":[{"href":"https:\/\/exlibris.ee\/ru\/wp-json\/wp\/v2\/product\/121521","targetHints":{"allow":["GET"]}}],"collection":[{"href":"https:\/\/exlibris.ee\/ru\/wp-json\/wp\/v2\/product"}],"about":[{"href":"https:\/\/exlibris.ee\/ru\/wp-json\/wp\/v2\/types\/product"}],"wp:featuredmedia":[{"embeddable":true,"href":"https:\/\/exlibris.ee\/ru\/wp-json\/wp\/v2\/media\/121499"}],"wp:attachment":[{"href":"https:\/\/exlibris.ee\/ru\/wp-json\/wp\/v2\/media?parent=121521"}],"wp:term":[{"taxonomy":"product_brand","embeddable":true,"href":"https:\/\/exlibris.ee\/ru\/wp-json\/wp\/v2\/product_brand?post=121521"},{"taxonomy":"product_cat","embeddable":true,"href":"https:\/\/exlibris.ee\/ru\/wp-json\/wp\/v2\/product_cat?post=121521"},{"taxonomy":"product_tag","embeddable":true,"href":"https:\/\/exlibris.ee\/ru\/wp-json\/wp\/v2\/product_tag?post=121521"},{"taxonomy":"series","embeddable":true,"href":"https:\/\/exlibris.ee\/ru\/wp-json\/wp\/v2\/series?post=121521"},{"taxonomy":"publisher","embeddable":true,"href":"https:\/\/exlibris.ee\/ru\/wp-json\/wp\/v2\/publisher?post=121521"}],"curies":[{"name":"wp","href":"https:\/\/api.w.org\/{rel}","templated":true}]}}